{"id":9581,"date":"2016-05-21T10:36:12","date_gmt":"2016-05-21T08:36:12","guid":{"rendered":"https:\/\/3ciencias.com\/relacion-la-actitud-del-personal-enfermeria-uso-las-tecnologias-la-informacion-comunicacion-tics\/"},"modified":"2016-05-21T10:36:12","modified_gmt":"2016-05-21T08:36:12","slug":"relacion-la-actitud-del-personal-enfermeria-uso-las-tecnologias-la-informacion-comunicacion-tics","status":"publish","type":"page","link":"https:\/\/3ciencias.com\/en\/i-congreso-internacional-online-del-empleo-de-las-tic-en-la-sociedad-la-educacion-y-la-empresa\/i-congreso-internacional-online-del-uso-las-tic-la-sociedad-la-educacion-la-empresa\/comunicaciones\/uso-las-tic-la-sociedad\/relacion-la-actitud-del-personal-enfermeria-uso-las-tecnologias-la-informacion-comunicacion-tics\/","title":{"rendered":"Relaci\u00f3n entre la actitud del personal de enfermer\u00eda y el uso de las tecnolog\u00edas de la informaci\u00f3n y comunicaci\u00f3n (TIC\u00b4S)"},"content":{"rendered":"<p style=\"text-align: justify;\">Este articulo presenta una investigaci\u00f3n descriptiva, cuyo objetivo fue establecer la relaci\u00f3n entre la actitud del personal de enfermer\u00eda y el uso de las TIC\u2019s. En el estudio participaron 30 enfermeros del Hospital General de Quer\u00e9taro. Se realiz\u00f3 un an\u00e1lisis de resultados mediante las pruebas de Pearson y Spearman, encontr\u00e1ndose que el 74.1% eran f\u00e9minas, 59.3% contaban con licenciatura y, un 80% mostro una actitud favorable hacia las TIC\u2019s, observ\u00e1ndose una actitud favorable hacia las TIC\u2019s.<\/p>\n<p style=\"text-align: right;\"><strong>Arciniega Luna, Magdalena<\/strong><br \/>\nEstudiante de la licenciatura en Enfermer\u00eda en la Universidad Aut\u00f3noma de Quer\u00e9taro, Pasante de Servicio Social en el Instituto Mexicano del Seguro Social. Quer\u00e9taro, M\u00e9xico. E-mail: magda93arciniega@gmail.com<\/p>\n<p style=\"text-align: right;\"><strong>Carrillo El\u00edas, Janett Lucero<\/strong><br \/>\nEstudiante de la licenciatura en Enfermer\u00eda en la Universidad Aut\u00f3noma de Quer\u00e9taro, Pasante de Servicio Social en el Instituto Mexicano del Seguro Social. Quer\u00e9taro, M\u00e9xico. E-mail: khell-21@hotmail.es, kralyahellsing@gmail.com<\/p>\n<p style=\"text-align: right;\"><strong>Xeque Morales, \u00c1ngel Salvador<\/strong><br \/>\nMaestro en Ciencias, profesor de tiempo completo de la Licenciatura en Enfermer\u00eda de la Universidad Aut\u00f3noma de Enfermer\u00eda. Quer\u00e9taro, M\u00e9xico. E-mail: axeque@uaq.mx<\/p>\n<h1 style=\"text-align: left;\">Presentaci\u00f3n<\/h1>\n<p>[slideshare id=62250644&amp;doc=tesis-presentacion-160521085110]<\/p>\n<h1>V\u00eddeo<\/h1>\n<p><iframe loading=\"lazy\" width=\"584\" height=\"329\" src=\"https:\/\/www.youtube.com\/embed\/YzRA0yH-N9Y?feature=oembed\" frameborder=\"0\" allowfullscreen><\/iframe><\/p>\n","protected":false},"excerpt":{"rendered":"<p>Este articulo presenta una investigaci\u00f3n descriptiva, cuyo objetivo fue establecer la relaci\u00f3n entre la actitud del personal de enfermer\u00eda y el uso de las TIC\u2019s. En el estudio participaron 30 enfermeros del Hospital General de Quer\u00e9taro. Se realiz\u00f3 un an\u00e1lisis &hellip; <a href=\"https:\/\/3ciencias.com\/en\/i-congreso-internacional-online-del-empleo-de-las-tic-en-la-sociedad-la-educacion-y-la-empresa\/i-congreso-internacional-online-del-uso-las-tic-la-sociedad-la-educacion-la-empresa\/comunicaciones\/uso-las-tic-la-sociedad\/relacion-la-actitud-del-personal-enfermeria-uso-las-tecnologias-la-informacion-comunicacion-tics\/\">leer m\u00e1s <span class=\"meta-nav\">&rarr;<\/span><\/a><\/p>\n","protected":false},"author":2,"featured_media":0,"parent":9601,"menu_order":0,"comment_status":"open","ping_status":"closed","template":"tp-congreso.php","meta":{"_bbp_topic_count":0,"_bbp_reply_count":0,"_bbp_total_topic_count":0,"_bbp_total_reply_count":0,"_bbp_voice_count":0,"_bbp_anonymous_reply_count":0,"_bbp_topic_count_hidden":0,"_bbp_reply_count_hidden":0,"_bbp_forum_subforum_count":0,"_mi_skip_tracking":false,"_monsterinsights_sitenote_active":false,"_monsterinsights_sitenote_note":"","_monsterinsights_sitenote_category":0,"footnotes":""},"acf":[],"_links":{"self":[{"href":"https:\/\/3ciencias.com\/en\/wp-json\/wp\/v2\/pages\/9581"}],"collection":[{"href":"https:\/\/3ciencias.com\/en\/wp-json\/wp\/v2\/pages"}],"about":[{"href":"https:\/\/3ciencias.com\/en\/wp-json\/wp\/v2\/types\/page"}],"author":[{"embeddable":true,"href":"https:\/\/3ciencias.com\/en\/wp-json\/wp\/v2\/users\/2"}],"replies":[{"embeddable":true,"href":"https:\/\/3ciencias.com\/en\/wp-json\/wp\/v2\/comments?post=9581"}],"version-history":[{"count":0,"href":"https:\/\/3ciencias.com\/en\/wp-json\/wp\/v2\/pages\/9581\/revisions"}],"up":[{"embeddable":true,"href":"https:\/\/3ciencias.com\/en\/wp-json\/wp\/v2\/pages\/9601"}],"wp:attachment":[{"href":"https:\/\/3ciencias.com\/en\/wp-json\/wp\/v2\/media?parent=9581"}],"curies":[{"name":"wp","href":"https:\/\/api.w.org\/{rel}","templated":true}]}}