{"id":9579,"date":"2016-05-21T12:41:16","date_gmt":"2016-05-21T10:41:16","guid":{"rendered":"https:\/\/3ciencias.com\/diseno-una-unidad-didactica-6o-educacion-primaria-torno-la-publicidad\/"},"modified":"2016-05-21T12:41:16","modified_gmt":"2016-05-21T10:41:16","slug":"diseno-una-unidad-didactica-6o-educacion-primaria-torno-la-publicidad","status":"publish","type":"page","link":"https:\/\/3ciencias.com\/en\/i-congreso-internacional-online-del-empleo-de-las-tic-en-la-sociedad-la-educacion-y-la-empresa\/i-congreso-internacional-online-del-uso-las-tic-la-sociedad-la-educacion-la-empresa\/comunicaciones\/uso-las-tic-la-educacion\/diseno-una-unidad-didactica-6o-educacion-primaria-torno-la-publicidad\/","title":{"rendered":"Dise\u00f1o de una unidad did\u00e1ctica para 6\u00ba de educaci\u00f3n primaria en torno a la publicidad"},"content":{"rendered":"<p style=\"text-align: justify;\">Dec\u00eda MC LUHAN, (1988), que \u201cHay un mundo de diferencia entre el aula y el ambiente de informaci\u00f3n el\u00e9ctrica integrada en el hogar moderno\u201d. Es decir que la escuela es otro mundo, en esta no se plantea vender m\u00e1gicos productos que nos ayudan a ser m\u00e1s felices, no ofrece tampoco im\u00e1genes sofisticadas, ni sugerentes, sino m\u00e1s bien palabras.<\/p>\n<p style=\"text-align: justify;\">Para comprender el discurso de la escuela, es necesario esforzarse, al contrario del discurso audiovisual.<\/p>\n<p style=\"text-align: justify;\">Por esto es conveniente, no envolverse en luchas que sabemos que vamos a perder, sino adoptar una actitud m\u00e1s inteligente, incorporando la educaci\u00f3n audiovisual como necesidad ineludible, para hacer de nuestros alumnos futuros ciudadanos, consumidores inteligentes y alfabetizados convenientemente en el lenguaje audiovisual, capaces de descifrar mensajes de forma racional.<\/p>\n<p style=\"text-align: justify;\">De este modo, vamos a dise\u00f1ar esta unidad did\u00e1ctica. Antes de desarrollar la propuesta did\u00e1ctica, creo conveniente hacer un an\u00e1lisis de la situaci\u00f3n que se nos plantea.<\/p>\n<p style=\"text-align: justify;\">Tal y como dice el t\u00edtulo, la unidad va dirigida a un grupo de 6.\u00ba de Primaria, el cual voy a contextualizar dentro de un centro p\u00fablico Infantil y Primaria de dos l\u00edneas, de una localidad con poca densidad de poblaci\u00f3n y con una comunidad educativa con un nivel socioecon\u00f3mico y cultural medio, la ratio es de 25 alumnos, sin que ninguno de ellos tenga necesidades a destacar.<\/p>\n<p style=\"text-align: justify;\">A lo largo de esta propuesta, intentaremos dar respuesta a la cuesti\u00f3n que se nos plantea, partiendo de un marco legal y te\u00f3rico referente a esta cuesti\u00f3n, y viendo desde la perspectiva del profesor, las estrategias que debemos seguir y tener en cuenta, para la adquisici\u00f3n, de una buena \u201cExpresi\u00f3n oral y Comprensi\u00f3n lectora, que le sirven al alumno para realizar un an\u00e1lisis cr\u00edtico de la publicidad\u201d.<\/p>\n<p style=\"text-align: justify;\">Realizar\u00e9 una propuesta did\u00e1ctica, para trabajar todos estos aspectos, que se plantean dentro del \u00e1rea de Lengua castellana y Literatura relacion\u00e1ndolo con las Tecnolog\u00edas de la informaci\u00f3n y la comunicaci\u00f3n.<\/p>\n<p style=\"text-align: right;\"><strong>Rodr\u00edguez Fern\u00e1ndez, Mar\u00eda Isabel<\/strong><br \/>\nM\u00e1ster Tecnolog\u00eda Educativa. Universidad Illes Balears, Badajoz, Espa\u00f1a E-Mail: Marybelrofe20@hotmail.com<\/p>\n","protected":false},"excerpt":{"rendered":"<p>Dec\u00eda MC LUHAN, (1988), que \u201cHay un mundo de diferencia entre el aula y el ambiente de informaci\u00f3n el\u00e9ctrica integrada en el hogar moderno\u201d. Es decir que la escuela es otro mundo, en esta no se plantea vender m\u00e1gicos productos &hellip; <a href=\"https:\/\/3ciencias.com\/en\/i-congreso-internacional-online-del-empleo-de-las-tic-en-la-sociedad-la-educacion-y-la-empresa\/i-congreso-internacional-online-del-uso-las-tic-la-sociedad-la-educacion-la-empresa\/comunicaciones\/uso-las-tic-la-educacion\/diseno-una-unidad-didactica-6o-educacion-primaria-torno-la-publicidad\/\">leer m\u00e1s <span class=\"meta-nav\">&rarr;<\/span><\/a><\/p>\n","protected":false},"author":2,"featured_media":0,"parent":9603,"menu_order":0,"comment_status":"open","ping_status":"closed","template":"tp-congreso.php","meta":{"_bbp_topic_count":0,"_bbp_reply_count":0,"_bbp_total_topic_count":0,"_bbp_total_reply_count":0,"_bbp_voice_count":0,"_bbp_anonymous_reply_count":0,"_bbp_topic_count_hidden":0,"_bbp_reply_count_hidden":0,"_bbp_forum_subforum_count":0,"_mi_skip_tracking":false,"_monsterinsights_sitenote_active":false,"_monsterinsights_sitenote_note":"","_monsterinsights_sitenote_category":0,"footnotes":""},"acf":[],"_links":{"self":[{"href":"https:\/\/3ciencias.com\/en\/wp-json\/wp\/v2\/pages\/9579"}],"collection":[{"href":"https:\/\/3ciencias.com\/en\/wp-json\/wp\/v2\/pages"}],"about":[{"href":"https:\/\/3ciencias.com\/en\/wp-json\/wp\/v2\/types\/page"}],"author":[{"embeddable":true,"href":"https:\/\/3ciencias.com\/en\/wp-json\/wp\/v2\/users\/2"}],"replies":[{"embeddable":true,"href":"https:\/\/3ciencias.com\/en\/wp-json\/wp\/v2\/comments?post=9579"}],"version-history":[{"count":0,"href":"https:\/\/3ciencias.com\/en\/wp-json\/wp\/v2\/pages\/9579\/revisions"}],"up":[{"embeddable":true,"href":"https:\/\/3ciencias.com\/en\/wp-json\/wp\/v2\/pages\/9603"}],"wp:attachment":[{"href":"https:\/\/3ciencias.com\/en\/wp-json\/wp\/v2\/media?parent=9579"}],"curies":[{"name":"wp","href":"https:\/\/api.w.org\/{rel}","templated":true}]}}