{"id":9578,"date":"2016-05-21T13:03:57","date_gmt":"2016-05-21T11:03:57","guid":{"rendered":"https:\/\/3ciencias.com\/uso-las-metodologias-desarrollo-software-sistemas-informaticos\/"},"modified":"2016-05-21T13:03:57","modified_gmt":"2016-05-21T11:03:57","slug":"uso-las-metodologias-desarrollo-software-sistemas-informaticos","status":"publish","type":"page","link":"https:\/\/3ciencias.com\/en\/i-congreso-internacional-online-del-empleo-de-las-tic-en-la-sociedad-la-educacion-y-la-empresa\/i-congreso-internacional-online-del-uso-las-tic-la-sociedad-la-educacion-la-empresa\/comunicaciones\/uso-las-tic-la-empresa\/uso-las-metodologias-desarrollo-software-sistemas-informaticos\/","title":{"rendered":"El uso de las metodolog\u00edas de desarrollo de software para Sistemas Inform\u00e1ticos"},"content":{"rendered":"<p style=\"text-align: justify;\">El alto impacto que han alcanzado las Tecnolog\u00edas de la Informaci\u00f3n y las Comunicaciones (TIC), han posibilitado el desarrollo de sistemas \u00a0inform\u00e1ticos cada vez m\u00e1s potentes. Estos sistemas deben seguir un proceso de desarrollo guiado por una metodolog\u00eda que permita obtener software con la calidad y agilidad requerida. Las metodolog\u00edas de desarrollo de software constituyen la gu\u00eda para este proceso, estableciendo un marco de trabajo para estructurar, planificar y controlar el proceso de desarrollo de sistemas de informaci\u00f3n. Constituyen una organizaci\u00f3n en Etapas o fases y subfases que orientan al equipo de desarrollo hacia la obtenci\u00f3n exitosa de un producto inform\u00e1tico.<\/p>\n<p style=\"text-align: right;\"><strong>MSc. Ivet Espinosa Conde<\/strong><br \/>\nDepartamento de Recursos y Servicios Inform\u00e1ticos, Universidad de Ciego de \u2018Avila \u201cM\u00e1ximo G\u00f3mez B\u00e1ez\u201d, Ciego de \u00c1vila, Cuba. ivet.conde@gmail.com<\/p>\n","protected":false},"excerpt":{"rendered":"<p>El alto impacto que han alcanzado las Tecnolog\u00edas de la Informaci\u00f3n y las Comunicaciones (TIC), han posibilitado el desarrollo de sistemas \u00a0inform\u00e1ticos cada vez m\u00e1s potentes. Estos sistemas deben seguir un proceso de desarrollo guiado por una metodolog\u00eda que permita &hellip; <a href=\"https:\/\/3ciencias.com\/en\/i-congreso-internacional-online-del-empleo-de-las-tic-en-la-sociedad-la-educacion-y-la-empresa\/i-congreso-internacional-online-del-uso-las-tic-la-sociedad-la-educacion-la-empresa\/comunicaciones\/uso-las-tic-la-empresa\/uso-las-metodologias-desarrollo-software-sistemas-informaticos\/\">leer m\u00e1s <span class=\"meta-nav\">&rarr;<\/span><\/a><\/p>\n","protected":false},"author":2,"featured_media":0,"parent":9602,"menu_order":0,"comment_status":"open","ping_status":"closed","template":"tp-congreso.php","meta":{"_bbp_topic_count":0,"_bbp_reply_count":0,"_bbp_total_topic_count":0,"_bbp_total_reply_count":0,"_bbp_voice_count":0,"_bbp_anonymous_reply_count":0,"_bbp_topic_count_hidden":0,"_bbp_reply_count_hidden":0,"_bbp_forum_subforum_count":0,"_mi_skip_tracking":false,"_monsterinsights_sitenote_active":false,"_monsterinsights_sitenote_note":"","_monsterinsights_sitenote_category":0,"footnotes":""},"acf":[],"_links":{"self":[{"href":"https:\/\/3ciencias.com\/en\/wp-json\/wp\/v2\/pages\/9578"}],"collection":[{"href":"https:\/\/3ciencias.com\/en\/wp-json\/wp\/v2\/pages"}],"about":[{"href":"https:\/\/3ciencias.com\/en\/wp-json\/wp\/v2\/types\/page"}],"author":[{"embeddable":true,"href":"https:\/\/3ciencias.com\/en\/wp-json\/wp\/v2\/users\/2"}],"replies":[{"embeddable":true,"href":"https:\/\/3ciencias.com\/en\/wp-json\/wp\/v2\/comments?post=9578"}],"version-history":[{"count":0,"href":"https:\/\/3ciencias.com\/en\/wp-json\/wp\/v2\/pages\/9578\/revisions"}],"up":[{"embeddable":true,"href":"https:\/\/3ciencias.com\/en\/wp-json\/wp\/v2\/pages\/9602"}],"wp:attachment":[{"href":"https:\/\/3ciencias.com\/en\/wp-json\/wp\/v2\/media?parent=9578"}],"curies":[{"name":"wp","href":"https:\/\/api.w.org\/{rel}","templated":true}]}}