{"id":9577,"date":"2016-05-21T13:53:21","date_gmt":"2016-05-21T11:53:21","guid":{"rendered":"https:\/\/3ciencias.com\/mooc-patrocinio-deportivo-innovacion-e-impacto\/"},"modified":"2016-05-21T13:53:21","modified_gmt":"2016-05-21T11:53:21","slug":"mooc-patrocinio-deportivo-innovacion-e-impacto","status":"publish","type":"page","link":"https:\/\/3ciencias.com\/en\/i-congreso-internacional-online-del-empleo-de-las-tic-en-la-sociedad-la-educacion-y-la-empresa\/i-congreso-internacional-online-del-uso-las-tic-la-sociedad-la-educacion-la-empresa\/comunicaciones\/uso-las-tic-la-educacion\/mooc-patrocinio-deportivo-innovacion-e-impacto\/","title":{"rendered":"MOOC en Patrocinio Deportivo: Innovaci\u00f3n e Impacto"},"content":{"rendered":"<p style=\"text-align: justify;\">Este art\u00edculo presenta la creaci\u00f3n de un Massive Open Online Course (MOOC) en Patrocinio Deportivo. Este MOOC parte de una propuesta de innovaci\u00f3n que incorpora tres elementos diferenciadores con el objetivo de promover la motivaci\u00f3n e implicaci\u00f3n de los usuarios para reducir el porcentaje de abandono del curso. El art\u00edculo presenta el dise\u00f1o tecnopedag\u00f3gico del MOOC, los datos descriptivos de los usuarios registrados, un an\u00e1lisis cuantitativo y cualitativo de la participaci\u00f3n y valoraci\u00f3n del curso. Los resultados destacan un porcentaje de finalizaci\u00f3n de usuarios superior a los est\u00e1ndares; una calificaci\u00f3n notable en el cuestionario de satisfacci\u00f3n; y un aumento en el tr\u00e1fico de visitas online de las instituciones implicadas. Para finalizar se ofrece una evaluaci\u00f3n sobre el MOOC con la finalidad de crear una propuesta de mejora para una segunda edici\u00f3n.<\/p>\n<p style=\"text-align: right;\"><strong>Victor Jordan<\/strong><br \/>\nDirector E-Learning de Johan Cruyff Institute y profesor en TIC en Universitat Oberta de Catalunya y Escola de Ci\u00e8ncies Socials i de l\u2019Empresa. TecnoCampus. UPF. Departamento E-Learning. Johan Cruyff Institute. Barcelona. Espa\u00f1a. victorjordan@cruyffinstitute.org<\/p>\n<p style=\"text-align: right;\"><strong>Aaron L\u00e1zaro<\/strong><br \/>\nEstudiante de Pedagog\u00eda en la Universidad de Barcelona. Departamento E-Learning. Johan Cruyff Institute. Barcelona. Espa\u00f1a. lazaroaaron@gmail.com<\/p>\n<p style=\"text-align: right;\"><strong>\u00d2scar Tobar<\/strong><br \/>\nEstudiante de Pedagog\u00eda en la Universidad de Barcelona. Departamento E-Learning. Johan Cruyff Institute. Barcelona. Espa\u00f1a. oscartobar86@gmail.com<\/p>\n<p style=\"text-align: right;\"><strong>N\u00faria Masferrer<\/strong><br \/>\nDirectora Acad\u00e9mica de Johan Cruyff Institute y profesora en la Escola de Ci\u00e8ncies Socials i de l\u2019Empresa. TecnoCampus. UPF. Departamento E-Learning. Johan Cruyff Institute. Barcelona. Espa\u00f1a. nmasferrer@cruyffinstitute.org<\/p>\n<p style=\"text-align: right;\"><strong>N\u00faria Juan<\/strong><br \/>\nProgram Manager en Johan Cruyff Institute y doctoranda en Universitat de Barcelona. Departamento E-Learning. Johan Cruyff Institute. Barcelona. Espa\u00f1a. nuriajuan@cruyffinstitute.org<\/p>\n","protected":false},"excerpt":{"rendered":"<p>Este art\u00edculo presenta la creaci\u00f3n de un Massive Open Online Course (MOOC) en Patrocinio Deportivo. Este MOOC parte de una propuesta de innovaci\u00f3n que incorpora tres elementos diferenciadores con el objetivo de promover la motivaci\u00f3n e implicaci\u00f3n de los usuarios &hellip; <a href=\"https:\/\/3ciencias.com\/en\/i-congreso-internacional-online-del-empleo-de-las-tic-en-la-sociedad-la-educacion-y-la-empresa\/i-congreso-internacional-online-del-uso-las-tic-la-sociedad-la-educacion-la-empresa\/comunicaciones\/uso-las-tic-la-educacion\/mooc-patrocinio-deportivo-innovacion-e-impacto\/\">leer m\u00e1s <span class=\"meta-nav\">&rarr;<\/span><\/a><\/p>\n","protected":false},"author":2,"featured_media":0,"parent":9603,"menu_order":0,"comment_status":"open","ping_status":"closed","template":"tp-congreso.php","meta":{"_bbp_topic_count":0,"_bbp_reply_count":0,"_bbp_total_topic_count":0,"_bbp_total_reply_count":0,"_bbp_voice_count":0,"_bbp_anonymous_reply_count":0,"_bbp_topic_count_hidden":0,"_bbp_reply_count_hidden":0,"_bbp_forum_subforum_count":0,"_mi_skip_tracking":false,"_monsterinsights_sitenote_active":false,"_monsterinsights_sitenote_note":"","_monsterinsights_sitenote_category":0,"footnotes":""},"acf":[],"_links":{"self":[{"href":"https:\/\/3ciencias.com\/en\/wp-json\/wp\/v2\/pages\/9577"}],"collection":[{"href":"https:\/\/3ciencias.com\/en\/wp-json\/wp\/v2\/pages"}],"about":[{"href":"https:\/\/3ciencias.com\/en\/wp-json\/wp\/v2\/types\/page"}],"author":[{"embeddable":true,"href":"https:\/\/3ciencias.com\/en\/wp-json\/wp\/v2\/users\/2"}],"replies":[{"embeddable":true,"href":"https:\/\/3ciencias.com\/en\/wp-json\/wp\/v2\/comments?post=9577"}],"version-history":[{"count":0,"href":"https:\/\/3ciencias.com\/en\/wp-json\/wp\/v2\/pages\/9577\/revisions"}],"up":[{"embeddable":true,"href":"https:\/\/3ciencias.com\/en\/wp-json\/wp\/v2\/pages\/9603"}],"wp:attachment":[{"href":"https:\/\/3ciencias.com\/en\/wp-json\/wp\/v2\/media?parent=9577"}],"curies":[{"name":"wp","href":"https:\/\/api.w.org\/{rel}","templated":true}]}}