{"id":9576,"date":"2016-05-21T17:02:33","date_gmt":"2016-05-21T15:02:33","guid":{"rendered":"https:\/\/3ciencias.com\/estado-del-arte-la-importancia-las-tic-entorno-empresarial-formacion-educativa\/"},"modified":"2016-05-21T17:02:33","modified_gmt":"2016-05-21T15:02:33","slug":"estado-del-arte-la-importancia-las-tic-entorno-empresarial-formacion-educativa","status":"publish","type":"page","link":"https:\/\/3ciencias.com\/en\/i-congreso-internacional-online-del-empleo-de-las-tic-en-la-sociedad-la-educacion-y-la-empresa\/i-congreso-internacional-online-del-uso-las-tic-la-sociedad-la-educacion-la-empresa\/comunicaciones\/uso-las-tic-la-empresa\/estado-del-arte-la-importancia-las-tic-entorno-empresarial-formacion-educativa\/","title":{"rendered":"Estado del arte de la importancia de las TIC en el entorno empresarial y de formaci\u00f3n educativa"},"content":{"rendered":"<p style=\"text-align: justify;\">El estado del arte aqu\u00ed presentado analiza desde la perspectiva bibliogr\u00e1fica y te\u00f3rica, cu\u00e1les son los componentes esenciales de la incorporaci\u00f3n de las TIC, para la gesti\u00f3n empresarial, teniendo en cuenta que el proyecto se enfoca en realizar un desarrollo para dispositivos m\u00f3viles al respecto de dichas tem\u00e1ticas y aspectos relacionados.<\/p>\n<p style=\"text-align: justify;\">Se presentan definiciones, referencias, aspectos relevantes y concernientes desde la perspectiva te\u00f3rica y se enfocan en la s\u00edntesis de los mismos, as\u00ed como en la referencia y adaptaci\u00f3n de \u00e9stos al tema mencionado.<\/p>\n<p style=\"text-align: right;\"><strong>Carolina Rodr\u00edguez Forero<\/strong><br \/>\nIngeniera de Sistemas, Auditora Interna en Seguridad Inform\u00e1tica ISO 27001, Mag\u00edster en Gesti\u00f3n y Evaluaci\u00f3n de la Educaci\u00f3n, Cursando Tercer A\u00f1o de Doctorado en Proyectos. Me desempe\u00f1o como Docente y Coordinadora de Investigaci\u00f3n del Programa Comercio Internacional de la <a href=\"http:\/\/www.ucc.edu.co\/Paginas\/inicio.aspx\" target=\"_blank\" rel=\"noopener\">Universidad Cooperativa de Colombia<\/a>, sede Bogot\u00e1. Correo electr\u00f3nico institucional: <a href=\"mailto:carolina.rodriguez@campusucc.edu.co\">carolina.rodriguez@campusucc.edu.co<\/a><br \/>\nCorreo electr\u00f3nico personal: <a href=\"mailto:carolinarodriguez127@gmail.com\">carolinarodriguez127@gmail.com<\/a><\/p>\n","protected":false},"excerpt":{"rendered":"<p>El estado del arte aqu\u00ed presentado analiza desde la perspectiva bibliogr\u00e1fica y te\u00f3rica, cu\u00e1les son los componentes esenciales de la incorporaci\u00f3n de las TIC, para la gesti\u00f3n empresarial, teniendo en cuenta que el proyecto se enfoca en realizar un desarrollo &hellip; <a href=\"https:\/\/3ciencias.com\/en\/i-congreso-internacional-online-del-empleo-de-las-tic-en-la-sociedad-la-educacion-y-la-empresa\/i-congreso-internacional-online-del-uso-las-tic-la-sociedad-la-educacion-la-empresa\/comunicaciones\/uso-las-tic-la-empresa\/estado-del-arte-la-importancia-las-tic-entorno-empresarial-formacion-educativa\/\">leer m\u00e1s <span class=\"meta-nav\">&rarr;<\/span><\/a><\/p>\n","protected":false},"author":2,"featured_media":0,"parent":9602,"menu_order":0,"comment_status":"open","ping_status":"closed","template":"tp-congreso.php","meta":{"_bbp_topic_count":0,"_bbp_reply_count":0,"_bbp_total_topic_count":0,"_bbp_total_reply_count":0,"_bbp_voice_count":0,"_bbp_anonymous_reply_count":0,"_bbp_topic_count_hidden":0,"_bbp_reply_count_hidden":0,"_bbp_forum_subforum_count":0,"_mi_skip_tracking":false,"_monsterinsights_sitenote_active":false,"_monsterinsights_sitenote_note":"","_monsterinsights_sitenote_category":0,"footnotes":""},"acf":[],"_links":{"self":[{"href":"https:\/\/3ciencias.com\/en\/wp-json\/wp\/v2\/pages\/9576"}],"collection":[{"href":"https:\/\/3ciencias.com\/en\/wp-json\/wp\/v2\/pages"}],"about":[{"href":"https:\/\/3ciencias.com\/en\/wp-json\/wp\/v2\/types\/page"}],"author":[{"embeddable":true,"href":"https:\/\/3ciencias.com\/en\/wp-json\/wp\/v2\/users\/2"}],"replies":[{"embeddable":true,"href":"https:\/\/3ciencias.com\/en\/wp-json\/wp\/v2\/comments?post=9576"}],"version-history":[{"count":0,"href":"https:\/\/3ciencias.com\/en\/wp-json\/wp\/v2\/pages\/9576\/revisions"}],"up":[{"embeddable":true,"href":"https:\/\/3ciencias.com\/en\/wp-json\/wp\/v2\/pages\/9602"}],"wp:attachment":[{"href":"https:\/\/3ciencias.com\/en\/wp-json\/wp\/v2\/media?parent=9576"}],"curies":[{"name":"wp","href":"https:\/\/api.w.org\/{rel}","templated":true}]}}