{"id":9575,"date":"2016-05-21T17:10:51","date_gmt":"2016-05-21T15:10:51","guid":{"rendered":"https:\/\/3ciencias.com\/uso-las-tic-la-formacion-smart-meters-los-jefes-obra-edificacion-proyecto-europeo\/"},"modified":"2016-05-21T17:10:51","modified_gmt":"2016-05-21T15:10:51","slug":"uso-las-tic-la-formacion-smart-meters-los-jefes-obra-edificacion-proyecto-europeo","status":"publish","type":"page","link":"https:\/\/3ciencias.com\/en\/i-congreso-internacional-online-del-empleo-de-las-tic-en-la-sociedad-la-educacion-y-la-empresa\/i-congreso-internacional-online-del-uso-las-tic-la-sociedad-la-educacion-la-empresa\/comunicaciones\/uso-las-tic-la-educacion\/uso-las-tic-la-formacion-smart-meters-los-jefes-obra-edificacion-proyecto-europeo\/","title":{"rendered":"El uso de las TIC para la formaci\u00f3n en Smart Meters a los jefes de obra de edificaci\u00f3n. Un proyecto europeo"},"content":{"rendered":"<p style=\"text-align: justify;\">La medici\u00f3n inteligente (smart metering) de los suministros de energ\u00eda, agua, etc. tiende a introducirse en todas las construcciones y es necesario obtener la formaci\u00f3n adecuada entre los jefes de obra de edificaci\u00f3n para su desarrollo y aplicaci\u00f3n correcta a los edificios. Este trabajo muestra las caracter\u00edsticas de un proyecto europeo con seis pa\u00edses participantes, cuya principal prioridad es lograr resultados para mejorar la formaci\u00f3n de gerentes y supervisores de construcci\u00f3n, y de las capacidades de gesti\u00f3n a trav\u00e9s de formaci\u00f3n en sistemas de medici\u00f3n inteligentes, usando las TIC y mediante el dise\u00f1o de cursos MOOC.<\/p>\n<p style=\"text-align: right;\"><strong>Francisco-Javier C\u00e1rcel-Carrasco<\/strong><br \/>\nDr. Ingeniero Industrial. Dep. Construcciones Arquitect\u00f3nicas. Universitat Polit\u00e8cnica de Val\u00e8ncia. Espa\u00f1a. Email: fracarc1@csa.upv.es<\/p>\n<p><strong>Elisa Pe\u00f1alvo-L\u00f3pez<\/strong><br \/>\nPh. D student. Instituto Ingenier\u00eda Energ\u00e9tica. Universitat Polit\u00e8cnica de Val\u00e8ncia. Espa\u00f1a. Email: elpealpe@upvnet.upv.es<\/p>\n","protected":false},"excerpt":{"rendered":"<p>La medici\u00f3n inteligente (smart metering) de los suministros de energ\u00eda, agua, etc. tiende a introducirse en todas las construcciones y es necesario obtener la formaci\u00f3n adecuada entre los jefes de obra de edificaci\u00f3n para su desarrollo y aplicaci\u00f3n correcta a &hellip; <a href=\"https:\/\/3ciencias.com\/en\/i-congreso-internacional-online-del-empleo-de-las-tic-en-la-sociedad-la-educacion-y-la-empresa\/i-congreso-internacional-online-del-uso-las-tic-la-sociedad-la-educacion-la-empresa\/comunicaciones\/uso-las-tic-la-educacion\/uso-las-tic-la-formacion-smart-meters-los-jefes-obra-edificacion-proyecto-europeo\/\">leer m\u00e1s <span class=\"meta-nav\">&rarr;<\/span><\/a><\/p>\n","protected":false},"author":2,"featured_media":0,"parent":9603,"menu_order":0,"comment_status":"open","ping_status":"closed","template":"tp-congreso.php","meta":{"_bbp_topic_count":0,"_bbp_reply_count":0,"_bbp_total_topic_count":0,"_bbp_total_reply_count":0,"_bbp_voice_count":0,"_bbp_anonymous_reply_count":0,"_bbp_topic_count_hidden":0,"_bbp_reply_count_hidden":0,"_bbp_forum_subforum_count":0,"_mi_skip_tracking":false,"_monsterinsights_sitenote_active":false,"_monsterinsights_sitenote_note":"","_monsterinsights_sitenote_category":0,"footnotes":""},"acf":[],"_links":{"self":[{"href":"https:\/\/3ciencias.com\/en\/wp-json\/wp\/v2\/pages\/9575"}],"collection":[{"href":"https:\/\/3ciencias.com\/en\/wp-json\/wp\/v2\/pages"}],"about":[{"href":"https:\/\/3ciencias.com\/en\/wp-json\/wp\/v2\/types\/page"}],"author":[{"embeddable":true,"href":"https:\/\/3ciencias.com\/en\/wp-json\/wp\/v2\/users\/2"}],"replies":[{"embeddable":true,"href":"https:\/\/3ciencias.com\/en\/wp-json\/wp\/v2\/comments?post=9575"}],"version-history":[{"count":0,"href":"https:\/\/3ciencias.com\/en\/wp-json\/wp\/v2\/pages\/9575\/revisions"}],"up":[{"embeddable":true,"href":"https:\/\/3ciencias.com\/en\/wp-json\/wp\/v2\/pages\/9603"}],"wp:attachment":[{"href":"https:\/\/3ciencias.com\/en\/wp-json\/wp\/v2\/media?parent=9575"}],"curies":[{"name":"wp","href":"https:\/\/api.w.org\/{rel}","templated":true}]}}