{"id":9573,"date":"2016-05-21T19:29:53","date_gmt":"2016-05-21T17:29:53","guid":{"rendered":"https:\/\/3ciencias.com\/la-ensenanza-la-quimica-traves-las-tic\/"},"modified":"2016-05-21T19:29:53","modified_gmt":"2016-05-21T17:29:53","slug":"la-ensenanza-la-quimica-traves-las-tic","status":"publish","type":"page","link":"https:\/\/3ciencias.com\/en\/i-congreso-internacional-online-del-empleo-de-las-tic-en-la-sociedad-la-educacion-y-la-empresa\/i-congreso-internacional-online-del-uso-las-tic-la-sociedad-la-educacion-la-empresa\/comunicaciones\/uso-las-tic-la-educacion\/la-ensenanza-la-quimica-traves-las-tic\/","title":{"rendered":"La ense\u00f1anza de la qu\u00edmica a trav\u00e9s de las TIC"},"content":{"rendered":"<p style=\"text-align: justify;\">El uso de nuevas tecnolog\u00edas como la Realidad Aumentada en la ense\u00f1anza de la Qu\u00edmica permite manejar informaci\u00f3n virtual y asociarla a elementos de la vida real. Se accede a la misma a trav\u00e9s de un dispositivo tecnol\u00f3gico con un software espec\u00edfico. Esta herramienta tecnol\u00f3gica recibe el nombre de Realidad Aumentada y permite a\u00f1adir contenido digital a nuestro mundo real aumentando la percepci\u00f3n que tenemos del mismo. Nos permite incorporar contenido en forma de texto, imagen, audio o v\u00eddeo.<\/p>\n<p style=\"text-align: right;\"><strong>M\u00aa Luisa Roqueta Buj<\/strong><br \/>\nProfesora de F\u00edsica y Qu\u00edmica. Funcionaria de carrera desde el a\u00f1o 1991. Licenciada en Ciencias Qu\u00edmicas por la Universidad de Valencia y en Humanidades por la Universidad Jaume I de Castell\u00f3n. Profesora en el Departamento de F\u00edsica y Qu\u00edmica del I.E.S. Francisco Ribalta de Castell\u00f3n. Correo electr\u00f3nico: luisaroqueta@hotmail.com<\/p>\n","protected":false},"excerpt":{"rendered":"<p>El uso de nuevas tecnolog\u00edas como la Realidad Aumentada en la ense\u00f1anza de la Qu\u00edmica permite manejar informaci\u00f3n virtual y asociarla a elementos de la vida real. Se accede a la misma a trav\u00e9s de un dispositivo tecnol\u00f3gico con un &hellip; <a href=\"https:\/\/3ciencias.com\/en\/i-congreso-internacional-online-del-empleo-de-las-tic-en-la-sociedad-la-educacion-y-la-empresa\/i-congreso-internacional-online-del-uso-las-tic-la-sociedad-la-educacion-la-empresa\/comunicaciones\/uso-las-tic-la-educacion\/la-ensenanza-la-quimica-traves-las-tic\/\">leer m\u00e1s <span class=\"meta-nav\">&rarr;<\/span><\/a><\/p>\n","protected":false},"author":2,"featured_media":0,"parent":9603,"menu_order":0,"comment_status":"open","ping_status":"closed","template":"tp-congreso.php","meta":{"_bbp_topic_count":0,"_bbp_reply_count":0,"_bbp_total_topic_count":0,"_bbp_total_reply_count":0,"_bbp_voice_count":0,"_bbp_anonymous_reply_count":0,"_bbp_topic_count_hidden":0,"_bbp_reply_count_hidden":0,"_bbp_forum_subforum_count":0,"_mi_skip_tracking":false,"_monsterinsights_sitenote_active":false,"_monsterinsights_sitenote_note":"","_monsterinsights_sitenote_category":0,"footnotes":""},"acf":[],"_links":{"self":[{"href":"https:\/\/3ciencias.com\/en\/wp-json\/wp\/v2\/pages\/9573"}],"collection":[{"href":"https:\/\/3ciencias.com\/en\/wp-json\/wp\/v2\/pages"}],"about":[{"href":"https:\/\/3ciencias.com\/en\/wp-json\/wp\/v2\/types\/page"}],"author":[{"embeddable":true,"href":"https:\/\/3ciencias.com\/en\/wp-json\/wp\/v2\/users\/2"}],"replies":[{"embeddable":true,"href":"https:\/\/3ciencias.com\/en\/wp-json\/wp\/v2\/comments?post=9573"}],"version-history":[{"count":0,"href":"https:\/\/3ciencias.com\/en\/wp-json\/wp\/v2\/pages\/9573\/revisions"}],"up":[{"embeddable":true,"href":"https:\/\/3ciencias.com\/en\/wp-json\/wp\/v2\/pages\/9603"}],"wp:attachment":[{"href":"https:\/\/3ciencias.com\/en\/wp-json\/wp\/v2\/media?parent=9573"}],"curies":[{"name":"wp","href":"https:\/\/api.w.org\/{rel}","templated":true}]}}