{"id":9572,"date":"2016-05-21T20:13:06","date_gmt":"2016-05-21T18:13:06","guid":{"rendered":"https:\/\/3ciencias.com\/i-congreso-internacional-online-del-uso-las-tic-la-sociedad-la-educacion-la-empresa\/intervenciones-de-profesionales\/"},"modified":"2016-05-21T20:13:06","modified_gmt":"2016-05-21T18:13:06","slug":"intervenciones-de-profesionales","status":"publish","type":"page","link":"https:\/\/3ciencias.com\/en\/i-congreso-internacional-online-del-empleo-de-las-tic-en-la-sociedad-la-educacion-y-la-empresa\/i-congreso-internacional-online-del-uso-las-tic-la-sociedad-la-educacion-la-empresa\/intervenciones-de-profesionales\/","title":{"rendered":"Intervenciones de profesionales"},"content":{"rendered":"<p style=\"text-align: justify;\">Este espacio, dentro del\u00a0<strong>I Congreso Internacional online del Uso de las TIC en la sociedad, la educaci\u00f3n y la empresa<\/strong>, est\u00e1 especialmente dedicado a profesionales de diferentes \u00e1mbitos. En este, algunos colaboradores <strong>comentan ciertos temas o sus porpias vivencias<\/strong> en relaci\u00f3n a las tem\u00e1ticas propuestas en el congreso. De igual modo, tambi\u00e9n nos dan prestan informaci\u00f3n de <strong>c\u00f3mo se encuentra en la actualidad el desarrollo de las TIC en diferentes sectores<\/strong>.<\/p>\n<ul>\n<li style=\"text-align: justify;\"><strong><a href=\"https:\/\/3ciencias.com\/en\/pueden-las-tic-ayudar-mejorar-la-marca-personal\/\">\u00bfPueden las TIC ayudar a mejorar la marca personal?<\/a><\/strong><\/li>\n<li style=\"text-align: justify;\"><a href=\"https:\/\/3ciencias.com\/en\/pueden-las-tics-optimizar-la-realizacion-una-investigacion-mercado\/\"><strong>\u00bfPueden las TIC optimizar la realizaci\u00f3n de una investigaci\u00f3n de mercado?<\/strong><\/a><\/li>\n<li style=\"text-align: justify;\"><a href=\"https:\/\/3ciencias.com\/en\/posible-mejorar-la-eficiencia-la-comunicacion-marketing-traves-las-tic\/\"><strong>\u00bfEs posible mejorar la eficiencia de la comunicaci\u00f3n en el marketing a trav\u00e9s de las TIC?<\/strong><\/a><\/li>\n<\/ul>\n<p style=\"text-align: center;\"><img decoding=\"async\" loading=\"lazy\" class=\"aligncenter size-medium wp-image-6662\" src=\"https:\/\/3ciencias.com\/wp-content\/uploads\/2016\/05\/speech-1015285_960_720-300x300.jpg\" alt=\"speech-1015285_960_720\" width=\"300\" height=\"300\" srcset=\"https:\/\/3ciencias.com\/wp-content\/uploads\/2016\/05\/speech-1015285_960_720-300x300.jpg 300w, https:\/\/3ciencias.com\/wp-content\/uploads\/2016\/05\/speech-1015285_960_720-130x130.jpg 130w, https:\/\/3ciencias.com\/wp-content\/uploads\/2016\/05\/speech-1015285_960_720.jpg 720w\" sizes=\"(max-width: 300px) 100vw, 300px\" \/><\/p>\n","protected":false},"excerpt":{"rendered":"<p>Este espacio, dentro del\u00a0I Congreso Internacional online del Uso de las TIC en la sociedad, la educaci\u00f3n y la empresa, est\u00e1 especialmente dedicado a profesionales de diferentes \u00e1mbitos. En este, algunos colaboradores comentan ciertos temas o sus porpias vivencias en &hellip; <a href=\"https:\/\/3ciencias.com\/en\/i-congreso-internacional-online-del-empleo-de-las-tic-en-la-sociedad-la-educacion-y-la-empresa\/i-congreso-internacional-online-del-uso-las-tic-la-sociedad-la-educacion-la-empresa\/intervenciones-de-profesionales\/\">leer m\u00e1s <span class=\"meta-nav\">&rarr;<\/span><\/a><\/p>\n","protected":false},"author":2,"featured_media":0,"parent":9079,"menu_order":0,"comment_status":"closed","ping_status":"closed","template":"tp-congreso.php","meta":{"_bbp_topic_count":0,"_bbp_reply_count":0,"_bbp_total_topic_count":0,"_bbp_total_reply_count":0,"_bbp_voice_count":0,"_bbp_anonymous_reply_count":0,"_bbp_topic_count_hidden":0,"_bbp_reply_count_hidden":0,"_bbp_forum_subforum_count":0,"_mi_skip_tracking":false,"_monsterinsights_sitenote_active":false,"_monsterinsights_sitenote_note":"","_monsterinsights_sitenote_category":0,"footnotes":""},"acf":[],"_links":{"self":[{"href":"https:\/\/3ciencias.com\/en\/wp-json\/wp\/v2\/pages\/9572"}],"collection":[{"href":"https:\/\/3ciencias.com\/en\/wp-json\/wp\/v2\/pages"}],"about":[{"href":"https:\/\/3ciencias.com\/en\/wp-json\/wp\/v2\/types\/page"}],"author":[{"embeddable":true,"href":"https:\/\/3ciencias.com\/en\/wp-json\/wp\/v2\/users\/2"}],"replies":[{"embeddable":true,"href":"https:\/\/3ciencias.com\/en\/wp-json\/wp\/v2\/comments?post=9572"}],"version-history":[{"count":0,"href":"https:\/\/3ciencias.com\/en\/wp-json\/wp\/v2\/pages\/9572\/revisions"}],"up":[{"embeddable":true,"href":"https:\/\/3ciencias.com\/en\/wp-json\/wp\/v2\/pages\/9079"}],"wp:attachment":[{"href":"https:\/\/3ciencias.com\/en\/wp-json\/wp\/v2\/media?parent=9572"}],"curies":[{"name":"wp","href":"https:\/\/api.w.org\/{rel}","templated":true}]}}