{"id":9570,"date":"2016-05-21T20:23:26","date_gmt":"2016-05-21T18:23:26","guid":{"rendered":"https:\/\/3ciencias.com\/posible-mejorar-la-eficiencia-la-comunicacion-marketing-traves-las-tic\/"},"modified":"2016-05-21T20:23:26","modified_gmt":"2016-05-21T18:23:26","slug":"posible-mejorar-la-eficiencia-la-comunicacion-marketing-traves-las-tic","status":"publish","type":"page","link":"https:\/\/3ciencias.com\/en\/i-congreso-internacional-online-del-empleo-de-las-tic-en-la-sociedad-la-educacion-y-la-empresa\/i-congreso-internacional-online-del-uso-las-tic-la-sociedad-la-educacion-la-empresa\/intervenciones-de-profesionales\/posible-mejorar-la-eficiencia-la-comunicacion-marketing-traves-las-tic\/","title":{"rendered":"\u00bfEs posible mejorar la eficiencia de la comunicaci\u00f3n en el marketing a trav\u00e9s de las TIC?"},"content":{"rendered":"<p style=\"text-align: justify;\">El dise\u00f1o de las acciones de comunicaci\u00f3n dentro del marketing suele ir alineado con la creatividad de los publicistas, principalmente.<\/p>\n<p style=\"text-align: justify;\">Pruebas piloto previas al lanzamiento o posteriores estudios de mercado basados en el recuerdo de acci\u00f3n de comunicaci\u00f3n, el producto o la marca, son maneras de medir la eficiencia del formato, el mensaje, etc.<\/p>\n<p style=\"text-align: justify;\">Sin embargo, el empleo de TICs en la medici\u00f3n de la eficiencia de la comunicaci\u00f3n puede ser un elemento diferencial con un alto valor a\u00f1adido.<\/p>\n<p style=\"text-align: justify;\">El eye tracking o seguimiento de los ojos es un m\u00e9todo \u00fanico de investigaci\u00f3n que rastrea los ojos de los usuarios para saber d\u00f3nde est\u00e1n mirando. Este m\u00e9todo responde a preguntas clave como: \u00bfatraer\u00e1 el nuevo dise\u00f1o de envase y llamar\u00e1 la atenci\u00f3n en el lineal? \u00bfPor qu\u00e9 no se dan cuenta, no se compra, etc.?<\/p>\n<p style=\"text-align: justify;\">El eye tracking est\u00e1 considerado uno de los mejores m\u00e9todos para optimizar las comunicaciones, tales como anuncios, anuncios de televisi\u00f3n, embalajes, sitios web, etc.<\/p>\n<p style=\"text-align: justify;\">La combinaci\u00f3n del uso de eye trackers de bajo coste y el empleo de programas que funcionan online permiten realizar estudios de medici\u00f3n de la eficiencia de la comunicaci\u00f3n en el marketing. Acciones de comunicaci\u00f3n basadas en carteles, cat\u00e1logos, v\u00eddeos para anuncios en televisi\u00f3n o redes sociales, as\u00ed como p\u00e1ginas web, pueden ser analizadas e identificar las trayectorias de los ojos del consumidor al recibir el est\u00edmulo correspondiente por parte de la marca.<\/p>\n<p style=\"text-align: justify;\">Estos datos son recogidos por el programa y convertidos a un mapa de calor, mostrando por donde ha ido la mirada y en qu\u00e9 zonas ha estado m\u00e1s tiempo.<\/p>\n<p style=\"text-align: justify;\">Esta informaci\u00f3n proveniente de cada usuario participante es enviada a trav\u00e9s de internet a un servidor y recopilada para el global de la muestra de usuarios que han formado parte del experimento. De esta manera se superponen los datos, mostrando un mapa de calor global que da informaci\u00f3n relativa al mercado.<\/p>\n<p style=\"text-align: justify;\">Consecuentemente, las TICs, a trav\u00e9s de internet, permiten combinan datos a trav\u00e9s de dispositivos electr\u00f3nicos que permiten rastrear de manera eficiente el est\u00edmulo que recibe el consumidor en la comunicaci\u00f3n que llevan a cabo las marcas. La medici\u00f3n de la eficiencia y su posterior correcci\u00f3n permiten optimizar las inversiones que hacen las marcas en comunicaci\u00f3n.<\/p>\n<p style=\"text-align: right;\"><strong>Autor: <\/strong><br \/>\n<strong>David Ju\u00e1rez Var\u00f3n<\/strong> (Coordinador M\u00e1ster en Direcci\u00f3n de Marketing y Comunicaci\u00f3n Empresarial por la Universidad Polit\u00e9cnica de Valencia)<\/p>\n","protected":false},"excerpt":{"rendered":"<p>El dise\u00f1o de las acciones de comunicaci\u00f3n dentro del marketing suele ir alineado con la creatividad de los publicistas, principalmente. Pruebas piloto previas al lanzamiento o posteriores estudios de mercado basados en el recuerdo de acci\u00f3n de comunicaci\u00f3n, el producto &hellip; <a href=\"https:\/\/3ciencias.com\/en\/i-congreso-internacional-online-del-empleo-de-las-tic-en-la-sociedad-la-educacion-y-la-empresa\/i-congreso-internacional-online-del-uso-las-tic-la-sociedad-la-educacion-la-empresa\/intervenciones-de-profesionales\/posible-mejorar-la-eficiencia-la-comunicacion-marketing-traves-las-tic\/\">leer m\u00e1s <span class=\"meta-nav\">&rarr;<\/span><\/a><\/p>\n","protected":false},"author":2,"featured_media":0,"parent":9572,"menu_order":0,"comment_status":"open","ping_status":"closed","template":"tp-congreso.php","meta":{"_bbp_topic_count":0,"_bbp_reply_count":0,"_bbp_total_topic_count":0,"_bbp_total_reply_count":0,"_bbp_voice_count":0,"_bbp_anonymous_reply_count":0,"_bbp_topic_count_hidden":0,"_bbp_reply_count_hidden":0,"_bbp_forum_subforum_count":0,"_mi_skip_tracking":false,"_monsterinsights_sitenote_active":false,"_monsterinsights_sitenote_note":"","_monsterinsights_sitenote_category":0,"footnotes":""},"acf":[],"_links":{"self":[{"href":"https:\/\/3ciencias.com\/en\/wp-json\/wp\/v2\/pages\/9570"}],"collection":[{"href":"https:\/\/3ciencias.com\/en\/wp-json\/wp\/v2\/pages"}],"about":[{"href":"https:\/\/3ciencias.com\/en\/wp-json\/wp\/v2\/types\/page"}],"author":[{"embeddable":true,"href":"https:\/\/3ciencias.com\/en\/wp-json\/wp\/v2\/users\/2"}],"replies":[{"embeddable":true,"href":"https:\/\/3ciencias.com\/en\/wp-json\/wp\/v2\/comments?post=9570"}],"version-history":[{"count":0,"href":"https:\/\/3ciencias.com\/en\/wp-json\/wp\/v2\/pages\/9570\/revisions"}],"up":[{"embeddable":true,"href":"https:\/\/3ciencias.com\/en\/wp-json\/wp\/v2\/pages\/9572"}],"wp:attachment":[{"href":"https:\/\/3ciencias.com\/en\/wp-json\/wp\/v2\/media?parent=9570"}],"curies":[{"name":"wp","href":"https:\/\/api.w.org\/{rel}","templated":true}]}}