{"id":9569,"date":"2016-05-21T20:28:23","date_gmt":"2016-05-21T18:28:23","guid":{"rendered":"https:\/\/3ciencias.com\/pueden-las-tic-ayudar-mejorar-la-marca-personal\/"},"modified":"2016-05-21T20:28:23","modified_gmt":"2016-05-21T18:28:23","slug":"pueden-las-tic-ayudar-mejorar-la-marca-personal","status":"publish","type":"page","link":"https:\/\/3ciencias.com\/en\/i-congreso-internacional-online-del-empleo-de-las-tic-en-la-sociedad-la-educacion-y-la-empresa\/i-congreso-internacional-online-del-uso-las-tic-la-sociedad-la-educacion-la-empresa\/intervenciones-de-profesionales\/pueden-las-tic-ayudar-mejorar-la-marca-personal\/","title":{"rendered":"\u00bfPueden las TIC ayudar a mejorar la marca personal?"},"content":{"rendered":"<p style=\"text-align: center;\">\u201cSi no descubres y desarrollas tu propia marca, alguien lo har\u00e1 por ti\u201d. Andr\u00e9s P\u00e9rez Ortega<\/p>\n<p style=\"text-align: justify;\">La marca personal es una herramienta de gesti\u00f3n y visibilidad fundamental para cualquier profesional que quiere resaltar entre otros como la opci\u00f3n preferente en un mercado hiper saturado. Hoy en d\u00eda, la competencia por puestos laborales es bastante ardua y compleja, procesos de selecci\u00f3n largos, ofertas laborales escasas o poco integrales, vacantes que pasan a ser trabajo de los quedan en la empresa para cubrir un puesto y evitar esos costes, etc.<\/p>\n<p style=\"text-align: justify;\">Uno de los factores diferenciadores al participar en los procesos (sean de selecci\u00f3n o por desarrollo de proyectos) es que sobresalen las habilidades con las herramientas de tecnolog\u00edas de la informaci\u00f3n y la comunicaci\u00f3n (TICs). Estas habilidades son notorias, no por la velocidad o por el conocimiento propio de las mismas, sino por lo que un candidato, profesional o emprendedor puede mostrar que ha logrado con ellas. \u00bfSer\u00e1n las Tics un pu\u00f1ado de herramientas validas para impulsar y optimizar la marca personal?<\/p>\n<p style=\"text-align: justify;\">Utilizar herramientas como las Tics para mejorar la toma de decisiones, transmitir mensajes de forma clara y r\u00e1pida, dar credibilidad a los proyectos, inspirar confianza, crecer personal y profesionalmente, diferenciarse de la competencia (cualquiera que sea el \u00e1rea que se haya elegido), situarse en una posici\u00f3n de liderazgo, fomentar la creatividad y la iniciativa, m\u00e1s flexibilidad, etc., son solo algunas de las caracter\u00edsticas que la marca personal, apoyada en las TICs, puede lograr.<\/p>\n<p style=\"text-align: justify;\">Prezi, Pow Toons, Videoscribe, Emaze, son solo algunas opciones que pueden ser muy \u00fatiles a la hora de generar mayor visibilidad a trav\u00e9s de elementos de presentaci\u00f3n novedosos, intuitivos y que definitivamente marcar\u00e1n la diferencia a la hora de proyectar una idea, proyecto o proceso de gesti\u00f3n. A trav\u00e9s de las mencionadas un profesional se puede apoyar para potenciar sus emprendimientos pasados, presentes y futuros. Incluir la hoja de vida en un Power Point no es novedoso, animarla en un Prezi con un video y una serie de giros de la c\u00e1mara donde se puedan apreciar proyectos, muestras, im\u00e1genes y mucho m\u00e1s de un profesional marcar\u00e1 la diferencia. Generar un video personalizado en Pow Toons o en Emaze, dejar\u00e1 una impresi\u00f3n de que el candidato o l\u00edder del proyecto puede ir m\u00e1s all\u00e1 con simplemente ideas, ganas y un poco de tiempo.<\/p>\n<p style=\"text-align: justify;\">Juan Merodio en su libro \u201cTrabaja con Red\u201d recomienda complementar el perfil profesional de Linkedin conectando las presentaciones realizadas y compartidas a trav\u00e9s de SlideShare, un repositorio muy \u00fatil a la hora de hacer m\u00e1s f\u00e1cil el compartir conocimiento, informaci\u00f3n y procesos en un repositorio siempre disponible y abierto para aquel que lo necesite o lo quiera usar.<\/p>\n<p style=\"text-align: justify;\">In\u00e9s Temple, autora de \u201cUsted S.A.\u201d, libro muy recomendado de Marca Personal, tambi\u00e9n indica que aquellos profesionales m\u00e1s empleables elegir\u00e1n d\u00f3nde trabajar y esto es condici\u00f3n de desarrollo profesional y personal para aquellas personas que buscan activamente estar actualizados en el uso de herramientas de vanguardia y m\u00e1s a\u00fan para llegar m\u00e1s lejos con su marca personal, es decir, su huella.<\/p>\n<p style=\"text-align: justify;\">Responder a preguntas como: \u00bfqu\u00e9 quiero hacer?, \u00bfa d\u00f3nde quiero llegar?, \u00bfqu\u00e9 quiero hacer con mi empresa, mi vida profesional, con el negocio que quiero poner? Son aspectos que requieren tiempo y un buen espacio de reflexi\u00f3n para responder adecuadamente en un ejercicio muy \u00edntimo y relevante. Definir el prop\u00f3sito del desarrollo profesional de un ser humano va m\u00e1s all\u00e1 de implementar el uso de TICs en su marca personal, pero, dichas TICs ayudan de forma muy eficaz a que el proceso sea m\u00e1s f\u00e1cil y r\u00e1pido, es decir, conocer de fondo c\u00f3mo se puede publicar en un blog, llegar a miles de personas a trav\u00e9s de dicha herramienta y darse cuenta que aportar valor con contenido en cantidad y calidad no es tan dif\u00edcil como parece es un aspecto que ayuda a identificar razones para desarrollarse profesional y personalmente. Esto es posible hoy, de forma m\u00e1s clara y f\u00e1cil a trav\u00e9s de la ayuda de las TICs.<\/p>\n<p style=\"text-align: justify;\">Revisar casos de \u00e9xito en internet de marcas personales apoyadas en TICs es una actividad que invita a tomar ejemplo y a emular acciones de posicionamiento y resonancia para ganar valor, para fortalecer la imagen interior y exterior, y para establecer metas y objetivos e impulsar la carrera a niveles superiores y m\u00e1s trascendentales.<\/p>\n<p style=\"text-align: justify;\">Definitivamente es \u00fatil y genera din\u00e1micas de productividad mayor aquello de conocer e implementar TICs en la gesti\u00f3n del personal branding. No es pues un tema reduccionista ligado netamente a la herramienta, se trata m\u00e1s de las infinitas posibilidades y opciones que abren estos elementos para llegar a un alcance mayor y con esfuerzos m\u00e1s controlados. La mayor\u00eda de plataformas permite el uso gratuito, si no permanente por tiempo limitado, siempre con opciones a contratar o darse de alta pagando o como miembros de comunidades acad\u00e9micas, de beta testers o desarrolladores, lo cual crea un escenario ideal de progreso y construcci\u00f3n conjunta.<\/p>\n<p style=\"text-align: right;\"><strong>Autor: <\/strong><br \/>\n<strong>Camilo Esteban Vera Sep\u00falveda<\/strong> (SEO de KV Marketing y profesor del M\u00e1ster en Direcci\u00f3n de Marketing y Comunicaci\u00f3n Empresarial por la Universidad Polit\u00e9cnica de Valencia)<\/p>\n","protected":false},"excerpt":{"rendered":"<p>\u201cSi no descubres y desarrollas tu propia marca, alguien lo har\u00e1 por ti\u201d. Andr\u00e9s P\u00e9rez Ortega La marca personal es una herramienta de gesti\u00f3n y visibilidad fundamental para cualquier profesional que quiere resaltar entre otros como la opci\u00f3n preferente en &hellip; <a href=\"https:\/\/3ciencias.com\/en\/i-congreso-internacional-online-del-empleo-de-las-tic-en-la-sociedad-la-educacion-y-la-empresa\/i-congreso-internacional-online-del-uso-las-tic-la-sociedad-la-educacion-la-empresa\/intervenciones-de-profesionales\/pueden-las-tic-ayudar-mejorar-la-marca-personal\/\">leer m\u00e1s <span class=\"meta-nav\">&rarr;<\/span><\/a><\/p>\n","protected":false},"author":2,"featured_media":0,"parent":9572,"menu_order":0,"comment_status":"open","ping_status":"closed","template":"tp-congreso.php","meta":{"_bbp_topic_count":0,"_bbp_reply_count":0,"_bbp_total_topic_count":0,"_bbp_total_reply_count":0,"_bbp_voice_count":0,"_bbp_anonymous_reply_count":0,"_bbp_topic_count_hidden":0,"_bbp_reply_count_hidden":0,"_bbp_forum_subforum_count":0,"_mi_skip_tracking":false,"_monsterinsights_sitenote_active":false,"_monsterinsights_sitenote_note":"","_monsterinsights_sitenote_category":0,"footnotes":""},"acf":[],"_links":{"self":[{"href":"https:\/\/3ciencias.com\/en\/wp-json\/wp\/v2\/pages\/9569"}],"collection":[{"href":"https:\/\/3ciencias.com\/en\/wp-json\/wp\/v2\/pages"}],"about":[{"href":"https:\/\/3ciencias.com\/en\/wp-json\/wp\/v2\/types\/page"}],"author":[{"embeddable":true,"href":"https:\/\/3ciencias.com\/en\/wp-json\/wp\/v2\/users\/2"}],"replies":[{"embeddable":true,"href":"https:\/\/3ciencias.com\/en\/wp-json\/wp\/v2\/comments?post=9569"}],"version-history":[{"count":0,"href":"https:\/\/3ciencias.com\/en\/wp-json\/wp\/v2\/pages\/9569\/revisions"}],"up":[{"embeddable":true,"href":"https:\/\/3ciencias.com\/en\/wp-json\/wp\/v2\/pages\/9572"}],"wp:attachment":[{"href":"https:\/\/3ciencias.com\/en\/wp-json\/wp\/v2\/media?parent=9569"}],"curies":[{"name":"wp","href":"https:\/\/api.w.org\/{rel}","templated":true}]}}