{"id":9564,"date":"2016-05-24T09:28:19","date_gmt":"2016-05-24T07:28:19","guid":{"rendered":"https:\/\/3ciencias.com\/i-congreso-internacional-online-del-uso-las-tic-la-sociedad-la-educacion-la-empresa\/exposicion-de-posters\/"},"modified":"2016-05-24T09:28:19","modified_gmt":"2016-05-24T07:28:19","slug":"exposicion-de-posters","status":"publish","type":"page","link":"https:\/\/3ciencias.com\/en\/i-congreso-internacional-online-del-empleo-de-las-tic-en-la-sociedad-la-educacion-y-la-empresa\/i-congreso-internacional-online-del-uso-las-tic-la-sociedad-la-educacion-la-empresa\/exposicion-de-posters\/","title":{"rendered":"Exposici\u00f3n de P\u00f3sters"},"content":{"rendered":"<p>En esta secci\u00f3n se presentan todos los p\u00f3sters correspondientes a todos las comunicaciones presentadas en el &#8220;I Congreso Internacional online del Uso de las TIC en la sociedad, la educaci\u00f3n y la empresa&#8221;.<\/p>\n<h1><a href=\"https:\/\/3ciencias.com\/posters-uso-la-tic-la-educacion\/\">Uso de las TIC en la educaci\u00f3n<\/a><\/h1>\n<h1><a href=\"https:\/\/3ciencias.com\/posters-uso-la-tic-la-empresa\/\">Uso de las TIC en la empresa<\/a><\/h1>\n<h1><a href=\"https:\/\/3ciencias.com\/posters-uso-las-tic-la-sociedad\/\">Uso de las TIC en la sociedad<\/a><\/h1>\n<p>&nbsp;<\/p>\n","protected":false},"excerpt":{"rendered":"<p>En esta secci\u00f3n se presentan todos los p\u00f3sters correspondientes a todos las comunicaciones presentadas en el &#8220;I Congreso Internacional online del Uso de las TIC en la sociedad, la educaci\u00f3n y la empresa&#8221;. Uso de las TIC en la educaci\u00f3n &hellip; <a href=\"https:\/\/3ciencias.com\/en\/i-congreso-internacional-online-del-empleo-de-las-tic-en-la-sociedad-la-educacion-y-la-empresa\/i-congreso-internacional-online-del-uso-las-tic-la-sociedad-la-educacion-la-empresa\/exposicion-de-posters\/\">leer m\u00e1s <span class=\"meta-nav\">&rarr;<\/span><\/a><\/p>\n","protected":false},"author":2,"featured_media":0,"parent":9079,"menu_order":0,"comment_status":"closed","ping_status":"closed","template":"tp-congreso.php","meta":{"_bbp_topic_count":0,"_bbp_reply_count":0,"_bbp_total_topic_count":0,"_bbp_total_reply_count":0,"_bbp_voice_count":0,"_bbp_anonymous_reply_count":0,"_bbp_topic_count_hidden":0,"_bbp_reply_count_hidden":0,"_bbp_forum_subforum_count":0,"_mi_skip_tracking":false,"_monsterinsights_sitenote_active":false,"_monsterinsights_sitenote_note":"","_monsterinsights_sitenote_category":0,"footnotes":""},"acf":[],"_links":{"self":[{"href":"https:\/\/3ciencias.com\/en\/wp-json\/wp\/v2\/pages\/9564"}],"collection":[{"href":"https:\/\/3ciencias.com\/en\/wp-json\/wp\/v2\/pages"}],"about":[{"href":"https:\/\/3ciencias.com\/en\/wp-json\/wp\/v2\/types\/page"}],"author":[{"embeddable":true,"href":"https:\/\/3ciencias.com\/en\/wp-json\/wp\/v2\/users\/2"}],"replies":[{"embeddable":true,"href":"https:\/\/3ciencias.com\/en\/wp-json\/wp\/v2\/comments?post=9564"}],"version-history":[{"count":0,"href":"https:\/\/3ciencias.com\/en\/wp-json\/wp\/v2\/pages\/9564\/revisions"}],"up":[{"embeddable":true,"href":"https:\/\/3ciencias.com\/en\/wp-json\/wp\/v2\/pages\/9079"}],"wp:attachment":[{"href":"https:\/\/3ciencias.com\/en\/wp-json\/wp\/v2\/media?parent=9564"}],"curies":[{"name":"wp","href":"https:\/\/api.w.org\/{rel}","templated":true}]}}