{"id":9451,"date":"2016-10-03T15:17:01","date_gmt":"2016-10-03T13:17:01","guid":{"rendered":"https:\/\/3ciencias.com\/presentation\/comite-cientifico-tecnico\/"},"modified":"2016-10-03T15:17:01","modified_gmt":"2016-10-03T13:17:01","slug":"comite-cientifico-tecnico","status":"publish","type":"page","link":"https:\/\/3ciencias.com\/en\/presentation\/comite-cientifico-tecnico\/","title":{"rendered":"Comit\u00e9 cient\u00edfico t\u00e9cnico"},"content":{"rendered":"<p style=\"text-align: justify;\"><span style=\"color: #000000;\">El comit\u00e9 cient\u00edfico t\u00e9cnico de la editorial 3Ciencias est\u00e1 compuesto por los siguientes expertos:<\/span><\/p>\n<table>\n<tbody>\n<tr>\n<td><\/td>\n<td style=\"text-align: center;\"><span style=\"text-decoration: underline; color: #000080;\"><strong>\u00c1rea textil<\/strong><\/span><br \/>\n<span style=\"color: #000000;\">Prof. Dr. Josep Valldeperas Morell<\/span><br \/>\n<span style=\"color: #000000;\"> Universidad Polit\u00e9cnica de Catalu\u00f1a<\/span><\/td>\n<\/tr>\n<tr>\n<td style=\"text-align: center;\"><\/td>\n<td style=\"text-align: center;\"><span style=\"text-decoration: underline;\"><span style=\"color: #000080; text-decoration: underline;\"><strong>\u00c1rea financiera<\/strong><\/span><\/span><br \/>\n<span style=\"color: #000000;\">Prof. Dr. Juan \u00c1ngel Lafuente Luengo<\/span><br \/>\n<span style=\"color: #000000;\"> Universidad Jaume I (Castell\u00f3n de la Plana)<\/span><\/td>\n<\/tr>\n<tr>\n<td style=\"text-align: center;\"><\/td>\n<td style=\"text-align: center;\"><span style=\"text-decoration: underline;\"><span style=\"color: #000080; text-decoration: underline;\"><strong>Organizaci\u00f3n de Empresas y RRHH<\/strong><\/span><\/span><br \/>\n<span style=\"color: #000000;\">Prof. Dr. Francisco Llopis Va\u00f1\u00f3<\/span><br \/>\n<span style=\"color: #000000;\"> Universidad de Alicante<\/span><\/td>\n<\/tr>\n<tr>\n<td style=\"text-align: center;\"><\/td>\n<td style=\"text-align: center;\"><span style=\"text-decoration: underline; color: #000080;\"><strong>Estad\u00edstica; Investigaci\u00f3n Operativa<\/strong><\/span><br \/>\n<span style=\"color: #000000;\">Prof. Dra. Elena P\u00e9rez Bernab\u00e9u<\/span><br \/>\n<span style=\"color: #000000;\"> Universidad Polit\u00e9cnica de Valencia<\/span><\/td>\n<\/tr>\n<tr>\n<td style=\"text-align: center;\"><\/td>\n<td style=\"text-align: center;\"><span style=\"text-decoration: underline; color: #000080;\"><strong>Derecho<\/strong><\/span><br \/>\n<span style=\"color: #000000;\">Prof. Dra. Mar\u00eda del Carmen Pastor Sempere<\/span><br \/>\n<span style=\"color: #000000;\"> Universidad de Alicante<\/span><\/td>\n<\/tr>\n<tr>\n<td style=\"text-align: center;\"><\/td>\n<td style=\"text-align: center;\"><strong><span style=\"text-decoration: underline;\"><span style=\"color: #000080; text-decoration: underline;\">Ingenier\u00eda y Tecn<\/span><span style=\"color: #000080; text-decoration: underline;\">olog\u00eda<\/span><\/span><\/strong><br \/>\n<span style=\"color: #000000;\">Prof. Dr. David Ju\u00e1rez Var\u00f3n<\/span><br \/>\n<span style=\"color: #000000;\"> Universidad Polit\u00e9cnica de Valencia<\/span><\/td>\n<\/tr>\n<tr>\n<td style=\"text-align: center;\"><\/td>\n<td style=\"text-align: center;\"><span style=\"text-decoration: underline;\"><span style=\"color: #000080; text-decoration: underline;\"><strong>Tecnolog\u00edas de la Informaci\u00f3n y la Comunicaci\u00f3n<\/strong><\/span><\/span><br \/>\n<span style=\"color: #000000;\">Prof. Dr. Manuel Llorca Alc\u00f3n<\/span><br \/>\n<span style=\"color: #000000;\"> Universidad Polit\u00e9cnica de Valencia<\/span><\/td>\n<\/tr>\n<tr>\n<td style=\"text-align: center;\"><\/td>\n<td style=\"text-align: center;\"><span style=\"text-decoration: underline;\"><span style=\"color: #000080; text-decoration: underline;\"><strong>Medicina<\/strong><\/span><\/span><br \/>\n<span style=\"color: #000000;\">Dra. Mar Arlandis Domingo<\/span><br \/>\n<span style=\"color: #000000;\"> Hospital de San Juan de Alicante<\/span><\/td>\n<\/tr>\n<\/tbody>\n<\/table>\n<p><\/p>\n","protected":false},"excerpt":{"rendered":"<p>El comit\u00e9 cient\u00edfico t\u00e9cnico de la editorial 3Ciencias est\u00e1 compuesto por los siguientes expertos: \u00c1rea textil Prof. Dr. Josep Valldeperas Morell Universidad Polit\u00e9cnica de Catalu\u00f1a \u00c1rea financiera Prof. Dr. Juan \u00c1ngel Lafuente Luengo Universidad Jaume I (Castell\u00f3n de la Plana) &hellip; <a href=\"https:\/\/3ciencias.com\/en\/presentation\/comite-cientifico-tecnico\/\">leer m\u00e1s <span class=\"meta-nav\">&rarr;<\/span><\/a><\/p>\n","protected":false},"author":2,"featured_media":0,"parent":8971,"menu_order":0,"comment_status":"closed","ping_status":"closed","template":"","meta":{"_bbp_topic_count":0,"_bbp_reply_count":0,"_bbp_total_topic_count":0,"_bbp_total_reply_count":0,"_bbp_voice_count":0,"_bbp_anonymous_reply_count":0,"_bbp_topic_count_hidden":0,"_bbp_reply_count_hidden":0,"_bbp_forum_subforum_count":0,"_mi_skip_tracking":false,"_monsterinsights_sitenote_active":false,"_monsterinsights_sitenote_note":"","_monsterinsights_sitenote_category":0,"footnotes":""},"acf":[],"_links":{"self":[{"href":"https:\/\/3ciencias.com\/en\/wp-json\/wp\/v2\/pages\/9451"}],"collection":[{"href":"https:\/\/3ciencias.com\/en\/wp-json\/wp\/v2\/pages"}],"about":[{"href":"https:\/\/3ciencias.com\/en\/wp-json\/wp\/v2\/types\/page"}],"author":[{"embeddable":true,"href":"https:\/\/3ciencias.com\/en\/wp-json\/wp\/v2\/users\/2"}],"replies":[{"embeddable":true,"href":"https:\/\/3ciencias.com\/en\/wp-json\/wp\/v2\/comments?post=9451"}],"version-history":[{"count":0,"href":"https:\/\/3ciencias.com\/en\/wp-json\/wp\/v2\/pages\/9451\/revisions"}],"up":[{"embeddable":true,"href":"https:\/\/3ciencias.com\/en\/wp-json\/wp\/v2\/pages\/8971"}],"wp:attachment":[{"href":"https:\/\/3ciencias.com\/en\/wp-json\/wp\/v2\/media?parent=9451"}],"curies":[{"name":"wp","href":"https:\/\/api.w.org\/{rel}","templated":true}]}}