{"id":9421,"date":"2016-11-29T14:48:16","date_gmt":"2016-11-29T13:48:16","guid":{"rendered":"https:\/\/3ciencias.com\/i-congreso-internacional-online-economia-empresa-sociedad\/comites2\/comite-organizador\/"},"modified":"2016-11-29T14:48:16","modified_gmt":"2016-11-29T13:48:16","slug":"comite-organizador","status":"publish","type":"page","link":"https:\/\/3ciencias.com\/en\/i-congreso-internacional-online-economia-empresa-sociedad\/comites2\/comite-organizador\/","title":{"rendered":"Comit\u00e9 organizador"},"content":{"rendered":"<p><em><strong>Presidenta<\/strong><\/em><\/p>\n<ul>\n<li>Maria Vilaplana Aparicio. Universidad de Alicante<\/li>\n<\/ul>\n<p><em><strong>Coordinadora y secretar\u00eda general<\/strong><\/em><\/p>\n<ul>\n<li>In\u00e9s Poveda Pastor. Documentalista en 3Ciencias<\/li>\n<\/ul>\n<p><em><strong>Componentes de la organizaci\u00f3n<\/strong><\/em><\/p>\n<ul>\n<li>Prof. Dra. Ana Isabel P\u00e9rez Molina. Universidad Polit\u00e9cnica de Valencia<\/li>\n<li>Prof. Dr. V\u00edctor Gisbert Soler. Universidad Polit\u00e9cnica de Valencia<\/li>\n<li>Prof. Dra. Inmaculada Bel Oms. Universidad Jaume I (Castell\u00f3n)<\/li>\n<li>Prof. Dr. Javier C\u00e1rcel Carrasco. Universidad Polit\u00e9cnica de Valencia<\/li>\n<\/ul>\n","protected":false},"excerpt":{"rendered":"<p>Presidenta Maria Vilaplana Aparicio. Universidad de Alicante Coordinadora y secretar\u00eda general In\u00e9s Poveda Pastor. Documentalista en 3Ciencias Componentes de la organizaci\u00f3n Prof. Dra. Ana Isabel P\u00e9rez Molina. Universidad Polit\u00e9cnica de Valencia Prof. Dr. V\u00edctor Gisbert Soler. Universidad Polit\u00e9cnica de Valencia &hellip; <a href=\"https:\/\/3ciencias.com\/en\/i-congreso-internacional-online-economia-empresa-sociedad\/comites2\/comite-organizador\/\">leer m\u00e1s <span class=\"meta-nav\">&rarr;<\/span><\/a><\/p>\n","protected":false},"author":2,"featured_media":0,"parent":9419,"menu_order":0,"comment_status":"closed","ping_status":"closed","template":"tp-congreso.php","meta":{"_bbp_topic_count":0,"_bbp_reply_count":0,"_bbp_total_topic_count":0,"_bbp_total_reply_count":0,"_bbp_voice_count":0,"_bbp_anonymous_reply_count":0,"_bbp_topic_count_hidden":0,"_bbp_reply_count_hidden":0,"_bbp_forum_subforum_count":0,"_mi_skip_tracking":false,"_monsterinsights_sitenote_active":false,"_monsterinsights_sitenote_note":"","_monsterinsights_sitenote_category":0,"footnotes":""},"acf":[],"_links":{"self":[{"href":"https:\/\/3ciencias.com\/en\/wp-json\/wp\/v2\/pages\/9421"}],"collection":[{"href":"https:\/\/3ciencias.com\/en\/wp-json\/wp\/v2\/pages"}],"about":[{"href":"https:\/\/3ciencias.com\/en\/wp-json\/wp\/v2\/types\/page"}],"author":[{"embeddable":true,"href":"https:\/\/3ciencias.com\/en\/wp-json\/wp\/v2\/users\/2"}],"replies":[{"embeddable":true,"href":"https:\/\/3ciencias.com\/en\/wp-json\/wp\/v2\/comments?post=9421"}],"version-history":[{"count":0,"href":"https:\/\/3ciencias.com\/en\/wp-json\/wp\/v2\/pages\/9421\/revisions"}],"up":[{"embeddable":true,"href":"https:\/\/3ciencias.com\/en\/wp-json\/wp\/v2\/pages\/9419"}],"wp:attachment":[{"href":"https:\/\/3ciencias.com\/en\/wp-json\/wp\/v2\/media?parent=9421"}],"curies":[{"name":"wp","href":"https:\/\/api.w.org\/{rel}","templated":true}]}}