{"id":9418,"date":"2016-12-01T15:31:00","date_gmt":"2016-12-01T14:31:00","guid":{"rendered":"https:\/\/3ciencias.com\/i-congreso-internacional-online-economia-empresa-sociedad\/comite-cientifico\/"},"modified":"2016-12-01T15:31:00","modified_gmt":"2016-12-01T14:31:00","slug":"comite-cientifico","status":"publish","type":"page","link":"https:\/\/3ciencias.com\/en\/i-congreso-internacional-online-economia-empresa-sociedad\/comite-cientifico\/","title":{"rendered":"Comit\u00e9 cient\u00edfico"},"content":{"rendered":"<p style=\"margin-bottom: 19.5pt; text-align: justify;\"><span style=\"font-size: 11.5pt; font-family: 'Helvetica','sans-serif'; color: #333333;\">El<span class=\"apple-converted-space\">\u00a0<\/span><strong style=\"color: inherit; font-stretch: normal; font-style: inherit;\"><span style=\"font-family: 'Helvetica','sans-serif';\">comit\u00e9 cient\u00edfico<\/span><\/strong><span class=\"apple-converted-space\">\u00a0<\/span>del<span class=\"apple-converted-space\">\u00a0<\/span><a style=\"font-stretch: normal; font-style: inherit; font-weight: inherit;\" href=\"https:\/\/3ciencias.com\/en\/i-congreso-internacional-online-economia-empresa-sociedad\/\"><strong style=\"font-stretch: normal; font-style: inherit;\"><span style=\"font-family: 'Helvetica','sans-serif'; color: #1b8be0; text-decoration: none; text-underline: none;\">I Congreso Internacional online sobre Econom\u00eda, Empresa y Sociedad<\/span><\/strong><\/a><span class=\"apple-converted-space\">\u00a0<\/span>est\u00e1 formado por los siguientes profesionales:<\/span><\/p>\n<p style=\"margin: 0cm; margin-bottom: .0001pt;\"><span style=\"font-size: 11.5pt; font-family: 'Helvetica','sans-serif'; color: #333333;\">&#8211;<a style=\"font-stretch: normal; font-style: inherit; font-weight: inherit;\" href=\"https:\/\/3ciencias.com\/en\/pedro-r-palos-sanchez\/\" target=\"_blank\"><span style=\"color: #1b8be0; text-decoration: none; text-underline: none;\">Prof. Dr. Pedro Ramiro Palos S\u00e1nchez<\/span><\/a>. Universidad de Extremadura<\/span><\/p>\n<p style=\"margin: 0cm; margin-bottom: .0001pt;\"><span style=\"font-size: 11.5pt; font-family: 'Helvetica','sans-serif'; color: #333333;\">&#8211;<a href=\"https:\/\/3ciencias.com\/en\/francisco-javier-carcel-carrasco\/\" target=\"_blank\">Prof. Dr. Francisco Javier C\u00e1rcel Carrasco<\/a>. Universidad Polit\u00e9cnica de Valencia<\/span><\/p>\n<p style=\"margin: 0cm; margin-bottom: .0001pt;\"><span style=\"font-size: 11.5pt; font-family: 'Helvetica','sans-serif'; color: #333333;\">&#8211;<a style=\"font-stretch: normal; font-style: inherit; font-weight: inherit;\" href=\"https:\/\/3ciencias.com\/en\/aurelio-herrero-blasco\/\" target=\"_blank\"><span style=\"color: #1b8be0; text-decoration: none; text-underline: none;\">Prof. Dr. Aurelio Herrero Blasco<\/span><\/a>. Universidad Polit\u00e9cnica de Valencia<\/span><\/p>\n<p style=\"margin: 0cm; margin-bottom: .0001pt; font-stretch: normal; orphans: 2; text-align: start; widows: 2; -webkit-text-stroke-width: 0px; word-spacing: 0px;\"><span style=\"font-size: 11.5pt; font-family: 'Helvetica','sans-serif'; color: #333333;\">&#8211;<a style=\"font-stretch: normal; font-style: inherit; font-weight: inherit;\" href=\"https:\/\/3ciencias.com\/en\/enric-ramiro-roca\/\" target=\"_blank\"><span style=\"color: #1b8be0; text-decoration: none; text-underline: none;\">Prof. Dr. Enric Pere Ramiro Roca<\/span><\/a>. Universidad Jaume I (Castell\u00f3n)<\/span><\/p>\n<p style=\"margin: 0cm; margin-bottom: .0001pt; font-stretch: normal; orphans: 2; text-align: start; widows: 2; -webkit-text-stroke-width: 0px; word-spacing: 0px;\"><span style=\"font-size: 11.5pt; font-family: 'Helvetica','sans-serif'; color: #333333;\">-Prof. Dr. David Ju\u00e1rez Var\u00f3n. Universidad Polit\u00e9cnica de Valencia<\/span><\/p>\n<p style=\"margin: 0cm; margin-bottom: .0001pt; font-stretch: normal; orphans: 2; text-align: start; widows: 2; -webkit-text-stroke-width: 0px; word-spacing: 0px;\"><span style=\"font-size: 11.5pt; font-family: 'Helvetica','sans-serif'; color: #333333;\">&#8211;<a style=\"font-stretch: normal; font-style: inherit; font-weight: inherit;\" href=\"https:\/\/3ciencias.com\/en\/eduard-amoros-kern\/\" target=\"_blank\"><span style=\"color: #1b8be0; text-decoration: none; text-underline: none;\">Prof. Dr. Eduard Amor\u00f3s Kern<\/span><\/a>. Universidad de Valencia<\/span><\/p>\n<p style=\"margin: 0cm; margin-bottom: .0001pt; font-stretch: normal; orphans: 2; text-align: start; widows: 2; -webkit-text-stroke-width: 0px; word-spacing: 0px;\"><span style=\"font-size: 11.5pt; font-family: 'Helvetica','sans-serif'; color: #333333;\">-Prof. Dra. Emma Dunia Vidal Prades. Universidad Jaume I (Castell\u00f3n)<\/span><\/p>\n<p style=\"margin: 0cm; margin-bottom: .0001pt; font-stretch: normal; orphans: 2; text-align: start; widows: 2; -webkit-text-stroke-width: 0px; word-spacing: 0px;\"><span style=\"font-size: 11.5pt; font-family: 'Helvetica','sans-serif'; color: #333333;\">&#8211;<a style=\"font-stretch: normal; font-style: inherit; font-weight: inherit;\" href=\"https:\/\/3ciencias.com\/en\/vicent-arago-manzana\/\" target=\"_blank\"><span style=\"color: #1b8be0; text-decoration: none; text-underline: none;\">Prof. Dr. Vicente Arag\u00f3 Manzana<\/span><\/a>. Universidad Jaume I (Castell\u00f3n)<\/span><\/p>\n<p style=\"margin: 0cm; margin-bottom: .0001pt; font-stretch: normal; orphans: 2; text-align: start; widows: 2; -webkit-text-stroke-width: 0px; word-spacing: 0px;\"><span style=\"font-size: 11.5pt; font-family: 'Helvetica','sans-serif'; color: #333333;\">&#8211;<a style=\"font-stretch: normal; font-style: inherit; font-weight: inherit;\" href=\"https:\/\/3ciencias.com\/en\/conferences\/archived-congresses\/congreso-tecnologia-e-ingenieria\/comites\/victor-gisbert-soler\/\" target=\"_blank\"><span style=\"color: #1b8be0; text-decoration: none; text-underline: none;\">Prof. Dr. V\u00edctor Gisbert Soler<\/span><\/a>. Universidad Polit\u00e9cnica de Valencia<\/span><\/p>\n<p style=\"margin: 0cm; margin-bottom: .0001pt; font-stretch: normal; orphans: 2; text-align: start; widows: 2; -webkit-text-stroke-width: 0px; word-spacing: 0px;\"><span style=\"font-size: 11.5pt; font-family: 'Helvetica','sans-serif'; color: #333333;\">-Prof. Dr. Diego V\u00edctor de Mingo L\u00f3pez. Universidad Jaume I (Castell\u00f3n)<\/span><\/p>\n<p style=\"margin: 0cm; margin-bottom: .0001pt; font-stretch: normal; orphans: 2; text-align: start; widows: 2; -webkit-text-stroke-width: 0px; word-spacing: 0px;\"><span style=\"font-size: 11.5pt; font-family: 'Helvetica','sans-serif'; color: #333333;\">&#8211;<a style=\"font-stretch: normal; font-style: inherit; font-weight: inherit;\" href=\"https:\/\/3ciencias.com\/en\/ana-isabel-perez-molina\/\" target=\"_blank\"><span style=\"color: #1b8be0; text-decoration: none; text-underline: none;\">Prof. Dra. Ana Isabel P\u00e9rez Molina<\/span><\/a>. Universidad Polit\u00e9cnica de Valencia<\/span><\/p>\n<p style=\"margin: 0cm; margin-bottom: .0001pt; font-stretch: normal; orphans: 2; text-align: start; widows: 2; -webkit-text-stroke-width: 0px; word-spacing: 0px;\"><span style=\"font-size: 11.5pt; font-family: 'Helvetica','sans-serif'; color: #333333;\">&#8211;<a href=\"https:\/\/3ciencias.com\/en\/yessica-sanchez-hernandez\/\" target=\"_blank\"><span style=\"color: #1b8be0; text-decoration: none; text-underline: none;\">Invest. Yessica S\u00e1nchez Hern\u00e1ndez<\/span><\/a>. Universidad de Granada<br \/>\n<\/span><\/p>\n<p style=\"margin: 0cm; margin-bottom: .0001pt; font-stretch: normal; orphans: 2; text-align: start; widows: 2; -webkit-text-stroke-width: 0px; word-spacing: 0px;\"><span style=\"font-size: 11.5pt; font-family: 'Helvetica','sans-serif'; color: #333333;\">&#8211;<a style=\"font-stretch: normal; font-style: inherit; font-weight: inherit;\" href=\"https:\/\/3ciencias.com\/en\/raul-armando-ramos-morocho\/\" target=\"_blank\"><span style=\"color: #1b8be0; text-decoration: none; text-underline: none;\">Prof. Ra\u00fal A. Ramos Morocho<\/span><\/a>. Universidad T\u00e9cnica de Babahoyo (Ecuador)<\/span><\/p>\n<p style=\"margin: 0cm; margin-bottom: .0001pt; font-stretch: normal; orphans: 2; text-align: start; widows: 2; -webkit-text-stroke-width: 0px; word-spacing: 0px;\"><span style=\"font-size: 11.5pt; font-family: 'Helvetica','sans-serif'; color: #333333;\">-Prof. Dra. Sof\u00eda Estell\u00e9s Miguel. Universidad Polit\u00e9cnica de Valencia<\/span><\/p>\n<p style=\"margin: 0cm; margin-bottom: .0001pt; font-stretch: normal; orphans: 2; text-align: start; widows: 2; -webkit-text-stroke-width: 0px; word-spacing: 0px;\"><span style=\"font-size: 11.5pt; font-family: 'Helvetica','sans-serif'; color: #333333;\">&#8211;<a style=\"font-stretch: normal; font-style: inherit; font-weight: inherit;\" href=\"https:\/\/3ciencias.com\/en\/antonio-mesas-castano\/\" target=\"_blank\"><span style=\"color: #1b8be0; text-decoration: none; text-underline: none;\">Prof. Dr. Antonio Mesas Casta\u00f1o<\/span><\/a>. Universidad Jaume I (Castell\u00f3n)<\/span><\/p>\n<p style=\"margin: 0cm; margin-bottom: .0001pt; font-stretch: normal; orphans: 2; text-align: start; widows: 2; -webkit-text-stroke-width: 0px; word-spacing: 0px;\"><span style=\"font-size: 11.5pt; font-family: 'Helvetica','sans-serif'; color: #333333;\">&#8211;<a style=\"font-stretch: normal; font-style: inherit; font-weight: inherit;\" href=\"https:\/\/3ciencias.com\/en\/osbaldo-turpo-gebera\/\" target=\"_blank\"><span style=\"color: #1b8be0; text-decoration: none; text-underline: none;\">Prof. Dr. Osbaldo Turpo Gebera<\/span><\/a>. Universidad de Salamanca<\/span><\/p>\n<p style=\"margin: 0cm; margin-bottom: .0001pt; font-stretch: normal; orphans: 2; text-align: start; widows: 2; -webkit-text-stroke-width: 0px; word-spacing: 0px;\"><span style=\"font-size: 11.5pt; font-family: 'Helvetica','sans-serif'; color: #333333;\">-Prof. Dra. Paola Mercado Lozano. Universidad de Guadalajara (M\u00e9xico)<\/span><\/p>\n<p style=\"margin: 0cm; margin-bottom: .0001pt; font-stretch: normal; orphans: 2; text-align: start; widows: 2; -webkit-text-stroke-width: 0px; word-spacing: 0px;\"><span style=\"font-size: 11.5pt; font-family: 'Helvetica','sans-serif'; color: #333333;\">&#8211;<a style=\"font-stretch: normal; font-style: inherit; font-weight: inherit;\" href=\"https:\/\/3ciencias.com\/en\/juan-garcia-fuentes\/\" target=\"_blank\"><span style=\"color: #1b8be0; text-decoration: none; text-underline: none;\">Invest. Juan Garc\u00eda Fuentes<\/span><\/a>. Universidad de Granada\u00a0<\/span><\/p>\n<p style=\"margin: 0cm; margin-bottom: .0001pt; font-stretch: normal; orphans: 2; text-align: start; widows: 2; -webkit-text-stroke-width: 0px; word-spacing: 0px;\"><span style=\"font-size: 11.5pt; font-family: 'Helvetica','sans-serif'; color: #333333;\">-Prof. Dr. Ra\u00fal Ruiz Callado. Universidad de Alicante<\/span><\/p>\n<p style=\"margin: 0cm; margin-bottom: .0001pt;\"><span style=\"font-size: 11.5pt; font-family: 'Helvetica','sans-serif'; color: #333333;\">&#8211;<a href=\"https:\/\/3ciencias.com\/en\/aurora-feria-viceo\/\" target=\"_blank\">Invest. Aurora Feria Viceo<\/a>. Universidad de Granada<\/span><\/p>\n<p style=\"margin: 0cm; margin-bottom: .0001pt;\">-Prof. Dr. Ra\u00fal Oltra Badenes. Universidad Polit\u00e9cnica de Valencia<\/p>\n","protected":false},"excerpt":{"rendered":"<p>El\u00a0comit\u00e9 cient\u00edfico\u00a0del\u00a0I Congreso Internacional online sobre Econom\u00eda, Empresa y Sociedad\u00a0est\u00e1 formado por los siguientes profesionales: &#8211;Prof. Dr. Pedro Ramiro Palos S\u00e1nchez. Universidad de Extremadura &#8211;Prof. Dr. Francisco Javier C\u00e1rcel Carrasco. Universidad Polit\u00e9cnica de Valencia &#8211;Prof. Dr. Aurelio Herrero Blasco. Universidad &hellip; <a href=\"https:\/\/3ciencias.com\/en\/i-congreso-internacional-online-economia-empresa-sociedad\/comite-cientifico\/\">leer m\u00e1s <span class=\"meta-nav\">&rarr;<\/span><\/a><\/p>\n","protected":false},"author":2,"featured_media":0,"parent":9082,"menu_order":0,"comment_status":"closed","ping_status":"closed","template":"tp-congreso.php","meta":{"_bbp_topic_count":0,"_bbp_reply_count":0,"_bbp_total_topic_count":0,"_bbp_total_reply_count":0,"_bbp_voice_count":0,"_bbp_anonymous_reply_count":0,"_bbp_topic_count_hidden":0,"_bbp_reply_count_hidden":0,"_bbp_forum_subforum_count":0,"_mi_skip_tracking":false,"_monsterinsights_sitenote_active":false,"_monsterinsights_sitenote_note":"","_monsterinsights_sitenote_category":0,"footnotes":""},"acf":[],"_links":{"self":[{"href":"https:\/\/3ciencias.com\/en\/wp-json\/wp\/v2\/pages\/9418"}],"collection":[{"href":"https:\/\/3ciencias.com\/en\/wp-json\/wp\/v2\/pages"}],"about":[{"href":"https:\/\/3ciencias.com\/en\/wp-json\/wp\/v2\/types\/page"}],"author":[{"embeddable":true,"href":"https:\/\/3ciencias.com\/en\/wp-json\/wp\/v2\/users\/2"}],"replies":[{"embeddable":true,"href":"https:\/\/3ciencias.com\/en\/wp-json\/wp\/v2\/comments?post=9418"}],"version-history":[{"count":0,"href":"https:\/\/3ciencias.com\/en\/wp-json\/wp\/v2\/pages\/9418\/revisions"}],"up":[{"embeddable":true,"href":"https:\/\/3ciencias.com\/en\/wp-json\/wp\/v2\/pages\/9082"}],"wp:attachment":[{"href":"https:\/\/3ciencias.com\/en\/wp-json\/wp\/v2\/media?parent=9418"}],"curies":[{"name":"wp","href":"https:\/\/api.w.org\/{rel}","templated":true}]}}