{"id":9417,"date":"2016-12-01T16:02:40","date_gmt":"2016-12-01T15:02:40","guid":{"rendered":"https:\/\/3ciencias.com\/i-congreso-internacional-online-economia-empresa-sociedad\/inscripcion\/"},"modified":"2016-12-01T16:02:40","modified_gmt":"2016-12-01T15:02:40","slug":"inscripcion","status":"publish","type":"page","link":"https:\/\/3ciencias.com\/en\/i-congreso-internacional-online-economia-empresa-sociedad\/inscripcion\/","title":{"rendered":"Inscripci\u00f3n"},"content":{"rendered":"<p>En este apartado se incluye toda la informaci\u00f3n sobre la <strong>inscripci\u00f3n<\/strong>, en concreto:<\/p>\n<ul>\n<li><a href=\"https:\/\/3ciencias.com\/en\/i-congreso-internacional-online-economia-empresa-sociedad\/inscripcion\/\" target=\"_blank\">Formulario de incripci\u00f3n<\/a><\/li>\n<li><a href=\"https:\/\/3ciencias.com\/en\/i-congreso-internacional-online-economia-empresa-sociedad\/inscripcion\/cuota-de-insripcion\/\">Cuota de inscripci\u00f3n<\/a><a href=\"https:\/\/3ciencias.com\/en\/i-congreso-internacional-online-economia-empresa-sociedad\/inscripcion\/cuota-de-insripcion\/\"><img decoding=\"async\" loading=\"lazy\" class=\"alignright wp-image-7839\" src=\"https:\/\/3ciencias.com\/wp-content\/uploads\/2016\/12\/startup-593327_1920-300x200.jpg\" alt=\"Inscripci\u00f3n\" width=\"230\" height=\"156\" \/><\/a><\/li>\n<\/ul>\n","protected":false},"excerpt":{"rendered":"<p>En este apartado se incluye toda la informaci\u00f3n sobre la inscripci\u00f3n, en concreto: Formulario de incripci\u00f3n Cuota de inscripci\u00f3n<\/p>\n","protected":false},"author":2,"featured_media":0,"parent":9082,"menu_order":0,"comment_status":"closed","ping_status":"closed","template":"tp-congreso.php","meta":{"_bbp_topic_count":0,"_bbp_reply_count":0,"_bbp_total_topic_count":0,"_bbp_total_reply_count":0,"_bbp_voice_count":0,"_bbp_anonymous_reply_count":0,"_bbp_topic_count_hidden":0,"_bbp_reply_count_hidden":0,"_bbp_forum_subforum_count":0,"_mi_skip_tracking":false,"_monsterinsights_sitenote_active":false,"_monsterinsights_sitenote_note":"","_monsterinsights_sitenote_category":0,"footnotes":""},"acf":[],"_links":{"self":[{"href":"https:\/\/3ciencias.com\/en\/wp-json\/wp\/v2\/pages\/9417"}],"collection":[{"href":"https:\/\/3ciencias.com\/en\/wp-json\/wp\/v2\/pages"}],"about":[{"href":"https:\/\/3ciencias.com\/en\/wp-json\/wp\/v2\/types\/page"}],"author":[{"embeddable":true,"href":"https:\/\/3ciencias.com\/en\/wp-json\/wp\/v2\/users\/2"}],"replies":[{"embeddable":true,"href":"https:\/\/3ciencias.com\/en\/wp-json\/wp\/v2\/comments?post=9417"}],"version-history":[{"count":0,"href":"https:\/\/3ciencias.com\/en\/wp-json\/wp\/v2\/pages\/9417\/revisions"}],"up":[{"embeddable":true,"href":"https:\/\/3ciencias.com\/en\/wp-json\/wp\/v2\/pages\/9082"}],"wp:attachment":[{"href":"https:\/\/3ciencias.com\/en\/wp-json\/wp\/v2\/media?parent=9417"}],"curies":[{"name":"wp","href":"https:\/\/api.w.org\/{rel}","templated":true}]}}