{"id":9416,"date":"2016-12-02T09:39:22","date_gmt":"2016-12-02T08:39:22","guid":{"rendered":"https:\/\/3ciencias.com\/calendario-del-congreso-economia\/"},"modified":"2016-12-02T09:39:22","modified_gmt":"2016-12-02T08:39:22","slug":"calendario-del-congreso-economia","status":"publish","type":"page","link":"https:\/\/3ciencias.com\/en\/i-congreso-internacional-online-economia-empresa-sociedad\/normativa-sobre-congreso\/calendario-del-congreso-economia\/","title":{"rendered":"Calendario"},"content":{"rendered":"<p style=\"text-align: justify;\">A continuaci\u00f3n les presentamos las fechas importantes del <strong>I Congreso Internacional <span style=\"color: #000000;\">online sobre Econom\u00eda, Empresa y Sociedad.<\/span><\/strong><\/p>\n<p style=\"text-align: justify;\"><span style=\"color: #ff0000;\"><span style=\"color: #000000;\">Como cambio de \u00faltima hora,<\/span> <strong>se ha ampliado el plazo de env\u00edo de res\u00famenes hasta el 23 de marzo.<\/strong> <\/span><\/p>\n<p style=\"text-align: justify;\"><img decoding=\"async\" loading=\"lazy\" class=\"aligncenter wp-image-7798 size-large\" src=\"https:\/\/3ciencias.com\/wp-content\/uploads\/2016\/12\/Propuesta-fechas-congreso-1-724x1024.jpg\" alt=\"Fechas del congreso\" width=\"584\" height=\"826\" srcset=\"https:\/\/3ciencias.com\/wp-content\/uploads\/2016\/12\/Propuesta-fechas-congreso-1-724x1024.jpg 724w, https:\/\/3ciencias.com\/wp-content\/uploads\/2016\/12\/Propuesta-fechas-congreso-1-212x300.jpg 212w, https:\/\/3ciencias.com\/wp-content\/uploads\/2016\/12\/Propuesta-fechas-congreso-1-768x1086.jpg 768w, https:\/\/3ciencias.com\/wp-content\/uploads\/2016\/12\/Propuesta-fechas-congreso-1-150x212.jpg 150w, https:\/\/3ciencias.com\/wp-content\/uploads\/2016\/12\/Propuesta-fechas-congreso-1.jpg 1654w\" sizes=\"(max-width: 584px) 100vw, 584px\" \/><\/p>\n","protected":false},"excerpt":{"rendered":"<p>A continuaci\u00f3n les presentamos las fechas importantes del I Congreso Internacional online sobre Econom\u00eda, Empresa y Sociedad. Como cambio de \u00faltima hora, se ha ampliado el plazo de env\u00edo de res\u00famenes hasta el 23 de marzo.<\/p>\n","protected":false},"author":2,"featured_media":0,"parent":9776,"menu_order":0,"comment_status":"closed","ping_status":"closed","template":"tp-congreso.php","meta":{"_bbp_topic_count":0,"_bbp_reply_count":0,"_bbp_total_topic_count":0,"_bbp_total_reply_count":0,"_bbp_voice_count":0,"_bbp_anonymous_reply_count":0,"_bbp_topic_count_hidden":0,"_bbp_reply_count_hidden":0,"_bbp_forum_subforum_count":0,"_mi_skip_tracking":false,"_monsterinsights_sitenote_active":false,"_monsterinsights_sitenote_note":"","_monsterinsights_sitenote_category":0,"footnotes":""},"acf":[],"_links":{"self":[{"href":"https:\/\/3ciencias.com\/en\/wp-json\/wp\/v2\/pages\/9416"}],"collection":[{"href":"https:\/\/3ciencias.com\/en\/wp-json\/wp\/v2\/pages"}],"about":[{"href":"https:\/\/3ciencias.com\/en\/wp-json\/wp\/v2\/types\/page"}],"author":[{"embeddable":true,"href":"https:\/\/3ciencias.com\/en\/wp-json\/wp\/v2\/users\/2"}],"replies":[{"embeddable":true,"href":"https:\/\/3ciencias.com\/en\/wp-json\/wp\/v2\/comments?post=9416"}],"version-history":[{"count":0,"href":"https:\/\/3ciencias.com\/en\/wp-json\/wp\/v2\/pages\/9416\/revisions"}],"up":[{"embeddable":true,"href":"https:\/\/3ciencias.com\/en\/wp-json\/wp\/v2\/pages\/9776"}],"wp:attachment":[{"href":"https:\/\/3ciencias.com\/en\/wp-json\/wp\/v2\/media?parent=9416"}],"curies":[{"name":"wp","href":"https:\/\/api.w.org\/{rel}","templated":true}]}}