{"id":9377,"date":"2017-01-13T10:52:01","date_gmt":"2017-01-13T09:52:01","guid":{"rendered":"https:\/\/3ciencias.com\/eduard-amoros-kern\/"},"modified":"2017-01-13T10:52:01","modified_gmt":"2017-01-13T09:52:01","slug":"eduard-amoros-kern","status":"publish","type":"page","link":"https:\/\/3ciencias.com\/en\/eduard-amoros-kern\/","title":{"rendered":"Eduard Amor\u00f3s Kern"},"content":{"rendered":"<p><img decoding=\"async\" loading=\"lazy\" class=\" wp-image-8056 alignright\" src=\"https:\/\/3ciencias.com\/wp-content\/uploads\/2017\/01\/Eduard-Amor\u00f3s-Kern-300x200.jpg\" alt=\"\" width=\"284\" height=\"193\" \/><strong>Doctor en Marketing. Soci\u00f3logo<\/strong>. Director de Marketing en KAIZEN GROUP. Profesor del Departamento de Comercializaci\u00f3n e Investigaci\u00f3n de Mercados de la Universitat de Val\u00e8ncia, profesor colaborador de Florida Universitaria, profesor de la Universidad Nacional de Educaci\u00f3n a Distancia (UNED), profesor de la Universidad Internacional de Valencia (VIU), profesor de la Universidad Europea (UE), profesor internacional de la Universidad de Antioquia (Colombia) y de la Universidad ESAN Business School (Per\u00fa).<\/p>\n<p>Ha desarrollado su trayectoria profesional como coordinador del \u00c1rea de Empresa de la Universidad Europea (UE), Director de l\u2019Escola de Formaci\u00f3 Ernest Lluch, Codirector del Diploma de Marketing y Comunicaci\u00f3n desde las Administraciones P\u00fablicas Locales, as\u00ed como asesor t\u00e9cnico en materia de empleo, participaci\u00f3n ciudadana o promoci\u00f3n econ\u00f3mica, para diferentes entidades p\u00fablicas y privadas (ayuntamientos, pymes, organizaciones\u2026).<\/p>\n<p>Sus <strong>\u00e1reas de investigaci\u00f3n<\/strong> y gesti\u00f3n son el <strong>Marketing P\u00fablico<\/strong>, <strong>Marketing Social<\/strong>, <strong>Marketing Pol\u00edtico<\/strong>, <strong>Social Media<\/strong> y <strong>E-commerce<\/strong>.<\/p>\n<p>&nbsp;<\/p>\n","protected":false},"excerpt":{"rendered":"<p>Doctor en Marketing. Soci\u00f3logo. Director de Marketing en KAIZEN GROUP. Profesor del Departamento de Comercializaci\u00f3n e Investigaci\u00f3n de Mercados de la Universitat de Val\u00e8ncia, profesor colaborador de Florida Universitaria, profesor de la Universidad Nacional de Educaci\u00f3n a Distancia (UNED), profesor &hellip; <a href=\"https:\/\/3ciencias.com\/en\/eduard-amoros-kern\/\">leer m\u00e1s <span class=\"meta-nav\">&rarr;<\/span><\/a><\/p>\n","protected":false},"author":2,"featured_media":0,"parent":0,"menu_order":0,"comment_status":"closed","ping_status":"closed","template":"","meta":{"_bbp_topic_count":0,"_bbp_reply_count":0,"_bbp_total_topic_count":0,"_bbp_total_reply_count":0,"_bbp_voice_count":0,"_bbp_anonymous_reply_count":0,"_bbp_topic_count_hidden":0,"_bbp_reply_count_hidden":0,"_bbp_forum_subforum_count":0,"_mi_skip_tracking":false,"_monsterinsights_sitenote_active":false,"_monsterinsights_sitenote_note":"","_monsterinsights_sitenote_category":0,"footnotes":""},"acf":[],"_links":{"self":[{"href":"https:\/\/3ciencias.com\/en\/wp-json\/wp\/v2\/pages\/9377"}],"collection":[{"href":"https:\/\/3ciencias.com\/en\/wp-json\/wp\/v2\/pages"}],"about":[{"href":"https:\/\/3ciencias.com\/en\/wp-json\/wp\/v2\/types\/page"}],"author":[{"embeddable":true,"href":"https:\/\/3ciencias.com\/en\/wp-json\/wp\/v2\/users\/2"}],"replies":[{"embeddable":true,"href":"https:\/\/3ciencias.com\/en\/wp-json\/wp\/v2\/comments?post=9377"}],"version-history":[{"count":0,"href":"https:\/\/3ciencias.com\/en\/wp-json\/wp\/v2\/pages\/9377\/revisions"}],"wp:attachment":[{"href":"https:\/\/3ciencias.com\/en\/wp-json\/wp\/v2\/media?parent=9377"}],"curies":[{"name":"wp","href":"https:\/\/api.w.org\/{rel}","templated":true}]}}