{"id":9375,"date":"2017-01-16T10:49:09","date_gmt":"2017-01-16T09:49:09","guid":{"rendered":"https:\/\/3ciencias.com\/i-congreso-internacional-online-economia-empresa-sociedad\/intervenciones-profesionales\/"},"modified":"2017-01-16T10:49:09","modified_gmt":"2017-01-16T09:49:09","slug":"intervenciones-profesionales","status":"publish","type":"page","link":"https:\/\/3ciencias.com\/en\/i-congreso-internacional-online-economia-empresa-sociedad\/intervenciones-profesionales\/","title":{"rendered":"Intervenciones profesionales"},"content":{"rendered":"<p>Se abre en esta p\u00e1gina un espacio de debate que gira en torno a las l\u00edneas de investigaci\u00f3n desarrolladas en el <a href=\"https:\/\/3ciencias.com\/en\/i-congreso-internacional-online-economia-empresa-sociedad\/\" target=\"_blank\" rel=\"noopener noreferrer\"><strong>I Congreso Internacional online sobre Econom\u00eda, Empresa y Sociedad<\/strong><\/a>.<\/p>\n<ul>\n<li><a href=\"https:\/\/3ciencias.com\/en\/i-congreso-internacional-online-economia-empresa-sociedad\/intervenciones-profesionales\/8724-2\/\">La auditor\u00eda y la RSC.<\/a><\/li>\n<li><a href=\"https:\/\/3ciencias.com\/en\/i-congreso-internacional-online-economia-empresa-sociedad\/intervenciones-profesionales\/consejos-administracion-consejeros-dominicales-la-revelacion-la-informacion-rsc\/\">Consejos de Administraci\u00f3n, consejeros dominicales y la revelaci\u00f3n de la informaci\u00f3n sobre RSC<\/a>.<\/li>\n<li><a href=\"https:\/\/3ciencias.com\/en\/i-congreso-internacional-online-economia-empresa-sociedad\/intervenciones-profesionales\/8734-2\/\">Estudio organizacional del Cloud Computing<\/a>.<\/li>\n<li><a href=\"https:\/\/3ciencias.com\/en\/i-congreso-internacional-online-economia-empresa-sociedad\/intervenciones-profesionales\/plazo-prescripcion-solicitar-la-devolucion-lo-debidamente-pagado\/\">Plazo de prescripci\u00f3n para solicitar la devoluci\u00f3n de lo debidamente pagado<\/a>.<\/li>\n<li><a href=\"https:\/\/3ciencias.com\/en\/i-congreso-internacional-online-economia-empresa-sociedad\/intervenciones-profesionales\/toma-decisiones-inversion-medidas-eficiencia-energetica-transporte-maritimo\/\">Toma de decisiones de inversi\u00f3n en medidas de eficiencia energ\u00e9tica en el transporte mar\u00edtimo<\/a>.<\/li>\n<li><a href=\"https:\/\/3ciencias.com\/en\/i-congreso-internacional-online-economia-empresa-sociedad\/intervenciones-profesionales\/papel-las-consejeras-la-responsabilidad-social-corporativa\/\" target=\"_blank\" rel=\"noopener noreferrer\">El papel de las consejeras en la RSC.<\/a><\/li>\n<li><a href=\"https:\/\/3ciencias.com\/en\/i-congreso-internacional-online-economia-empresa-sociedad\/intervenciones-profesionales\/capital-cultural-capital-monetario-la-economia-la-musica-clasica-contemporanea\/\" target=\"_blank\" rel=\"noopener noreferrer\">Entre el capital cultural y el capital monetario: la econom\u00eda en la m\u00fasica cl\u00e1sica contempor\u00e1nea.<\/a><\/li>\n<li><a href=\"https:\/\/3ciencias.com\/en\/i-congreso-internacional-online-economia-empresa-sociedad\/intervenciones-profesionales\/la-salvaguarda-del-cante-alentejano\/\" target=\"_blank\" rel=\"noopener noreferrer\">La salvaguarda del cante alentejano: factores socioculturales y econ\u00f3micos.<\/a><\/li>\n<\/ul>\n<h1><\/h1>\n<h1><\/h1>\n","protected":false},"excerpt":{"rendered":"<p>Se abre en esta p\u00e1gina un espacio de debate que gira en torno a las l\u00edneas de investigaci\u00f3n desarrolladas en el I Congreso Internacional online sobre Econom\u00eda, Empresa y Sociedad. La auditor\u00eda y la RSC. Consejos de Administraci\u00f3n, consejeros dominicales &hellip; <a href=\"https:\/\/3ciencias.com\/en\/i-congreso-internacional-online-economia-empresa-sociedad\/intervenciones-profesionales\/\">leer m\u00e1s <span class=\"meta-nav\">&rarr;<\/span><\/a><\/p>\n","protected":false},"author":2,"featured_media":0,"parent":9082,"menu_order":0,"comment_status":"closed","ping_status":"closed","template":"tp-congreso.php","meta":{"_bbp_topic_count":0,"_bbp_reply_count":0,"_bbp_total_topic_count":0,"_bbp_total_reply_count":0,"_bbp_voice_count":0,"_bbp_anonymous_reply_count":0,"_bbp_topic_count_hidden":0,"_bbp_reply_count_hidden":0,"_bbp_forum_subforum_count":0,"_mi_skip_tracking":false,"_monsterinsights_sitenote_active":false,"_monsterinsights_sitenote_note":"","_monsterinsights_sitenote_category":0,"footnotes":""},"acf":[],"_links":{"self":[{"href":"https:\/\/3ciencias.com\/en\/wp-json\/wp\/v2\/pages\/9375"}],"collection":[{"href":"https:\/\/3ciencias.com\/en\/wp-json\/wp\/v2\/pages"}],"about":[{"href":"https:\/\/3ciencias.com\/en\/wp-json\/wp\/v2\/types\/page"}],"author":[{"embeddable":true,"href":"https:\/\/3ciencias.com\/en\/wp-json\/wp\/v2\/users\/2"}],"replies":[{"embeddable":true,"href":"https:\/\/3ciencias.com\/en\/wp-json\/wp\/v2\/comments?post=9375"}],"version-history":[{"count":0,"href":"https:\/\/3ciencias.com\/en\/wp-json\/wp\/v2\/pages\/9375\/revisions"}],"up":[{"embeddable":true,"href":"https:\/\/3ciencias.com\/en\/wp-json\/wp\/v2\/pages\/9082"}],"wp:attachment":[{"href":"https:\/\/3ciencias.com\/en\/wp-json\/wp\/v2\/media?parent=9375"}],"curies":[{"name":"wp","href":"https:\/\/api.w.org\/{rel}","templated":true}]}}