{"id":9374,"date":"2017-01-16T12:04:17","date_gmt":"2017-01-16T11:04:17","guid":{"rendered":"https:\/\/3ciencias.com\/i-congreso-internacional-online-economia-empresa-sociedad\/comunicaciones\/"},"modified":"2017-01-16T12:04:17","modified_gmt":"2017-01-16T11:04:17","slug":"comunicaciones","status":"publish","type":"page","link":"https:\/\/3ciencias.com\/en\/i-congreso-internacional-online-economia-empresa-sociedad\/comunicaciones\/","title":{"rendered":"Comunicaciones"},"content":{"rendered":"<p>Las comunicaciones presentadas y seleccionadas para formar parte del evento son las siguientes:<\/p>\n<ul>\n<li><a href=\"https:\/\/3ciencias.com\/en\/i-congreso-internacional-online-economia-empresa-sociedad\/comunicaciones\/empoderamiento-detonador-crecimiento-economico-ante-los-problemas-sociales-enfrentan-las-mujeres-rurales-emprendedoras-tonala\/\" target=\"_blank\" rel=\"noopener noreferrer\">Empoderamiento detonador de crecimiento econ\u00f3mico ante los problemas sociales que enfrentan las mujeres rurales emprendedoras que venden pescado en la periferia del Mercado P\u00fablico Manuel Larrainzar en Tonal\u00e1, Chiapas.<\/a><\/li>\n<li><a href=\"https:\/\/3ciencias.com\/en\/i-congreso-internacional-online-economia-empresa-sociedad\/comunicaciones\/conseguir-la-implementacion-la-calidad-total-ayuntamiento-instrumento\/\" target=\"_blank\" rel=\"noopener noreferrer\">Conseguir la implementaci\u00f3n de la calidad total en un Ayuntamiento como instrumento para mejorar la organizaci\u00f3n y el servicio al ciudadano.<\/a><\/li>\n<li><a href=\"https:\/\/3ciencias.com\/en\/i-congreso-internacional-online-economia-empresa-sociedad\/comunicaciones\/auditoria-la-responsabilidad-social-corporativa-las-empresas-efecto-las-grandes-firmas-auditoria-los-honorarios-los-servicios-auditoria-servicios-adicionales-la-auditoria\/\" target=\"_blank\" rel=\"noopener noreferrer\">Auditor\u00eda y la responsabilidad social corporativa de las empresas: El efecto de las grandes firmas de auditor\u00eda y los honorarios de los servicios de auditor\u00eda y servicios adicionales a la auditor\u00eda.<\/a><\/li>\n<li><a href=\"https:\/\/3ciencias.com\/en\/i-congreso-internacional-online-economia-empresa-sociedad\/intervenciones-profesionales\/papel-las-consejeras-la-responsabilidad-social-corporativa\/\" target=\"_blank\" rel=\"noopener noreferrer\">El papel de las consejeras en la responsabilidad social corporativa.<\/a><\/li>\n<li><a href=\"https:\/\/3ciencias.com\/en\/i-congreso-internacional-online-economia-empresa-sociedad\/comunicaciones\/la-insercion-laboral-las-personas-discapacidad\/\" target=\"_blank\" rel=\"noopener noreferrer\">La inserci\u00f3n laboral de las personas con discapacidad.<\/a><\/li>\n<li><a href=\"https:\/\/3ciencias.com\/en\/i-congreso-internacional-online-economia-empresa-sociedad\/comunicaciones\/la-salvaguarda-del-cante-alentejano-factores-socioculturales-economicos\/\" target=\"_blank\" rel=\"noopener noreferrer\">La salvaguarda del cante alentejano: factores socioculturales y econ\u00f3micos.<\/a><\/li>\n<li><a href=\"https:\/\/3ciencias.com\/en\/i-congreso-internacional-online-economia-empresa-sociedad\/comunicaciones\/consejos-administracion-consejeros-dominicales-la-revelacion-informacion-responsabilidad-social-corporativa\/\" target=\"_blank\" rel=\"noopener noreferrer\">Consejos de administraci\u00f3n, consejeros dominicales y la revelaci\u00f3n de informaci\u00f3n sobre responsabilidad social corporativa.<\/a><\/li>\n<li><a href=\"https:\/\/3ciencias.com\/en\/i-congreso-internacional-online-economia-empresa-sociedad\/intervenciones-profesionales\/capital-cultural-capital-monetario-la-economia-la-musica-clasica-contemporanea\/\" target=\"_blank\" rel=\"noopener noreferrer\">Entre el capital cultural y el capital monetario: la econom\u00eda en la m\u00fasica cl\u00e1sica contempor\u00e1nea.<\/a><\/li>\n<li><a href=\"https:\/\/3ciencias.com\/en\/i-congreso-internacional-online-economia-empresa-sociedad\/comunicaciones\/estudio-organizacional-del-cloud-computing-empresas-emprendedoras\/\" target=\"_blank\" rel=\"noopener noreferrer\">Estudio organizacional del Cloud Computing en empresas emprendedoras.<\/a><\/li>\n<li><a href=\"https:\/\/3ciencias.com\/en\/i-congreso-internacional-online-economia-empresa-sociedad\/comunicaciones\/impacto-la-modernizacion-regadios-uso-del-agua-otras-variables-socioeconomicas-comunidades-regantes-andalucia-occidental\/\" target=\"_blank\" rel=\"noopener noreferrer\">Impacto de la modernizaci\u00f3n de regad\u00edos sobre el uso del agua y otras variables socioecon\u00f3micas en comunidades de regantes de Andaluc\u00eda Occidental.<\/a><\/li>\n<li><a href=\"https:\/\/3ciencias.com\/en\/i-congreso-internacional-online-economia-empresa-sociedad\/comunicaciones\/tamanos-mercado-asimetricos-politica-industrial\/\" target=\"_blank\" rel=\"noopener noreferrer\">Tama\u00f1os de mercado asim\u00e9tricos y pol\u00edtica industrial.<\/a><\/li>\n<li><a href=\"https:\/\/3ciencias.com\/en\/i-congreso-internacional-online-economia-empresa-sociedad\/comunicaciones\/condiciones-laborales-mercado-trabajo-espana-discursos-actuales\/\" target=\"_blank\" rel=\"noopener noreferrer\">Condiciones laborales y mercado de trabajo en Espa\u00f1a: discursos actuales.<\/a><\/li>\n<li><a href=\"https:\/\/3ciencias.com\/en\/i-congreso-internacional-online-economia-empresa-sociedad\/comunicaciones\/plazo-prescripcion-la-accion-solicitar-la-devolucion-lo-debidamente-pagado-ecuador\/\" target=\"_blank\" rel=\"noopener noreferrer\">Plazo de prescripci\u00f3n de la acci\u00f3n para solicitar la devoluci\u00f3n de lo debidamente pagado en Ecuador.<\/a><\/li>\n<li><a href=\"https:\/\/3ciencias.com\/en\/i-congreso-internacional-online-economia-empresa-sociedad\/comunicaciones\/metodo-empirico-la-seleccion-modelos-gestion-tesoreria\/\" target=\"_blank\" rel=\"noopener noreferrer\">Un m\u00e9todo emp\u00edrico para la selecci\u00f3n de modelos de gesti\u00f3n de tesorer\u00eda.<\/a><\/li>\n<li><a href=\"https:\/\/3ciencias.com\/en\/i-congreso-internacional-online-economia-empresa-sociedad\/comunicaciones\/techo-cristal-sector-la-intermediacion-turistica-segun-la-percepcion-trabajadoras\/\" target=\"_blank\" rel=\"noopener noreferrer\">El techo de cristal en el sector de la intermediaci\u00f3n tur\u00edstica seg\u00fan la percepci\u00f3n de sus trabajadoras.<\/a><\/li>\n<li><a href=\"https:\/\/3ciencias.com\/en\/i-congreso-internacional-online-economia-empresa-sociedad\/comunicaciones\/estudio-factibilidad-economica-del-producto-sistema-automatizado-cubano-control-equipos-medicos\/\" target=\"_blank\" rel=\"noopener noreferrer\">Estudio de factibilidad econ\u00f3mica del producto sistema automatizado cubano para el control de equipos m\u00e9dicos.<\/a><\/li>\n<li><a href=\"https:\/\/3ciencias.com\/en\/i-congreso-internacional-online-economia-empresa-sociedad\/comunicaciones\/aspectos-sociologicos-la-violencia-filio-parental\/\" target=\"_blank\" rel=\"noopener noreferrer\">Aspectos sociol\u00f3gicos de la violencia filio-parental.<\/a><\/li>\n<li><a href=\"https:\/\/3ciencias.com\/en\/i-congreso-internacional-online-economia-empresa-sociedad\/comunicaciones\/la-exportacion-elemento-relevante-explicar-rendimiento-una-empresa-caso-las-pymes-gallegas-2002-2013\/\" target=\"_blank\" rel=\"noopener noreferrer\">\u00bfEs la exportaci\u00f3n un elemento relevante para explicar el rendimiento de una empresa? El caso de las pymes Gallegas (2002-2013).<\/a><\/li>\n<li><a href=\"https:\/\/3ciencias.com\/en\/i-congreso-internacional-online-economia-empresa-sociedad\/comunicaciones\/emplazamientos-marcas-cine-efectividad-comportamiento-la-audiencia\/\" target=\"_blank\" rel=\"noopener noreferrer\">Emplazamientos de marcas en el cine y su efectividad en el comportamiento de la audiencia.<\/a><\/li>\n<li><a href=\"https:\/\/3ciencias.com\/en\/i-congreso-internacional-online-economia-empresa-sociedad\/comunicaciones\/la-influencia-la-comunicacion-marca-la-actitud-comportamiento-los-consumidores-traves-los-medios-sociales\/\" target=\"_blank\" rel=\"noopener noreferrer\">La influencia de la comunicaci\u00f3n de marca en la actitud y en el comportamiento de los consumidores a trav\u00e9s de los medios sociales.<\/a><\/li>\n<li><a href=\"https:\/\/3ciencias.com\/en\/i-congreso-internacional-online-economia-empresa-sociedad\/comunicaciones\/herramienta-identificar-conocimiento-e-implantacion-la-norma-isoiec-20000-la-comunidad-valenciana\/\" target=\"_blank\" rel=\"noopener noreferrer\">Herramienta para identificar el conocimiento e implantaci\u00f3n de la norma ISO\/IEC 20000 en la Comunidad Valenciana.<\/a><\/li>\n<li><a href=\"https:\/\/3ciencias.com\/en\/i-congreso-internacional-online-economia-empresa-sociedad\/intervenciones-profesionales\/toma-decisiones-inversion-medidas-eficiencia-energetica-transporte-maritimo\/\" target=\"_blank\" rel=\"noopener noreferrer\">Toma de decisiones de inversi\u00f3n en medidas de eficiencia energ\u00e9tica en el transporte mar\u00edtimo.<\/a><\/li>\n<li><a href=\"https:\/\/3ciencias.com\/en\/i-congreso-internacional-online-economia-empresa-sociedad\/comunicaciones\/propuesta-sistema-evaluacion-virtual-la-asignatura-comercio-electronico\/\" target=\"_blank\" rel=\"noopener noreferrer\">Propuesta de un sistema de evaluaci\u00f3n virtual para la asignatura de comercio electr\u00f3nico.<\/a><\/li>\n<li><a href=\"https:\/\/3ciencias.com\/en\/i-congreso-internacional-online-economia-empresa-sociedad\/comunicaciones\/matematicas-economia-empresa-aprendizaje-contexto\/\" target=\"_blank\" rel=\"noopener noreferrer\">Matem\u00e1ticas, econom\u00eda y empresa: aprendizaje y contexto.<\/a><\/li>\n<li><a href=\"https:\/\/3ciencias.com\/en\/i-congreso-internacional-online-economia-empresa-sociedad\/comunicaciones\/factores-criticos-desarrollo-exitoso-los-centros-odontologicos-caso-tacna-peru\/\" target=\"_blank\" rel=\"noopener noreferrer\">Factores cr\u00edticos para el desarrollo exitoso de los centros odontol\u00f3gicos. Caso: Tacna (Per\u00fa).<\/a><\/li>\n<li><a href=\"https:\/\/3ciencias.com\/en\/i-congreso-internacional-online-economia-empresa-sociedad\/comunicaciones\/contabilidad-publica-la-educacion-superior-del-ecuador\/\" target=\"_blank\" rel=\"noopener noreferrer\">Contabilidad p\u00fablica en la educaci\u00f3n superior del Ecuador.<\/a><\/li>\n<\/ul>\n<p>&nbsp;<\/p>\n<p>&nbsp;<\/p>\n","protected":false},"excerpt":{"rendered":"<p>Las comunicaciones presentadas y seleccionadas para formar parte del evento son las siguientes: Empoderamiento detonador de crecimiento econ\u00f3mico ante los problemas sociales que enfrentan las mujeres rurales emprendedoras que venden pescado en la periferia del Mercado P\u00fablico Manuel Larrainzar en &hellip; <a href=\"https:\/\/3ciencias.com\/en\/i-congreso-internacional-online-economia-empresa-sociedad\/comunicaciones\/\">leer m\u00e1s <span class=\"meta-nav\">&rarr;<\/span><\/a><\/p>\n","protected":false},"author":2,"featured_media":0,"parent":9082,"menu_order":0,"comment_status":"closed","ping_status":"closed","template":"tp-congreso.php","meta":{"_bbp_topic_count":0,"_bbp_reply_count":0,"_bbp_total_topic_count":0,"_bbp_total_reply_count":0,"_bbp_voice_count":0,"_bbp_anonymous_reply_count":0,"_bbp_topic_count_hidden":0,"_bbp_reply_count_hidden":0,"_bbp_forum_subforum_count":0,"_mi_skip_tracking":false,"_monsterinsights_sitenote_active":false,"_monsterinsights_sitenote_note":"","_monsterinsights_sitenote_category":0,"footnotes":""},"acf":[],"_links":{"self":[{"href":"https:\/\/3ciencias.com\/en\/wp-json\/wp\/v2\/pages\/9374"}],"collection":[{"href":"https:\/\/3ciencias.com\/en\/wp-json\/wp\/v2\/pages"}],"about":[{"href":"https:\/\/3ciencias.com\/en\/wp-json\/wp\/v2\/types\/page"}],"author":[{"embeddable":true,"href":"https:\/\/3ciencias.com\/en\/wp-json\/wp\/v2\/users\/2"}],"replies":[{"embeddable":true,"href":"https:\/\/3ciencias.com\/en\/wp-json\/wp\/v2\/comments?post=9374"}],"version-history":[{"count":0,"href":"https:\/\/3ciencias.com\/en\/wp-json\/wp\/v2\/pages\/9374\/revisions"}],"up":[{"embeddable":true,"href":"https:\/\/3ciencias.com\/en\/wp-json\/wp\/v2\/pages\/9082"}],"wp:attachment":[{"href":"https:\/\/3ciencias.com\/en\/wp-json\/wp\/v2\/media?parent=9374"}],"curies":[{"name":"wp","href":"https:\/\/api.w.org\/{rel}","templated":true}]}}