{"id":9373,"date":"2017-01-18T09:24:21","date_gmt":"2017-01-18T08:24:21","guid":{"rendered":"https:\/\/3ciencias.com\/antonio-mesas-castano\/"},"modified":"2017-01-18T09:24:21","modified_gmt":"2017-01-18T08:24:21","slug":"antonio-mesas-castano","status":"publish","type":"page","link":"https:\/\/3ciencias.com\/en\/antonio-mesas-castano\/","title":{"rendered":"Antonio Mesas Casta\u00f1o"},"content":{"rendered":"<p><strong>Profesor Asociado en l\u2019ETSE<\/strong> (Escola T\u00e8cnica Superior d\u2019Engenyieria) <strong>de la Universidad de Valencia<\/strong> en el Departamento de Inform\u00e1tica.\u00a0Licenciado en F\u00edsica, especialidad en Electricidad, Electr\u00f3nica e Inform\u00e1tica por la Universidad de Valencia.<br \/>\nFinalista en la primera edici\u00f3n del concurso \u201cMOTIVEM: Ideas emprendedoras\u201d con el proyecto \u201cSistema de Compra Asistida para Invidentes\u201d.<br \/>\nADEIT-Fundaci\u00f3 Universit at Empresa (Universidad de Valencia).<\/p>\n<p>\u2212 Experto en la creaci\u00f3n y administraci\u00f3n de plataformas virtuales educativas, en particular moodle y chamilo.<br \/>\n\u2212 Experto en en la integraci\u00f3n de aplicaciones como Google Apps para centros educativos.<br \/>\n\u2212 Experto en el uso de herramientas para la creaci\u00f3n de materiales educativos, en particular exelearning, scratch.<\/p>\n","protected":false},"excerpt":{"rendered":"<p>Profesor Asociado en l\u2019ETSE (Escola T\u00e8cnica Superior d\u2019Engenyieria) de la Universidad de Valencia en el Departamento de Inform\u00e1tica.\u00a0Licenciado en F\u00edsica, especialidad en Electricidad, Electr\u00f3nica e Inform\u00e1tica por la Universidad de Valencia. Finalista en la primera edici\u00f3n del concurso \u201cMOTIVEM: Ideas &hellip; <a href=\"https:\/\/3ciencias.com\/en\/antonio-mesas-castano\/\">leer m\u00e1s <span class=\"meta-nav\">&rarr;<\/span><\/a><\/p>\n","protected":false},"author":2,"featured_media":0,"parent":0,"menu_order":0,"comment_status":"closed","ping_status":"closed","template":"tp-congreso.php","meta":{"_bbp_topic_count":0,"_bbp_reply_count":0,"_bbp_total_topic_count":0,"_bbp_total_reply_count":0,"_bbp_voice_count":0,"_bbp_anonymous_reply_count":0,"_bbp_topic_count_hidden":0,"_bbp_reply_count_hidden":0,"_bbp_forum_subforum_count":0,"_mi_skip_tracking":false,"_monsterinsights_sitenote_active":false,"_monsterinsights_sitenote_note":"","_monsterinsights_sitenote_category":0,"footnotes":""},"acf":[],"_links":{"self":[{"href":"https:\/\/3ciencias.com\/en\/wp-json\/wp\/v2\/pages\/9373"}],"collection":[{"href":"https:\/\/3ciencias.com\/en\/wp-json\/wp\/v2\/pages"}],"about":[{"href":"https:\/\/3ciencias.com\/en\/wp-json\/wp\/v2\/types\/page"}],"author":[{"embeddable":true,"href":"https:\/\/3ciencias.com\/en\/wp-json\/wp\/v2\/users\/2"}],"replies":[{"embeddable":true,"href":"https:\/\/3ciencias.com\/en\/wp-json\/wp\/v2\/comments?post=9373"}],"version-history":[{"count":0,"href":"https:\/\/3ciencias.com\/en\/wp-json\/wp\/v2\/pages\/9373\/revisions"}],"wp:attachment":[{"href":"https:\/\/3ciencias.com\/en\/wp-json\/wp\/v2\/media?parent=9373"}],"curies":[{"name":"wp","href":"https:\/\/api.w.org\/{rel}","templated":true}]}}