{"id":9372,"date":"2017-01-18T10:38:29","date_gmt":"2017-01-18T09:38:29","guid":{"rendered":"https:\/\/3ciencias.com\/vicent-arago-manzana\/"},"modified":"2017-01-18T10:38:29","modified_gmt":"2017-01-18T09:38:29","slug":"vicent-arago-manzana","status":"publish","type":"page","link":"https:\/\/3ciencias.com\/en\/vicent-arago-manzana\/","title":{"rendered":"Vicent Arag\u00f3 Manzana"},"content":{"rendered":"<p><strong>Licenciado en Cc. Econ\u00f3micas<\/strong>, Universitat de Val\u00e8ncia, 1993. <strong>Doctorado en Universitat Jaume I Castell\u00f3, programa Direcci\u00f3 D\u00b4Empreses<\/strong>, 2000.<\/p>\n<p>CARGOS ACAD\u00c9MICOS<br \/>\n\u00b7 Director Departamento Finanzas y Contabilidad, 2014-continua.<br \/>\n\u00b7 Secretario Departamento Finanzas y Contabilidad,2003-2007.<br \/>\n\u00b7 Coordinador Master Oficial en Gesti\u00f3n Financiera y Contabilidad Avanzada, 2011-<br \/>\ncontinua.<br \/>\n\u00b7 Coordinador de Titulaci\u00f3n de Proyecto Piloto de Convergencia Europea, 2007-2011.<br \/>\n\u00b7 Miembro Consejo de Gobierno, 2016-continua.<br \/>\n\u00b7 Vocal de la comisi\u00f3n de Asuntos Econ\u00f3micos, Inform\u00e1ticos e Infraestructura, 2007-2015<br \/>\n\u00b7 Representante Comisi\u00f3n de Titulaci\u00f3n ADEM 2008-2012.<br \/>\n\u00b7 Coordinador de acciones para el despliegue del plan estrat\u00e9gico Departamento Finanzas<br \/>\ny Contabilidad.<\/p>\n<p>INVESTIGACI\u00d3N<br \/>\n\u00b7 Tres sexenios de investigaci\u00f3n.<br \/>\n\u00b7 \u00c1reas de investigaci\u00f3n: gesti\u00f3n y cobertura de riesgos, eficiencia del mercado, modelos<br \/>\nde volatilidad condicional, mercados de derivados, valoraci\u00f3n de activos financieros.<\/p>\n<p>PUBLICACIONES ACAD\u00c9MICAS M\u00c1S RELEVANTES<br \/>\n\u00b7 Re-examining the risk\u2013return relationship in Europe: Linear or non-linear tradeoff?,<br \/>\nEnrique Salvador, Christos Floros y Vicent Arag\u00f3, Journal of Empirical<br \/>\nFinance, 2014<br \/>\n\u00b7 \u201cMeasuring Hedging Effectiveness of Index Futures Contracts: Do Dynamic<br \/>\nModels, Outperform Static Models? A Regime Switching Approach\u201d, Enrique<br \/>\nSalvador y Vicent Arag\u00f3, Journal of Futures Markets, 2014<br \/>\n\u00b7 \u201cSudden changes in variance and time-varying hedge ratios\u201d. Vicent Arag\u00f3 y<br \/>\nEnrique Salvador, European Journal of Operational Research, 2011<br \/>\n\u00b7 \u201cHeteroskedasticity in the returns of the main world stock exchange<br \/>\nindices:volumen versus GARCH effects\u201d, Vicent Arag\u00f3 y Luisa Nieto, Journal of<br \/>\nInternational Financial Markets, Institution &amp; Money, 2005.<br \/>\n\u00b7 \u201cTransaction costs, Arbitrage and volatility spillover: A note\u201d, Vicent Arag\u00f3, Pilar<br \/>\nCorredor y Rafael Santamar\u00eda, International Review of Economics and Finance,<br \/>\n2003<\/p>\n<p>PROYECTOS DE INVESTIGACI\u00d3N ULTIMOS A\u00d1OS<br \/>\n\u00b7 \u201cCambio de ciclo econ\u00f3mico y evaluaci\u00f3n de las organizaciones: instituciones<br \/>\nfinancieras y sector p\u00fablico\u201d. Ministerio de Econom\u00eda y Competitividad<br \/>\n(ECO2014-55221-P) 2015-2017.<br \/>\n\u00b7 \u201cEvaluaci\u00f3n de la eficiencia y la productividad de las organizaciones en un<br \/>\ncontexto de crisis econ\u00f3mica: instituciones financieras y sector p\u00fablico\u201d<br \/>\nMinisterio de Econom\u00eda y Competitividad (ECO2011-27227), 2012-2014<br \/>\n\u00b7 \u201cEvaluaci\u00f3n de la eficiencia y la productividad de las organizaciones en un<br \/>\ncontexto de crisis econ\u00f3mica: instituciones financieras y sector p\u00fablico\u201d<br \/>\nGeneralitat Valenciana (ACOMP\/2014\/283), 2014.<br \/>\n\u00b7 \u201cReg\u00edmenes cambiantes en la econom\u00eda y su influencia en los estudios sobre<br \/>\nvaloraci\u00f3n de activos financieros, transmisi\u00f3n de informaci\u00f3n, cobertura,<br \/>\nevaluaci\u00f3n de la eficiencia de las instituciones de inversi\u00f3n colectiva.\u201d.<br \/>\nUniversitat Jaume I. (P1.1B2012-07). 2013-2015.<\/p>\n<p>&nbsp;<\/p>\n","protected":false},"excerpt":{"rendered":"<p>Licenciado en Cc. Econ\u00f3micas, Universitat de Val\u00e8ncia, 1993. Doctorado en Universitat Jaume I Castell\u00f3, programa Direcci\u00f3 D\u00b4Empreses, 2000. CARGOS ACAD\u00c9MICOS \u00b7 Director Departamento Finanzas y Contabilidad, 2014-continua. \u00b7 Secretario Departamento Finanzas y Contabilidad,2003-2007. \u00b7 Coordinador Master Oficial en Gesti\u00f3n Financiera &hellip; <a href=\"https:\/\/3ciencias.com\/en\/vicent-arago-manzana\/\">leer m\u00e1s <span class=\"meta-nav\">&rarr;<\/span><\/a><\/p>\n","protected":false},"author":2,"featured_media":0,"parent":0,"menu_order":0,"comment_status":"closed","ping_status":"closed","template":"tp-congreso.php","meta":{"_bbp_topic_count":0,"_bbp_reply_count":0,"_bbp_total_topic_count":0,"_bbp_total_reply_count":0,"_bbp_voice_count":0,"_bbp_anonymous_reply_count":0,"_bbp_topic_count_hidden":0,"_bbp_reply_count_hidden":0,"_bbp_forum_subforum_count":0,"_mi_skip_tracking":false,"_monsterinsights_sitenote_active":false,"_monsterinsights_sitenote_note":"","_monsterinsights_sitenote_category":0,"footnotes":""},"acf":[],"_links":{"self":[{"href":"https:\/\/3ciencias.com\/en\/wp-json\/wp\/v2\/pages\/9372"}],"collection":[{"href":"https:\/\/3ciencias.com\/en\/wp-json\/wp\/v2\/pages"}],"about":[{"href":"https:\/\/3ciencias.com\/en\/wp-json\/wp\/v2\/types\/page"}],"author":[{"embeddable":true,"href":"https:\/\/3ciencias.com\/en\/wp-json\/wp\/v2\/users\/2"}],"replies":[{"embeddable":true,"href":"https:\/\/3ciencias.com\/en\/wp-json\/wp\/v2\/comments?post=9372"}],"version-history":[{"count":0,"href":"https:\/\/3ciencias.com\/en\/wp-json\/wp\/v2\/pages\/9372\/revisions"}],"wp:attachment":[{"href":"https:\/\/3ciencias.com\/en\/wp-json\/wp\/v2\/media?parent=9372"}],"curies":[{"name":"wp","href":"https:\/\/api.w.org\/{rel}","templated":true}]}}