{"id":9371,"date":"2017-01-18T11:46:23","date_gmt":"2017-01-18T10:46:23","guid":{"rendered":"https:\/\/3ciencias.com\/aurelio-herrero-blasco\/"},"modified":"2017-01-18T11:46:23","modified_gmt":"2017-01-18T10:46:23","slug":"aurelio-herrero-blasco","status":"publish","type":"page","link":"https:\/\/3ciencias.com\/en\/aurelio-herrero-blasco\/","title":{"rendered":"Aurelio Herrero Blasco"},"content":{"rendered":"<p><strong>Licenciado en Ciencias Econ\u00f3micas y Empresariales y Doctor en E<img decoding=\"async\" loading=\"lazy\" class=\"size-full wp-image-8065 alignright\" src=\"https:\/\/3ciencias.com\/wp-content\/uploads\/2017\/01\/Aurelio-Herrero-Blasco.jpeg\" alt=\"\" width=\"212\" height=\"264\" srcset=\"https:\/\/3ciencias.com\/wp-content\/uploads\/2017\/01\/Aurelio-Herrero-Blasco.jpeg 212w, https:\/\/3ciencias.com\/wp-content\/uploads\/2017\/01\/Aurelio-Herrero-Blasco-150x187.jpeg 150w, https:\/\/3ciencias.com\/wp-content\/uploads\/2017\/01\/Aurelio-Herrero-Blasco-80x100.jpeg 80w\" sizes=\"(max-width: 212px) 100vw, 212px\" \/>conom\u00eda<\/strong>, ambos<br \/>\npor la Universidad de Valencia. Profesor del Departamento de Organizaci\u00f3n de Empresas y docente en la Facultad de ADE de la Universidad Polit\u00e9cnica de Valencia. Docente en Direcci\u00f3n de Recursos Humanos y Marketing en Empresas de Servicios Profesionales.<\/p>\n<p>&nbsp;<\/p>\n<p><strong>Algunas publicaciones de Investigaci\u00f3n:<\/strong><\/p>\n<p>Herrero Blasco, A. (2015). <em>Fiscalidad y econom\u00eda Social<\/em>. PUBLICIA. 9783639648874<\/p>\n<p>Herrero Blasco, A. (2015). El ahorro fiscal de las cooperativas en el Impuesto sobre Sociedades en Espa\u00f1a. Ciriec-Espa\u00f1a, <em>Econom\u00eda P\u00fablica, Social y Cooperativa<\/em>, 84, 279-300.<\/p>\n<p>Herrero Blasco, A. (2014). La Econom\u00eda Social: su funci\u00f3n econ\u00f3mica y las pol\u00edticas p\u00fablicas de fomento. Recerca. <em>Revista de pensament i an\u00e0lisi<\/em>, 15, 77-92.<\/p>\n<p>De-Miguel-Molina y Herrero Blasco, A. (2012). Propuesta de uso del an\u00e1lisis de redes de actores de pol\u00edticas p\u00fablicas para la gesti\u00f3n de la integraci\u00f3n de los menores inmigrantes no acompa\u00f1ados (MINA) Estudio del caso de la Comunidad Valenciana. <em>Revista REINAD<\/em>. Revista sobre la infancia y la adolescencia, 3, 33-45.<\/p>\n","protected":false},"excerpt":{"rendered":"<p>Licenciado en Ciencias Econ\u00f3micas y Empresariales y Doctor en Econom\u00eda, ambos por la Universidad de Valencia. Profesor del Departamento de Organizaci\u00f3n de Empresas y docente en la Facultad de ADE de la Universidad Polit\u00e9cnica de Valencia. Docente en Direcci\u00f3n de &hellip; <a href=\"https:\/\/3ciencias.com\/en\/aurelio-herrero-blasco\/\">leer m\u00e1s <span class=\"meta-nav\">&rarr;<\/span><\/a><\/p>\n","protected":false},"author":2,"featured_media":0,"parent":0,"menu_order":0,"comment_status":"closed","ping_status":"closed","template":"tp-congreso.php","meta":{"_bbp_topic_count":0,"_bbp_reply_count":0,"_bbp_total_topic_count":0,"_bbp_total_reply_count":0,"_bbp_voice_count":0,"_bbp_anonymous_reply_count":0,"_bbp_topic_count_hidden":0,"_bbp_reply_count_hidden":0,"_bbp_forum_subforum_count":0,"_mi_skip_tracking":false,"_monsterinsights_sitenote_active":false,"_monsterinsights_sitenote_note":"","_monsterinsights_sitenote_category":0,"footnotes":""},"acf":[],"_links":{"self":[{"href":"https:\/\/3ciencias.com\/en\/wp-json\/wp\/v2\/pages\/9371"}],"collection":[{"href":"https:\/\/3ciencias.com\/en\/wp-json\/wp\/v2\/pages"}],"about":[{"href":"https:\/\/3ciencias.com\/en\/wp-json\/wp\/v2\/types\/page"}],"author":[{"embeddable":true,"href":"https:\/\/3ciencias.com\/en\/wp-json\/wp\/v2\/users\/2"}],"replies":[{"embeddable":true,"href":"https:\/\/3ciencias.com\/en\/wp-json\/wp\/v2\/comments?post=9371"}],"version-history":[{"count":0,"href":"https:\/\/3ciencias.com\/en\/wp-json\/wp\/v2\/pages\/9371\/revisions"}],"wp:attachment":[{"href":"https:\/\/3ciencias.com\/en\/wp-json\/wp\/v2\/media?parent=9371"}],"curies":[{"name":"wp","href":"https:\/\/api.w.org\/{rel}","templated":true}]}}