{"id":9370,"date":"2017-01-18T12:50:32","date_gmt":"2017-01-18T11:50:32","guid":{"rendered":"https:\/\/3ciencias.com\/enric-ramiro-roca\/"},"modified":"2017-01-18T12:50:32","modified_gmt":"2017-01-18T11:50:32","slug":"enric-ramiro-roca","status":"publish","type":"page","link":"https:\/\/3ciencias.com\/en\/enric-ramiro-roca\/","title":{"rendered":"Enric Ramiro Roca"},"content":{"rendered":"<p>Nacido en El Cabanyal y vecino de Algemes\u00ed, poblaciones del Pa\u00eds Valenciano, es profesor de EGB en la especialidad de Ciencias humanas y maestro\u00a0d<img decoding=\"async\" loading=\"lazy\" class=\"size-medium wp-image-8100 alignright\" src=\"https:\/\/3ciencias.com\/wp-content\/uploads\/2017\/01\/Enric-Roca-293x300.jpg\" alt=\"\" width=\"293\" height=\"300\" srcset=\"https:\/\/3ciencias.com\/wp-content\/uploads\/2017\/01\/Enric-Roca-293x300.jpg 293w, https:\/\/3ciencias.com\/wp-content\/uploads\/2017\/01\/Enric-Roca-768x787.jpg 768w, https:\/\/3ciencias.com\/wp-content\/uploads\/2017\/01\/Enric-Roca-1000x1024.jpg 1000w, https:\/\/3ciencias.com\/wp-content\/uploads\/2017\/01\/Enric-Roca-150x154.jpg 150w\" sizes=\"(max-width: 293px) 100vw, 293px\" \/>e\u00a0valenciano por la UV y la Generalitat Catalana, <strong>licenciado y doctor en Geograf\u00eda e Historia<\/strong>, Master en Did\u00e1ctica de las Ciencias Sociales, Geograf\u00eda , Historia y Arte por la Universidad de Valencia. Actualmente trabaja en la Universidad Jaume I de Castell\u00f3n en el Departamento de Educaci\u00f3n.<\/p>\n<p>Ha impartido numerosos cursos de formaci\u00f3n al profesorado, patrocinados por la Conselleria de Cultura, Educaci\u00f3n y Ciencia de la Generalitat Valenciana, las Universidades valencianas y los Movimientos de Renovaci\u00f3n Pedag\u00f3gica as\u00ed como Escuelas de Verano y del Oto\u00f1o.<\/p>\n<p>Forma parte del Col\u00b7lectivo de ense\u00f1antes de la Ribera (CO.DE.RI.), del Movimiento Cooperativo de Escuela Popular del Pa\u00eds Valenciano (Movimiento Freinet), del Grupo GEA-CLIO, del Grupo DIMPA (Did\u00e1ctica de la Imagen y el Patrimonio), y de la Junta de la Coordinadora de Centros de Ense\u00f1anza en Valenciano de la Ribera.<\/p>\n<p>Divulgaci\u00f3n de la ciencia durante los siete a\u00f1os de asesor de los Centros de Profesores de Alzira y X\u00e0tiva (Pa\u00eds Valenciano), dirigiendo grupos de trabajos sobre el tema. Quince a\u00f1os impartiendo cursos de \u201cEl Poalet de la Ciencia\u201d (El cubo de la ciencia) en las Escuelas de verano Rosa Sensat de Barcelona, Menorca, Marina-Safor, la Ribera, Universidad Jaume I de Castell\u00f3, Universidad de Valencia, Universidad La Florida, y Cefires (Centros de Profesores) de Sagunt, Alzira, Ondara, Vinar\u00f2s, Castell\u00f3n, Valencia y Torrent, CEPA de Cuenca.<\/p>\n<p>Divulgaci\u00f3n de la ciencia a trav\u00e9s de \u201cLa ca\u00f1a de la Ciencia\u201d en escuelas de infantil y primaria, y actividades organizadas por ayuntamientos como Gand\u00eda, Potries, B\u00e9tera, Guadassuar, Algemes\u00ed, EPA de Elx&#8230; formando parte del grupo de investigaci\u00f3n \u201cLa maleta de la ciencia\u201d.<\/p>\n<p>Ha introducido el m\u00f3dulo de \u201cciencia pr\u00e1ctica en el Conocimiento del Medio\u201d en la asignatura de Did\u00e1ctica de las Ciencias Sociales de las universidades de Valencia y Jaume I de Castell\u00f3 durante diez a\u00f1os en las especialidades de Magisterio.<\/p>\n<p>Coordinador y ponente de los Encuentros de intercambio de experiencias, patrocinadas por la CAM-Fundaci\u00f3n cultural referente a esta materia. Miembro del grupo de divulgadores de la ciencia del Estado espa\u00f1ol. Participaci\u00f3n en jornadas y congresos sobre el tema en Palma de Mallorca, Orihuela, Almer\u00eda, Barcelona, Pamplona, M\u00e1laga, Cosmocaixa de Madrid y Zaragoza, Granada, Cuenca, Baeza, C\u00f3rdoba \u2026<\/p>\n<p>Publicaciones a revistas como Escuela Catalana, Cuadernos de Pedagog\u00eda, GUIX, In-f\u00e0n-ci-a, BERCA,\u2026, 38 programas en la televisi\u00f3n comarcal y art\u00edculos en diversos peri\u00f3dicos. Ha trabajado en la secci\u00f3n de educaci\u00f3n de los diarios HOJA DEL LUNES, LEVANTE Edici\u00f3n general, y LEVANTE Edici\u00f3n la Ribera es col\u00b7laborador habitual. Es miembro del Consejo Asesor de la revista Presencia, Balma: Did\u00e1ctica de la Geograf\u00eda y la Historia, Espacios Did\u00e1cticos y Cuadernos Interculturales (Chile). Ha llevado la secci\u00f3n de comentarios de libros de las revistas PAPERS D\u2019EDUCACI\u00d3 I CULTURA (Consejer\u00eda), Escola Catalana y Sembra.<\/p>\n<p>Ha escrito unos quinientos art\u00edculos en revistas de \u00e1mbito universitario y did\u00e1ctico como Cuadernos de Geograf\u00eda (Universidad de Valencia), Millars (Universidad de Castell\u00f3n), Papeles de Geograf\u00eda (Universidad de Murcia), Revista de Teor\u00eda y did\u00e1ctica de las Ciencias Sociales ( Universidad de los Andes-Venezuela), Cuadernos Interculturales (Universidad de Valpara\u00edso-Chile), e-curriculum (Brasil) &#8230; y de \u00e1mbito general y educativo como Trabajos de la Sociedad Catalana de Geograf\u00eda (Instituto de Estudios Catalanes), Cuadernos de Pedagog\u00eda, Educaci\u00f3n y Biblioteca (Madrid), Novedades Educativas (Argentina), y otros de did\u00e1ctica como Cuadernos de Pedagog\u00eda, GUIX, In-f\u00e0n-ci-a, Consum,&#8230;<\/p>\n<p>Ha escrito y col\u00b7elaborado en unos ciento setenta libros, y participado en m\u00e1s de ochocientas actividades formativas. Es coautor de materiales curriculares para las editoriales Edelvives, Bromera, Reclam y Nau Llibres, y de literatura infantil para Camacuc, l\u2019Eixam y Edelvives, y did\u00e1cticos como Gra\u00f3.<\/p>\n<p>Ha ganado el primer premio de innovaci\u00f3n educativa de la Universidad Jaume I en su primera y tercera edici\u00f3n, el de Innovaci\u00f3n Educativa de la Consejer\u00eda de Educaci\u00f3n (2006), materiales interculturales de la Consejer\u00eda de Educaci\u00f3n (2008), as\u00ed como otros de la Fundaci\u00f3n Baldiri Reixach, Ayuntamientos &#8230; Est\u00e1 enamorado de la familia, disfruta de los amigos y le encanta el lim\u00f3n y las vacaciones. Aprende y se sorprende todos los d\u00edas y cree en los reyes &#8230; magos.<\/p>\n<p>&nbsp;<\/p>\n<p><a href=\"mailto:%09%09%09%09%09enricramiroroca@gmail.com\">\u00a0\u00a0\u00a0\u00a0\u00a0\u00a0\u00a0\u00a0\u00a0\u00a0\u00a0\u00a0\u00a0\u00a0\u00a0\u00a0\u00a0\u00a0\u00a0\u00a0\u00a0\u00a0\u00a0\u00a0\u00a0\u00a0\u00a0\u00a0\u00a0\u00a0\u00a0\u00a0\u00a0\u00a0\u00a0\u00a0\u00a0\u00a0\u00a0\u00a0\u00a0\u00a0\u00a0\u00a0\u00a0\u00a0\u00a0\u00a0\u00a0\u00a0\u00a0\u00a0\u00a0\u00a0\u00a0\u00a0\u00a0\u00a0\u00a0\u00a0\u00a0\u00a0\u00a0\u00a0\u00a0\u00a0\u00a0\u00a0\u00a0\u00a0\u00a0\u00a0\u00a0\u00a0\u00a0\u00a0\u00a0 enricramiroroca@gmail.com<\/a><\/p>\n","protected":false},"excerpt":{"rendered":"<p>Nacido en El Cabanyal y vecino de Algemes\u00ed, poblaciones del Pa\u00eds Valenciano, es profesor de EGB en la especialidad de Ciencias humanas y maestro\u00a0de\u00a0valenciano por la UV y la Generalitat Catalana, licenciado y doctor en Geograf\u00eda e Historia, Master en &hellip; <a href=\"https:\/\/3ciencias.com\/en\/enric-ramiro-roca\/\">leer m\u00e1s <span class=\"meta-nav\">&rarr;<\/span><\/a><\/p>\n","protected":false},"author":2,"featured_media":0,"parent":0,"menu_order":0,"comment_status":"closed","ping_status":"closed","template":"tp-congreso.php","meta":{"_bbp_topic_count":0,"_bbp_reply_count":0,"_bbp_total_topic_count":0,"_bbp_total_reply_count":0,"_bbp_voice_count":0,"_bbp_anonymous_reply_count":0,"_bbp_topic_count_hidden":0,"_bbp_reply_count_hidden":0,"_bbp_forum_subforum_count":0,"_mi_skip_tracking":false,"_monsterinsights_sitenote_active":false,"_monsterinsights_sitenote_note":"","_monsterinsights_sitenote_category":0,"footnotes":""},"acf":[],"_links":{"self":[{"href":"https:\/\/3ciencias.com\/en\/wp-json\/wp\/v2\/pages\/9370"}],"collection":[{"href":"https:\/\/3ciencias.com\/en\/wp-json\/wp\/v2\/pages"}],"about":[{"href":"https:\/\/3ciencias.com\/en\/wp-json\/wp\/v2\/types\/page"}],"author":[{"embeddable":true,"href":"https:\/\/3ciencias.com\/en\/wp-json\/wp\/v2\/users\/2"}],"replies":[{"embeddable":true,"href":"https:\/\/3ciencias.com\/en\/wp-json\/wp\/v2\/comments?post=9370"}],"version-history":[{"count":0,"href":"https:\/\/3ciencias.com\/en\/wp-json\/wp\/v2\/pages\/9370\/revisions"}],"wp:attachment":[{"href":"https:\/\/3ciencias.com\/en\/wp-json\/wp\/v2\/media?parent=9370"}],"curies":[{"name":"wp","href":"https:\/\/api.w.org\/{rel}","templated":true}]}}