{"id":9368,"date":"2017-01-18T15:33:33","date_gmt":"2017-01-18T14:33:33","guid":{"rendered":"https:\/\/3ciencias.com\/pedro-r-palos-sanchez\/"},"modified":"2017-01-18T15:33:33","modified_gmt":"2017-01-18T14:33:33","slug":"pedro-r-palos-sanchez","status":"publish","type":"page","link":"https:\/\/3ciencias.com\/en\/pedro-r-palos-sanchez\/","title":{"rendered":"Pedro R. Palos S\u00e1nchez"},"content":{"rendered":"<p><strong>Doctor en Econom\u00eda de la Empresa<\/strong> por la Universidad de Sevilla, Grado en Ingenier\u00eda <img decoding=\"async\" loading=\"lazy\" class=\"size-full wp-image-8112 alignright\" src=\"https:\/\/3ciencias.com\/wp-content\/uploads\/2017\/01\/pedroPalos.png\" alt=\"\" width=\"199\" height=\"268\" srcset=\"https:\/\/3ciencias.com\/wp-content\/uploads\/2017\/01\/pedroPalos.png 199w, https:\/\/3ciencias.com\/wp-content\/uploads\/2017\/01\/pedroPalos-150x202.png 150w\" sizes=\"(max-width: 199px) 100vw, 199px\" \/>de Sistemas de Informaci\u00f3n y Licenciado en Investigaci\u00f3n y T\u00e9cnicas de Mercado, MBA Direcci\u00f3n de Empresas por ESERP y la Universidad Camilo Jos\u00e9 Cela. M\u00e1ster en Educaci\u00f3n y TIC\u00b4s por la Universidad Oberta de Catalu\u00f1a.<\/p>\n<p>M\u00e1s de 20 a\u00f1os trabajando en Empresas del sector de Tecnolog\u00edas de la Informaci\u00f3n en diferentes puestos directivos. Ha sido miembro de los Comit\u00e9s ejecutivos de la Asociaci\u00f3n espa\u00f1ola de empresas e-learning-CEOE, la Confederaci\u00f3n de Empresas de Comercio y Servicios de Sevilla, Secretario del Colegio de Ingenieros Tcos en Inform\u00e1tica de Andaluc\u00eda y Secretario General de la Federaci\u00f3n de Empresas de Inform\u00e1tica de Andaluc\u00eda.<\/p>\n<p>Es Profesor Asociado en el Departamento de Direcci\u00f3n de Empresas y Sociolog\u00eda (\u00c1rea de Comercializaci\u00f3n e Investigaci\u00f3n e Mercados), impartiendo docencia en la Facultad de Estudios Empresariales y Turismo de la UEx.<\/p>\n<p>Ha participado con distintas ponencias, cursos y art\u00edculos en diversos congresos y programas sobre econom\u00eda digital, emprendimiento y management tanto nacional como internacional, siendo sus l\u00edneas de investigaci\u00f3n Marketing Digital y Sistemas de Informaci\u00f3n. Es miembro del Grupo de Investigaci\u00f3n MARKETUR Research Group de la UEx.<br \/>\n<strong>Publicaciones:<\/strong><br \/>\nSalmeron, J. L., and Palos, P. (2016). \u2018Analyzing Cloud Business Services with Choquet Fuzzy Integrals and Support Vector Machines\u2019. In Intelligent Decision Technologies (pp. 263-270). Springer International Publishing.<\/p>\n<p>Palos-S\u00e1nchez, P. and Aguayo-Camacho, M. (2016). \u2018Los cambios organizacionales y la nube en el entorno tur\u00edstico: Estudio de caso\u2019. International Journal of World of Tourism, 3, 33-42.<\/p>\n<p>Palos, P.R., Mart\u00edn Cumbre\u00f1o, E. and Folgado Fern\u00e1ndez, J.A. (2016) \u2018Factores condicionantes del marketing m\u00f3vil: Estudio emp\u00edrico de la expansi\u00f3n de las Apps.\u2019 Revista de estudios econ\u00f3micos y empresariales, 28.<\/p>\n<p>Palos-S\u00e1nchez, P. R. (2016). \u2018Aproximaci\u00f3n a los factores claves del retorno de la inversi\u00f3n en formaci\u00f3n e-learning\u2019. 3C Empresa, 5(4), 12-31.<\/p>\n<p>Palos, P.R. and Correia, M.B. (2016). \u2018La actitud de los recursos humanos de las organizaciones ante la complejidad de las aplicaciones SaaS\u2019. Dos Algarves: A Multidisciplinary e-Journal, 28, 87-103. doi:10.18089\/DAMeJ.2016.28.6<\/p>\n","protected":false},"excerpt":{"rendered":"<p>Doctor en Econom\u00eda de la Empresa por la Universidad de Sevilla, Grado en Ingenier\u00eda de Sistemas de Informaci\u00f3n y Licenciado en Investigaci\u00f3n y T\u00e9cnicas de Mercado, MBA Direcci\u00f3n de Empresas por ESERP y la Universidad Camilo Jos\u00e9 Cela. M\u00e1ster en &hellip; <a href=\"https:\/\/3ciencias.com\/en\/pedro-r-palos-sanchez\/\">leer m\u00e1s <span class=\"meta-nav\">&rarr;<\/span><\/a><\/p>\n","protected":false},"author":2,"featured_media":0,"parent":0,"menu_order":0,"comment_status":"closed","ping_status":"closed","template":"tp-congreso.php","meta":{"_bbp_topic_count":0,"_bbp_reply_count":0,"_bbp_total_topic_count":0,"_bbp_total_reply_count":0,"_bbp_voice_count":0,"_bbp_anonymous_reply_count":0,"_bbp_topic_count_hidden":0,"_bbp_reply_count_hidden":0,"_bbp_forum_subforum_count":0,"_mi_skip_tracking":false,"_monsterinsights_sitenote_active":false,"_monsterinsights_sitenote_note":"","_monsterinsights_sitenote_category":0,"footnotes":""},"acf":[],"_links":{"self":[{"href":"https:\/\/3ciencias.com\/en\/wp-json\/wp\/v2\/pages\/9368"}],"collection":[{"href":"https:\/\/3ciencias.com\/en\/wp-json\/wp\/v2\/pages"}],"about":[{"href":"https:\/\/3ciencias.com\/en\/wp-json\/wp\/v2\/types\/page"}],"author":[{"embeddable":true,"href":"https:\/\/3ciencias.com\/en\/wp-json\/wp\/v2\/users\/2"}],"replies":[{"embeddable":true,"href":"https:\/\/3ciencias.com\/en\/wp-json\/wp\/v2\/comments?post=9368"}],"version-history":[{"count":0,"href":"https:\/\/3ciencias.com\/en\/wp-json\/wp\/v2\/pages\/9368\/revisions"}],"wp:attachment":[{"href":"https:\/\/3ciencias.com\/en\/wp-json\/wp\/v2\/media?parent=9368"}],"curies":[{"name":"wp","href":"https:\/\/api.w.org\/{rel}","templated":true}]}}