{"id":9367,"date":"2017-01-19T09:58:56","date_gmt":"2017-01-19T08:58:56","guid":{"rendered":"https:\/\/3ciencias.com\/osbaldo-turpo-gebera\/"},"modified":"2017-01-19T09:58:56","modified_gmt":"2017-01-19T08:58:56","slug":"osbaldo-turpo-gebera","status":"publish","type":"page","link":"https:\/\/3ciencias.com\/en\/osbaldo-turpo-gebera\/","title":{"rendered":"Osbaldo Turpo Gebera"},"content":{"rendered":"<p>Coordinador de Investigaciones del CISE-PUCP.<strong> Doctor en Educaci\u00f3n y Profesor del \u00e1rea de Investigaci\u00f3n Educativa.<\/strong> Ha realizado estancias de investigaci\u00f3n y formaci\u00f3n en Portugal, Uruguay, M\u00e9xico, Israel, Italia y Espa\u00f1a. Investiga en las \u00e1reas de Pensamiento y Acci\u00f3n Docente y de las TIC en Educaci\u00f3n. Miembro de la Asociaci\u00f3n Iberoamericana Ciencia-Tecnolog\u00eda-Sociedad en la Educaci\u00f3n en Ciencias (AIA-CTS) y de la Sociedad Peruana de Investigaci\u00f3n Educativa (SIEP).<\/p>\n<p>&nbsp;<\/p>\n<p>PUBLICACIONES RECIENTES:<\/p>\n<p>TURPO, O. W. y hern\u00e1ndez, m. j. (2014). La convergencia pedag\u00f3gica y tecnol\u00f3gica del Blended Leaning. En Blended Learning en educaci\u00f3n superior Perspectivas de innovaci\u00f3n y cambio (pp. 101-119). madrid: Sintesis. Recuperado de: <a href=\"http:\/\/www.sintesis.com\/educar-instruir-71\/blended-learning-en-educacion-superior-ebook-1883.html\" target=\"_blank\" rel=\"noopener\">http:\/\/www.sintesis.com\/educar-instruir-71\/blended-learning-en-educacion-superior-ebook-1883.html \u00a0<\/a><\/p>\n<div class=\"profepucp\">\n<div class=\"contenedor\">\n<div class=\"cuerpo\">\n<div class=\"cuerpo-izq\">\n<div class=\"cuerpo-izq-body\">\n<div class=\"cuerpo-izq-content\">\n<div id=\"Searchresult\" class=\"Searchresult\">\n<div class=\"result\">\n<div class=\"lista-publica\">\n<div class=\"lista-publicaciones-der\">\n<p align=\"justify\">TURPO, O. W.\u00a0(2014).\u00a0Perspectiva de la convergencia pedag\u00f3gica y tecnol\u00f3gica en la modalidad blended learning.<em>\u00a0Educaci\u00f3n<\/em>, 23 (44), pp. 67-87. Recuperado de: \u00a0<a href=\"http:\/\/revistas.pucp.edu.pe\/index.php\/educacion\/article\/view\/8941\" target=\"_blank\" rel=\"noopener\">http:\/\/revistas.pucp.edu.pe\/index.php\/educacion\/article\/view\/8941<\/a><\/p>\n<div class=\"profepucp\">\n<div class=\"contenedor\">\n<div class=\"cuerpo\">\n<div class=\"cuerpo-izq\">\n<div class=\"cuerpo-izq-body\">\n<div class=\"cuerpo-izq-content\">\n<div id=\"Searchresult\" class=\"Searchresult\">\n<div class=\"result\">\n<div class=\"lista-publica\">\n<div class=\"lista-publicaciones-der\">\n<p align=\"justify\">TURPO, O. W<a href=\"http:\/\/www.pucp.edu.pe\/profesor\/osbaldo-turpo-gebera\" target=\"_blank\" rel=\"noopener\">.<\/a>\u00a0(2014).\u00a0Usabilidad pedag\u00f3gica de los recursos web en la formaci\u00f3n continua del profesorado.<em>\u00a03Ciencias<\/em>, 3 (3), pp. 134-155. Recuperado de:\u00a0<a href=\"https:\/\/3ciencias.com\/articulos\/articulo\/usabilidad-pedagogica-de-los-recursos-web-en-la-formacio\" target=\"_blank\">https:\/\/3ciencias.com\/articulos\/articulo\/usabilidad-pedagogica-de-los-recursos-web-en-la-formacio<\/a><\/p>\n<\/div>\n<\/div>\n<\/div>\n<\/div>\n<\/div>\n<\/div>\n<\/div>\n<\/div>\n<\/div>\n<\/div>\n<\/div>\n<\/div>\n<\/div>\n<\/div>\n<\/div>\n<\/div>\n<\/div>\n<\/div>\n<\/div>\n<\/div>\n","protected":false},"excerpt":{"rendered":"<p>Coordinador de Investigaciones del CISE-PUCP. Doctor en Educaci\u00f3n y Profesor del \u00e1rea de Investigaci\u00f3n Educativa. Ha realizado estancias de investigaci\u00f3n y formaci\u00f3n en Portugal, Uruguay, M\u00e9xico, Israel, Italia y Espa\u00f1a. Investiga en las \u00e1reas de Pensamiento y Acci\u00f3n Docente y &hellip; <a href=\"https:\/\/3ciencias.com\/en\/osbaldo-turpo-gebera\/\">leer m\u00e1s <span class=\"meta-nav\">&rarr;<\/span><\/a><\/p>\n","protected":false},"author":2,"featured_media":0,"parent":0,"menu_order":0,"comment_status":"closed","ping_status":"closed","template":"tp-congreso.php","meta":{"_bbp_topic_count":0,"_bbp_reply_count":0,"_bbp_total_topic_count":0,"_bbp_total_reply_count":0,"_bbp_voice_count":0,"_bbp_anonymous_reply_count":0,"_bbp_topic_count_hidden":0,"_bbp_reply_count_hidden":0,"_bbp_forum_subforum_count":0,"_mi_skip_tracking":false,"_monsterinsights_sitenote_active":false,"_monsterinsights_sitenote_note":"","_monsterinsights_sitenote_category":0,"footnotes":""},"acf":[],"_links":{"self":[{"href":"https:\/\/3ciencias.com\/en\/wp-json\/wp\/v2\/pages\/9367"}],"collection":[{"href":"https:\/\/3ciencias.com\/en\/wp-json\/wp\/v2\/pages"}],"about":[{"href":"https:\/\/3ciencias.com\/en\/wp-json\/wp\/v2\/types\/page"}],"author":[{"embeddable":true,"href":"https:\/\/3ciencias.com\/en\/wp-json\/wp\/v2\/users\/2"}],"replies":[{"embeddable":true,"href":"https:\/\/3ciencias.com\/en\/wp-json\/wp\/v2\/comments?post=9367"}],"version-history":[{"count":0,"href":"https:\/\/3ciencias.com\/en\/wp-json\/wp\/v2\/pages\/9367\/revisions"}],"wp:attachment":[{"href":"https:\/\/3ciencias.com\/en\/wp-json\/wp\/v2\/media?parent=9367"}],"curies":[{"name":"wp","href":"https:\/\/api.w.org\/{rel}","templated":true}]}}