{"id":9366,"date":"2017-01-19T13:09:48","date_gmt":"2017-01-19T12:09:48","guid":{"rendered":"https:\/\/3ciencias.com\/juan-garcia-fuentes\/"},"modified":"2017-01-19T13:09:48","modified_gmt":"2017-01-19T12:09:48","slug":"juan-garcia-fuentes","status":"publish","type":"page","link":"https:\/\/3ciencias.com\/en\/juan-garcia-fuentes\/","title":{"rendered":"Juan Garc\u00eda Fuentes"},"content":{"rendered":"<p><strong>Licenciado en Pedagog\u00eda<\/strong> por la Universidad de Granada (2005-2010)<img decoding=\"async\" loading=\"lazy\" class=\"size-medium wp-image-8120 alignright\" src=\"https:\/\/3ciencias.com\/wp-content\/uploads\/2017\/01\/Juan-Garc\u00eda-Fuentes-220x300.jpg\" alt=\"\" width=\"220\" height=\"300\" srcset=\"https:\/\/3ciencias.com\/wp-content\/uploads\/2017\/01\/Juan-Garc\u00eda-Fuentes-220x300.jpg 220w, https:\/\/3ciencias.com\/wp-content\/uploads\/2017\/01\/Juan-Garc\u00eda-Fuentes-150x204.jpg 150w, https:\/\/3ciencias.com\/wp-content\/uploads\/2017\/01\/Juan-Garc\u00eda-Fuentes.jpg 405w\" sizes=\"(max-width: 220px) 100vw, 220px\" \/> y <strong>M\u00e1ster en Cooperaci\u00f3n al desarrollo, Gesti\u00f3n p\u00fablica y Servicios de las ONGDs<\/strong> (2010-2011) por la misma universidad. <strong>M\u00e1ster Superior de Programas Sociales para la Inserci\u00f3n<\/strong> (Universidad Personal a distancia-2014). <strong>M\u00e1ster en Empleabilidad y Recursos Humanos<\/strong> (Universidad Personal a distancia- 2014) y <strong>Experto en Mediaci\u00f3n Social<\/strong> (2014).<\/p>\n<p><strong>Contratado investigador en formaci\u00f3n en el departamento de Pedagog\u00eda<\/strong> (2015), facultad Ciencias de la Educaci\u00f3n (Universidad de Granada) y perteneciente al grupo de investigaci\u00f3n Pol\u00edticas y Reformas Educativas HUM 308.<\/p>\n<p>Actualmente estoy participando en dos proyectos de investigaci\u00f3n:<\/p>\n<ul>\n<li>Por una parte, en el proyecto europeo: <strong>\u00abPolicies suporting Young adults in their life course. A comparative perspective of lifelong learning and inclusion in education and work in Europe\u00bb<\/strong>.<\/li>\n<li>Por otra parte, en el Proyecto de investigaci\u00f3n i+d, <strong>\u201cAn\u00e1lisis y evaluaci\u00f3n de los programas de Formaci\u00f3n Profesional B\u00e1sica en la transici\u00f3n de la juventud a la vida laboral y adulta\u201d<\/strong>, financiado por el ministerio de econom\u00eda y competitividad.<\/li>\n<\/ul>\n<p>Mis l\u00edneas de investigaci\u00f3n son menores, transiciones, educaci\u00f3n, life course, pol\u00edticas sociales y educativas, exclusi\u00f3n e inclusi\u00f3n social.<\/p>\n<p><strong>CONGRESOS Y SEMINARIOS:<\/strong><\/p>\n<ul>\n<li>Ponente en Seminario Internacional ABJOVES (Barcelona 2016): \u201cDe los programas de Cualificaci\u00f3n Profesional Inicial hacia la Formaci\u00f3n Profesional B\u00e1sica: an\u00e1lisis de estas medidas frente a la exclusi\u00f3n educativa\u201d.<\/li>\n<li>Ponente en Congreso Internacional CESE XXVII Conference (Glasgow 2016): \u201cFrom Initial Professional Qualification Programmes to Elementary Vocational Training: An analysis of the Measures against Educational Exclusion\u201d.<\/li>\n<li>Ponente XII Congreso Espa\u00f1ol de Sociolog\u00eda (Gij\u00f3n 2016): \u201cExclusi\u00f3n socio-educativa de los NI-NI: An\u00e1lisis descriptivo de los procesos de transici\u00f3n\u201d.<\/li>\n<li>Ponente en XV Congreso Nacional de Educaci\u00f3n Comparada (Sevilla 2016): \u201c\u00bfNi estudian, ni trabajan?: An\u00e1lisis de los procesos de exclusi\u00f3n socio-educativa en las transiciones de los j\u00f3venes NI-NI\u201d.<\/li>\n<\/ul>\n<p>&nbsp;<\/p>\n","protected":false},"excerpt":{"rendered":"<p>Licenciado en Pedagog\u00eda por la Universidad de Granada (2005-2010) y M\u00e1ster en Cooperaci\u00f3n al desarrollo, Gesti\u00f3n p\u00fablica y Servicios de las ONGDs (2010-2011) por la misma universidad. M\u00e1ster Superior de Programas Sociales para la Inserci\u00f3n (Universidad Personal a distancia-2014). M\u00e1ster &hellip; <a href=\"https:\/\/3ciencias.com\/en\/juan-garcia-fuentes\/\">leer m\u00e1s <span class=\"meta-nav\">&rarr;<\/span><\/a><\/p>\n","protected":false},"author":2,"featured_media":0,"parent":0,"menu_order":0,"comment_status":"closed","ping_status":"closed","template":"tp-congreso.php","meta":{"_bbp_topic_count":0,"_bbp_reply_count":0,"_bbp_total_topic_count":0,"_bbp_total_reply_count":0,"_bbp_voice_count":0,"_bbp_anonymous_reply_count":0,"_bbp_topic_count_hidden":0,"_bbp_reply_count_hidden":0,"_bbp_forum_subforum_count":0,"_mi_skip_tracking":false,"_monsterinsights_sitenote_active":false,"_monsterinsights_sitenote_note":"","_monsterinsights_sitenote_category":0,"footnotes":""},"acf":[],"_links":{"self":[{"href":"https:\/\/3ciencias.com\/en\/wp-json\/wp\/v2\/pages\/9366"}],"collection":[{"href":"https:\/\/3ciencias.com\/en\/wp-json\/wp\/v2\/pages"}],"about":[{"href":"https:\/\/3ciencias.com\/en\/wp-json\/wp\/v2\/types\/page"}],"author":[{"embeddable":true,"href":"https:\/\/3ciencias.com\/en\/wp-json\/wp\/v2\/users\/2"}],"replies":[{"embeddable":true,"href":"https:\/\/3ciencias.com\/en\/wp-json\/wp\/v2\/comments?post=9366"}],"version-history":[{"count":0,"href":"https:\/\/3ciencias.com\/en\/wp-json\/wp\/v2\/pages\/9366\/revisions"}],"wp:attachment":[{"href":"https:\/\/3ciencias.com\/en\/wp-json\/wp\/v2\/media?parent=9366"}],"curies":[{"name":"wp","href":"https:\/\/api.w.org\/{rel}","templated":true}]}}