{"id":9365,"date":"2017-01-19T15:36:30","date_gmt":"2017-01-19T14:36:30","guid":{"rendered":"https:\/\/3ciencias.com\/raul-armando-ramos-morocho\/"},"modified":"2017-01-19T15:36:30","modified_gmt":"2017-01-19T14:36:30","slug":"raul-armando-ramos-morocho","status":"publish","type":"page","link":"https:\/\/3ciencias.com\/en\/raul-armando-ramos-morocho\/","title":{"rendered":"Ra\u00fal Armando Ramos Morocho"},"content":{"rendered":"<p>Docente Universidad T\u00e9cnica de Babahoyo (Ecuador). Ingeniero en Sistemas, Escuela <img decoding=\"async\" loading=\"lazy\" class=\"wp-image-8129 alignright\" src=\"https:\/\/3ciencias.com\/wp-content\/uploads\/2017\/01\/RA_RamosMorocho-217x300.jpg\" alt=\"\" width=\"139\" height=\"189\" \/>Superior Polit\u00e9cnica de Chimborazo, (Riobamba, Ecuador). M\u00e1ster en Desarrollo de Aplicaciones para Internet, University of Canterbury. Diplomatura Internacional en Tecnolog\u00edas de la Informaci\u00f3n y Comuincaci\u00f3n, Universidad Pedag\u00f3gica Experimental Libertador (Venezuela). Diplomatura Internacional en Administraci\u00f3n y Seguridad de Redes Inform\u00e1ticas, Universidad Tecnol\u00f3gica Internacional (Argentina). Magister en Inform\u00e1tica Aplicada, Escuela Superior Polit\u00e9cnica de Chimborazo (Riobamba, Ecuador). Egresado Maestr\u00eda Docente y Curr\u00edculum, Universidad T\u00e9cnica de Babahoyo (Ecuador).<\/p>\n<p>&nbsp;<\/p>\n<p><strong>CONFERENCIAS EXPOSICIONES Y SIMPOSIOS<\/strong><\/p>\n<ul>\n<li>Ponente Unidad Educativa San Jos\u00e9, \u201cIdentificaci\u00f3n de h\u00e1bitos de uso del Internet utilizando Redes Neuronales\u201d, Tena &#8211; Napo \u2013 Ecuador, 2012.<\/li>\n<li>Ponente Unidad Educativa San Jos\u00e9, \u201cDesarrollo y Gesti\u00f3n de Tiendas online y Usos de Nuevas Tecnolog\u00edas\u201d, Tena &#8211; Napo \u2013 Ecuador, 2014.<\/li>\n<li>Ponente VirtualEduca, \u201cUtilizaci\u00f3n de mundos virtuales de aprendizaje en la asignatura Redes de Computadores en la Escuela de Sistemas y Tecnolog\u00edas de la Universidad T\u00e9cnica de Babahoyo\u201d, San Juan &#8211; Puerto Rico, 2016.<\/li>\n<li>Ponente Universidad t\u00e9cnica de Babahoyo, \u201cEducaci\u00f3n Virtual Masiva Gratuita para la Prevenci\u00f3n de Accidentes de Tr\u00e1nsito en Ambato\u201d, Babahoyo \u2013 Ecuador, 2016.<\/li>\n<\/ul>\n<p><strong>\u00a0<\/strong><\/p>\n<p><strong>PRODUCCI\u00d3N CIENT\u00cdFICA<\/strong><\/p>\n<ul>\n<li>Ramos Morocho, R.A. y Gallegos Mosquera, E. (2016). Infecci\u00f3n con ransomware en el servidor de base de datos del sistema Onsystec ERP. <em>3C Tecnolog\u00eda: glosas de innovaci\u00f3n aplicadas a la pyme<\/em>, 5(4), 56-76. DOI: &lt;<a href=\"http:\/\/dx.doi.org\/10.17993\/3ctecno.2016.v5n4e20.56-76\/\" target=\"_blank\" rel=\"noopener\">http:\/\/dx.doi.org\/10.17993\/3ctecno.2016.v5n4e20.56-76\/<\/a>&gt;.<\/li>\n<\/ul>\n<ul>\n<li>Ramos Morocho, R.A. (2016). Los mundos virtuales de aprendizaje como m\u00e9todo de ense\u00f1anza en la Universidad T\u00e9cnica de Babahoyo. 3C TIC: Cuadernos de desarrollo aplicados a las TIC, 5(4), 63-87. DOI: &lt;<a href=\"http:\/\/dx.doi.org\/10.17993\/3ctic.2016.54.63-87\/\" target=\"_blank\" rel=\"noopener\">http:\/\/dx.doi.org\/10.17993\/3ctic.2016.54.63-87\/<\/a>&gt;.<\/li>\n<\/ul>\n<ul>\n<li>JORD\u00c1N CORDONE, Fredy Maximiliano; RAMOS MOROCHO, Ra\u00fal Armando; VEGA VILLACIS, Geovanny Eduardo. EDUCACI\u00d3N VIRTUAL MASIVA GRATUITA PARA LA PREVENCI\u00d3N DE ACCIDENTES DE TR\u00c1NSITO EN AMBATO.\u00a0<em>Journal of Science and Research: Revista Ciencia e Investigaci\u00f3n<\/em>, [S.l.], p. 28-32, sep. 2016. ISSN 2528-8083. Disponible en: &lt;<a href=\"http:\/\/revista.utb.edu.ec\/index.php\/sr\/article\/view\/87\" target=\"_blank\" rel=\"noopener\">http:\/\/revista.utb.edu.ec\/index.php\/sr\/article\/view\/87<\/a>&gt;.<\/li>\n<\/ul>\n","protected":false},"excerpt":{"rendered":"<p>Docente Universidad T\u00e9cnica de Babahoyo (Ecuador). Ingeniero en Sistemas, Escuela Superior Polit\u00e9cnica de Chimborazo, (Riobamba, Ecuador). M\u00e1ster en Desarrollo de Aplicaciones para Internet, University of Canterbury. Diplomatura Internacional en Tecnolog\u00edas de la Informaci\u00f3n y Comuincaci\u00f3n, Universidad Pedag\u00f3gica Experimental Libertador (Venezuela). &hellip; <a href=\"https:\/\/3ciencias.com\/en\/raul-armando-ramos-morocho\/\">leer m\u00e1s <span class=\"meta-nav\">&rarr;<\/span><\/a><\/p>\n","protected":false},"author":2,"featured_media":0,"parent":0,"menu_order":0,"comment_status":"closed","ping_status":"closed","template":"tp-congreso.php","meta":{"_bbp_topic_count":0,"_bbp_reply_count":0,"_bbp_total_topic_count":0,"_bbp_total_reply_count":0,"_bbp_voice_count":0,"_bbp_anonymous_reply_count":0,"_bbp_topic_count_hidden":0,"_bbp_reply_count_hidden":0,"_bbp_forum_subforum_count":0,"_mi_skip_tracking":false,"_monsterinsights_sitenote_active":false,"_monsterinsights_sitenote_note":"","_monsterinsights_sitenote_category":0,"footnotes":""},"acf":[],"_links":{"self":[{"href":"https:\/\/3ciencias.com\/en\/wp-json\/wp\/v2\/pages\/9365"}],"collection":[{"href":"https:\/\/3ciencias.com\/en\/wp-json\/wp\/v2\/pages"}],"about":[{"href":"https:\/\/3ciencias.com\/en\/wp-json\/wp\/v2\/types\/page"}],"author":[{"embeddable":true,"href":"https:\/\/3ciencias.com\/en\/wp-json\/wp\/v2\/users\/2"}],"replies":[{"embeddable":true,"href":"https:\/\/3ciencias.com\/en\/wp-json\/wp\/v2\/comments?post=9365"}],"version-history":[{"count":0,"href":"https:\/\/3ciencias.com\/en\/wp-json\/wp\/v2\/pages\/9365\/revisions"}],"wp:attachment":[{"href":"https:\/\/3ciencias.com\/en\/wp-json\/wp\/v2\/media?parent=9365"}],"curies":[{"name":"wp","href":"https:\/\/api.w.org\/{rel}","templated":true}]}}