{"id":9364,"date":"2017-01-20T09:19:34","date_gmt":"2017-01-20T08:19:34","guid":{"rendered":"https:\/\/3ciencias.com\/aurora-feria-viceo\/"},"modified":"2017-01-20T09:19:34","modified_gmt":"2017-01-20T08:19:34","slug":"aurora-feria-viceo","status":"publish","type":"page","link":"https:\/\/3ciencias.com\/en\/aurora-feria-viceo\/","title":{"rendered":"Aurora Feria Viceo"},"content":{"rendered":"<p><strong>Diplomada en Logopedia<\/strong> (2006) por la Universidad de M\u00e1laga, <img decoding=\"async\" loading=\"lazy\" class=\" wp-image-8132 alignright\" src=\"https:\/\/3ciencias.com\/wp-content\/uploads\/2017\/01\/Aurora-Feria-197x300.jpg\" alt=\"\" width=\"143\" height=\"213\" \/><strong>licenciada en Pedagog\u00eda<\/strong> (2014) por la Universidad de Granada y <strong>M\u00e1ster en Educaci\u00f3n Social<\/strong>: Desarrollo profesional e Investigaci\u00f3n (2015) tambi\u00e9n por la misma universidad.<\/p>\n<p><strong>Contratada investigadora<\/strong> en formaci\u00f3n en el Departamento de Pedagog\u00eda de la Facultad Ciencias de la Educaci\u00f3n de la Universidad de Granada y perteneciente al grupo de investigaci\u00f3n Pol\u00edticas y Reformas Educativas HUM 308.<\/p>\n<p>Mis <strong>l\u00edneas de investigaci\u00f3n<\/strong> son: <strong>Abandono escolar, pol\u00edticas educativas, exclusi\u00f3n social, life course, formaci\u00f3n profesional.<\/strong><\/p>\n<p><strong>Participaci\u00f3n en proyectos:<\/strong><\/p>\n<ul>\n<li>T\u00edtulo del proyecto: &#8220;<strong>El abandono escolar prematuro en Espa\u00f1a. Un an\u00e1lisis de las decisiones, motivaciones y estrategias educativas de los j\u00f3venes<\/strong>\u201d (ABJOVES-CSO2012-31575) (2013-2016). IP: Aina Tarabini Castellani. Financiado por el Ministerio de Econom\u00eda y Competitividad dentro del Plan Nacional de I+D+I<\/li>\n<li>T\u00edtulo del proyecto: &#8220;<strong>An\u00e1lisis y evaluaci\u00f3n de los programas de formaci\u00f3n profesional b\u00e1sica en la transici\u00f3n de la juventud a la vida laboral y adulta&#8221;<\/strong>[Ref.EDU2014-52702-R] (2015-2017). IP: Miguel A. Pereyra. Financiado por el Ministerio de Econom\u00eda y Competitividad dentro del Plan Nacional de I+D+I<\/li>\n<li>T\u00edtulo del proyecto: &#8220;<strong>Policies supporting Young adults in their life course. A comparative perspective of lifelong learning and inclusion in education and work in Europe&#8221;<\/strong> (YOUNG_ADULLLT) (2016-2019). IP: Marcelo Parreira. Financiado por la Comisi\u00f3n Europea.<\/li>\n<li>T\u00edtulo del proyecto<strong>:<\/strong>\u00a0<strong>&#8220;Pol\u00edticas y reformas educativas en M\u00e9xico y en Espa\u00f1a. Propuestas para la Inclusi\u00f3n Educativa&#8221;<\/strong> (2015-2018). IP: Mireya Mart\u00ed. Financiado por la Secretar\u00eda de Educaci\u00f3n P\u00fablica de M\u00e9xico.<\/li>\n<\/ul>\n<p>&nbsp;<\/p>\n","protected":false},"excerpt":{"rendered":"<p>Diplomada en Logopedia (2006) por la Universidad de M\u00e1laga, licenciada en Pedagog\u00eda (2014) por la Universidad de Granada y M\u00e1ster en Educaci\u00f3n Social: Desarrollo profesional e Investigaci\u00f3n (2015) tambi\u00e9n por la misma universidad. Contratada investigadora en formaci\u00f3n en el Departamento &hellip; <a href=\"https:\/\/3ciencias.com\/en\/aurora-feria-viceo\/\">leer m\u00e1s <span class=\"meta-nav\">&rarr;<\/span><\/a><\/p>\n","protected":false},"author":2,"featured_media":0,"parent":0,"menu_order":0,"comment_status":"closed","ping_status":"closed","template":"tp-congreso.php","meta":{"_bbp_topic_count":0,"_bbp_reply_count":0,"_bbp_total_topic_count":0,"_bbp_total_reply_count":0,"_bbp_voice_count":0,"_bbp_anonymous_reply_count":0,"_bbp_topic_count_hidden":0,"_bbp_reply_count_hidden":0,"_bbp_forum_subforum_count":0,"_mi_skip_tracking":false,"_monsterinsights_sitenote_active":false,"_monsterinsights_sitenote_note":"","_monsterinsights_sitenote_category":0,"footnotes":""},"acf":[],"_links":{"self":[{"href":"https:\/\/3ciencias.com\/en\/wp-json\/wp\/v2\/pages\/9364"}],"collection":[{"href":"https:\/\/3ciencias.com\/en\/wp-json\/wp\/v2\/pages"}],"about":[{"href":"https:\/\/3ciencias.com\/en\/wp-json\/wp\/v2\/types\/page"}],"author":[{"embeddable":true,"href":"https:\/\/3ciencias.com\/en\/wp-json\/wp\/v2\/users\/2"}],"replies":[{"embeddable":true,"href":"https:\/\/3ciencias.com\/en\/wp-json\/wp\/v2\/comments?post=9364"}],"version-history":[{"count":0,"href":"https:\/\/3ciencias.com\/en\/wp-json\/wp\/v2\/pages\/9364\/revisions"}],"wp:attachment":[{"href":"https:\/\/3ciencias.com\/en\/wp-json\/wp\/v2\/media?parent=9364"}],"curies":[{"name":"wp","href":"https:\/\/api.w.org\/{rel}","templated":true}]}}