{"id":9359,"date":"2017-02-01T12:16:46","date_gmt":"2017-02-01T11:16:46","guid":{"rendered":"https:\/\/3ciencias.com\/yessica-sanchez-hernandez\/"},"modified":"2017-02-01T12:16:46","modified_gmt":"2017-02-01T11:16:46","slug":"yessica-sanchez-hernandez","status":"publish","type":"page","link":"https:\/\/3ciencias.com\/en\/yessica-sanchez-hernandez\/","title":{"rendered":"Yessica S\u00e1nchez Hern\u00e1ndez"},"content":{"rendered":"<p><strong>Licenciada en Pedagog\u00eda<\/strong> por la Universidad de Granada (2005-2010). <strong>Int\u00e9rprete de Lengua de Signos<\/strong> (Instituto Alhambra Granada 2010-2012). <strong>M\u00e1ster en Educaci\u00f3n Social y Desarrollo profesional docente<\/strong> (2010-2011) <strong><img decoding=\"async\" loading=\"lazy\" class=\" wp-image-8220 alignright\" src=\"https:\/\/3ciencias.com\/wp-content\/uploads\/2017\/02\/Yessi-Sanchez.png\" alt=\"\" width=\"168\" height=\"203\" \/><\/strong>por la misma universidad, <strong>M\u00e1ster Superior de Programas Sociales para la Inserci\u00f3n<\/strong> (Universidad Personal a distancia-2014), <strong>M\u00e1ster en Empleabilidad y Recursos Humanos <\/strong>(Universidad Personal a distancia- 2014) y <strong>Experto en Mediaci\u00f3n Social<\/strong>\u00a0 (2014).<\/p>\n<p><strong>Contratada investigadora<\/strong> en formaci\u00f3n en el Departamento de Did\u00e1ctica y Organizaci\u00f3n Escolar (2015), Facultad Ciencias de la Educaci\u00f3n (Universidad de Granada) y perteneciente al grupo FORCE de la Universidad de Granada, con cargo de secretaria. Participaci\u00f3n en Equipo de Editorial de la <strong>Revista de Formaci\u00f3n de Profesorado<\/strong> en la Universidad de Granada como secretaria. Consejo T\u00e9cnico en revista <strong>REIDOE<\/strong> (Revista Internacional de Did\u00e1ctica y Organizaci\u00f3n Educativa)<\/p>\n<p>Mis <strong>l\u00edneas de investigaci\u00f3n<\/strong> son: <strong>Sexualidad, adolescentes, discapacidad, discapacidad auditiva, programas educativos.<\/strong><\/p>\n","protected":false},"excerpt":{"rendered":"<p>Licenciada en Pedagog\u00eda por la Universidad de Granada (2005-2010). Int\u00e9rprete de Lengua de Signos (Instituto Alhambra Granada 2010-2012). M\u00e1ster en Educaci\u00f3n Social y Desarrollo profesional docente (2010-2011) por la misma universidad, M\u00e1ster Superior de Programas Sociales para la Inserci\u00f3n (Universidad &hellip; <a href=\"https:\/\/3ciencias.com\/en\/yessica-sanchez-hernandez\/\">leer m\u00e1s <span class=\"meta-nav\">&rarr;<\/span><\/a><\/p>\n","protected":false},"author":2,"featured_media":0,"parent":0,"menu_order":0,"comment_status":"closed","ping_status":"closed","template":"","meta":{"_bbp_topic_count":0,"_bbp_reply_count":0,"_bbp_total_topic_count":0,"_bbp_total_reply_count":0,"_bbp_voice_count":0,"_bbp_anonymous_reply_count":0,"_bbp_topic_count_hidden":0,"_bbp_reply_count_hidden":0,"_bbp_forum_subforum_count":0,"_mi_skip_tracking":false,"_monsterinsights_sitenote_active":false,"_monsterinsights_sitenote_note":"","_monsterinsights_sitenote_category":0,"footnotes":""},"acf":[],"_links":{"self":[{"href":"https:\/\/3ciencias.com\/en\/wp-json\/wp\/v2\/pages\/9359"}],"collection":[{"href":"https:\/\/3ciencias.com\/en\/wp-json\/wp\/v2\/pages"}],"about":[{"href":"https:\/\/3ciencias.com\/en\/wp-json\/wp\/v2\/types\/page"}],"author":[{"embeddable":true,"href":"https:\/\/3ciencias.com\/en\/wp-json\/wp\/v2\/users\/2"}],"replies":[{"embeddable":true,"href":"https:\/\/3ciencias.com\/en\/wp-json\/wp\/v2\/comments?post=9359"}],"version-history":[{"count":0,"href":"https:\/\/3ciencias.com\/en\/wp-json\/wp\/v2\/pages\/9359\/revisions"}],"wp:attachment":[{"href":"https:\/\/3ciencias.com\/en\/wp-json\/wp\/v2\/media?parent=9359"}],"curies":[{"name":"wp","href":"https:\/\/api.w.org\/{rel}","templated":true}]}}