{"id":9308,"date":"2017-04-24T19:12:45","date_gmt":"2017-04-24T17:12:45","guid":{"rendered":"https:\/\/3ciencias.com\/empoderamiento-detonador-crecimiento-economico-ante-los-problemas-sociales-enfrentan-las-mujeres-rurales-emprendedoras-tonala\/"},"modified":"2017-04-24T19:12:45","modified_gmt":"2017-04-24T17:12:45","slug":"empoderamiento-detonador-crecimiento-economico-ante-los-problemas-sociales-enfrentan-las-mujeres-rurales-emprendedoras-tonala","status":"publish","type":"page","link":"https:\/\/3ciencias.com\/en\/i-congreso-internacional-online-economia-empresa-sociedad\/comunicaciones\/empoderamiento-detonador-crecimiento-economico-ante-los-problemas-sociales-enfrentan-las-mujeres-rurales-emprendedoras-tonala\/","title":{"rendered":"Empoderamiento detonador de crecimiento econ\u00f3mico ante los problemas sociales que enfrentan las mujeres rurales emprendedoras en Tonal\u00e1"},"content":{"rendered":"<ul>\n<li><strong><a href=\"https:\/\/3ciencias.com\/wp-content\/uploads\/2017\/04\/1-1.pdf\" target=\"_blank\" rel=\"noopener noreferrer\">Resumen<\/a><\/strong><\/li>\n<li><strong><a href=\"https:\/\/3ciencias.com\/wp-content\/uploads\/2017\/04\/poster-1.pdf\" target=\"_blank\" rel=\"noopener noreferrer\">P\u00f3ster<\/a><\/strong><\/li>\n<\/ul>\n<p>La mujer rural emprendedora es factor clave de la sociedad mexicana que genera recursos econ\u00f3micos a las familias.\u00a0 En Chiapas (M\u00e9xico), no se pueden excluir de la situaci\u00f3n espec\u00edfica de las mujeres rurales, las cuales representan el 50,4% del total de las mujeres mexicanas (CEAMEG, 2014). La mayor\u00eda de este colectivo, est\u00e1n en situaci\u00f3n de pobreza extrema. Adem\u00e1s de vivir en comunidades rurales, con una inadecuada infraestructura de servicios, escasos servicios de salud o educativos, y con necesidades b\u00e1sicas insatisfechas en la mayor\u00eda de los hogares, viven dominadas por el sistema \u201cmachista\u201d propia de una cultura rural, sin reconocimiento de sus derechos, ni de sus labores dentro y fuera del hogar.<\/p>\n<p>Por ello, se presenta este estudio que se realiz\u00f3 con una metodolog\u00eda mixta, cualitativa y cuantitativa. La recolecci\u00f3n de informaci\u00f3n utiliz\u00f3 los siguientes instrumentos metodol\u00f3gicos: un grupo focal y la aplicaci\u00f3n de una encuesta semi estructurada a los participantes del mismo grupo focal (hombres, mujeres y j\u00f3venes, todos ellos mayores de 18 a\u00f1os, vendedores de pescado en la periferia del mercado p\u00fablico Manuel Larrainzar). El resultado reflej\u00f3 que de las 17 personas que comercializan su producto en este sitio, 15 son mujeres, y \u00fanicamente 2 hombres; de ellos, 10 son casados (as), 3 solteras, 1 que vive en uni\u00f3n libre, 1 madre soltera, 1 divorciada y 1 viuda, como se puede observar el <em>rol <\/em>protag\u00f3nico de la mujer en esta actividad comercial es predominante.<\/p>\n<p>&nbsp;<\/p>\n<p style=\"text-align: right;\"><em>Isabel P\u00e9rez P\u00e9rez<\/em><\/p>\n<p style=\"text-align: right;\">Docente\/Investigadora. Titular de la Escuela de Ciencias Administrativas Istmo Costa, Campus IX, Tonal\u00e1. <strong>Universidad Aut\u00f3noma de Chiapas<\/strong>. Investigadora Nacional Nivel 1. Investigadora Estatal Honoraria Nivel VI. Perfil Prodep. Doctorado en Marketing en la Universidad de Valencia, Espa\u00f1a. E-mail: <a href=\"mailto:Isabelperez1491@hotmail.com\">Isabelperez1491@hotmail.com<\/a><\/p>\n","protected":false},"excerpt":{"rendered":"<p>Resumen P\u00f3ster La mujer rural emprendedora es factor clave de la sociedad mexicana que genera recursos econ\u00f3micos a las familias.\u00a0 En Chiapas (M\u00e9xico), no se pueden excluir de la situaci\u00f3n espec\u00edfica de las mujeres rurales, las cuales representan el 50,4% &hellip; <a href=\"https:\/\/3ciencias.com\/en\/i-congreso-internacional-online-economia-empresa-sociedad\/comunicaciones\/empoderamiento-detonador-crecimiento-economico-ante-los-problemas-sociales-enfrentan-las-mujeres-rurales-emprendedoras-tonala\/\">leer m\u00e1s <span class=\"meta-nav\">&rarr;<\/span><\/a><\/p>\n","protected":false},"author":2,"featured_media":0,"parent":9374,"menu_order":0,"comment_status":"open","ping_status":"closed","template":"tp-congreso.php","meta":{"_bbp_topic_count":0,"_bbp_reply_count":0,"_bbp_total_topic_count":0,"_bbp_total_reply_count":0,"_bbp_voice_count":0,"_bbp_anonymous_reply_count":0,"_bbp_topic_count_hidden":0,"_bbp_reply_count_hidden":0,"_bbp_forum_subforum_count":0,"_mi_skip_tracking":false,"_monsterinsights_sitenote_active":false,"_monsterinsights_sitenote_note":"","_monsterinsights_sitenote_category":0,"footnotes":""},"acf":[],"_links":{"self":[{"href":"https:\/\/3ciencias.com\/en\/wp-json\/wp\/v2\/pages\/9308"}],"collection":[{"href":"https:\/\/3ciencias.com\/en\/wp-json\/wp\/v2\/pages"}],"about":[{"href":"https:\/\/3ciencias.com\/en\/wp-json\/wp\/v2\/types\/page"}],"author":[{"embeddable":true,"href":"https:\/\/3ciencias.com\/en\/wp-json\/wp\/v2\/users\/2"}],"replies":[{"embeddable":true,"href":"https:\/\/3ciencias.com\/en\/wp-json\/wp\/v2\/comments?post=9308"}],"version-history":[{"count":0,"href":"https:\/\/3ciencias.com\/en\/wp-json\/wp\/v2\/pages\/9308\/revisions"}],"up":[{"embeddable":true,"href":"https:\/\/3ciencias.com\/en\/wp-json\/wp\/v2\/pages\/9374"}],"wp:attachment":[{"href":"https:\/\/3ciencias.com\/en\/wp-json\/wp\/v2\/media?parent=9308"}],"curies":[{"name":"wp","href":"https:\/\/api.w.org\/{rel}","templated":true}]}}