{"id":9306,"date":"2017-04-24T20:06:40","date_gmt":"2017-04-24T18:06:40","guid":{"rendered":"https:\/\/3ciencias.com\/auditoria-la-responsabilidad-social-corporativa-las-empresas-efecto-las-grandes-firmas-auditoria-los-honorarios-los-servicios-auditoria-servicios-adicionales-la-auditoria\/"},"modified":"2017-04-24T20:06:40","modified_gmt":"2017-04-24T18:06:40","slug":"auditoria-la-responsabilidad-social-corporativa-las-empresas-efecto-las-grandes-firmas-auditoria-los-honorarios-los-servicios-auditoria-servicios-adicionales-la-auditoria","status":"publish","type":"page","link":"https:\/\/3ciencias.com\/en\/i-congreso-internacional-online-economia-empresa-sociedad\/comunicaciones\/auditoria-la-responsabilidad-social-corporativa-las-empresas-efecto-las-grandes-firmas-auditoria-los-honorarios-los-servicios-auditoria-servicios-adicionales-la-auditoria\/","title":{"rendered":"Auditor\u00eda y la responsabilidad social corporativa de las empresas"},"content":{"rendered":"<ul>\n<li><a href=\"https:\/\/3ciencias.com\/wp-content\/uploads\/2017\/04\/5.pdf\" target=\"_blank\" rel=\"noopener noreferrer\"><strong>Resumen<\/strong><\/a><\/li>\n<\/ul>\n<p>El objetivo de este trabajo es analizar c\u00f3mo las grandes firmas auditor\u00eda y los honorarios tanto de los servicios de auditor\u00eda como de los servicios adicionales a la auditor\u00eda influyen en la Responsabilidad Social Corporativa de la empresa (de ahora en adelante RSC). Para llevar a cabo este an\u00e1lisis hemos elaborado una base con datos de panel de una muestra de empresas espa\u00f1olas cotizadas no financieras para el periodo comprendido entre 2004 -2014, quedando finalmente la muestra definida en 1.312 observaciones empresa-a\u00f1o. Los resultados revelan que tanto las grandes firmas auditoras como los honorarios tanto de los servicios de auditor\u00eda como de los servicios adicionales a la auditor\u00eda se convierten en mecanismos que animan a las empresas a divulgar informaci\u00f3n sobre RSC. En general, nuestros resultados sugieren que las grandes firmas auditoras desempe\u00f1an un papel relevante en la revelaci\u00f3n de informaci\u00f3n sobre RSC, lo que podr\u00eda ayudar a mitigar asimetr\u00edas informativas entre los gerentes y los grupos de inter\u00e9s. Adem\u00e1s, los honorarios que las empresas pagan a las firmas auditoras por servicios de auditor\u00eda y servicios adicionales a la auditor\u00eda promueve la revelaci\u00f3n voluntaria de informaci\u00f3n no financiera. Estas conclusiones pueden ser de inter\u00e9s para los reguladores, dado el importante role que la RSC puede jugar en la toma de decisiones de todos los grupos de inter\u00e9s.<\/p>\n<p>&nbsp;<\/p>\n<p style=\"text-align: right;\"><em>Mar\u00eda Consuelo Pucheta-Mart\u00ednez<sup>1<\/sup><\/em><\/p>\n<p style=\"text-align: right;\"><em>Inmaculada Bel-Oms<sup>2<\/sup><\/em><\/p>\n<p style=\"text-align: right;\"><em>L\u00facia Lima-Rodrigues<sup>3<\/sup><\/em><\/p>\n<p>1 Profesora Titular de Universidad<strong>. <\/strong>Universidad Jaume I, Departamento de Finanzas y Contabilidad<strong>. <\/strong>Campus del Riu Sec, s\/n. 12071 Castell\u00f3n (Espa\u00f1a).E-mail: <a href=\"mailto:pucheta@uji.es\">pucheta@uji.es<\/a><\/p>\n<p>2 Profesora Asociada. Universidad Jaume I, Departamento de Administraci\u00f3n de Empresas y Marketing<strong>. <\/strong>Campus del Riu Sec, s\/n. 12071 Castell\u00f3n (Espa\u00f1a).E-mail: <a href=\"mailto:ibel@uji.es\">ibel@uji.es<\/a><\/p>\n<p>3 Catedr\u00e1tica de Universidad. Universidad de Minho<strong>. <\/strong>Departamento de Econom\u00eda y Gesti\u00f3n<strong>. <\/strong>Campus Gualtar<strong>. <\/strong>4709-Braga (Portugal). Email: <a href=\"mailto:lrodrigues@egg.uminho.pt\">lrodrigues@egg.uminho.pt<\/a><\/p>\n","protected":false},"excerpt":{"rendered":"<p>Resumen El objetivo de este trabajo es analizar c\u00f3mo las grandes firmas auditor\u00eda y los honorarios tanto de los servicios de auditor\u00eda como de los servicios adicionales a la auditor\u00eda influyen en la Responsabilidad Social Corporativa de la empresa (de &hellip; <a href=\"https:\/\/3ciencias.com\/en\/i-congreso-internacional-online-economia-empresa-sociedad\/comunicaciones\/auditoria-la-responsabilidad-social-corporativa-las-empresas-efecto-las-grandes-firmas-auditoria-los-honorarios-los-servicios-auditoria-servicios-adicionales-la-auditoria\/\">leer m\u00e1s <span class=\"meta-nav\">&rarr;<\/span><\/a><\/p>\n","protected":false},"author":2,"featured_media":0,"parent":9374,"menu_order":0,"comment_status":"open","ping_status":"closed","template":"tp-congreso.php","meta":{"_bbp_topic_count":0,"_bbp_reply_count":0,"_bbp_total_topic_count":0,"_bbp_total_reply_count":0,"_bbp_voice_count":0,"_bbp_anonymous_reply_count":0,"_bbp_topic_count_hidden":0,"_bbp_reply_count_hidden":0,"_bbp_forum_subforum_count":0,"_mi_skip_tracking":false,"_monsterinsights_sitenote_active":false,"_monsterinsights_sitenote_note":"","_monsterinsights_sitenote_category":0,"footnotes":""},"acf":[],"_links":{"self":[{"href":"https:\/\/3ciencias.com\/en\/wp-json\/wp\/v2\/pages\/9306"}],"collection":[{"href":"https:\/\/3ciencias.com\/en\/wp-json\/wp\/v2\/pages"}],"about":[{"href":"https:\/\/3ciencias.com\/en\/wp-json\/wp\/v2\/types\/page"}],"author":[{"embeddable":true,"href":"https:\/\/3ciencias.com\/en\/wp-json\/wp\/v2\/users\/2"}],"replies":[{"embeddable":true,"href":"https:\/\/3ciencias.com\/en\/wp-json\/wp\/v2\/comments?post=9306"}],"version-history":[{"count":0,"href":"https:\/\/3ciencias.com\/en\/wp-json\/wp\/v2\/pages\/9306\/revisions"}],"up":[{"embeddable":true,"href":"https:\/\/3ciencias.com\/en\/wp-json\/wp\/v2\/pages\/9374"}],"wp:attachment":[{"href":"https:\/\/3ciencias.com\/en\/wp-json\/wp\/v2\/media?parent=9306"}],"curies":[{"name":"wp","href":"https:\/\/api.w.org\/{rel}","templated":true}]}}