{"id":9305,"date":"2017-04-24T20:24:36","date_gmt":"2017-04-24T18:24:36","guid":{"rendered":"https:\/\/3ciencias.com\/papel-las-consejeras-la-responsabilidad-social-corporativa-2\/"},"modified":"2017-04-24T20:24:36","modified_gmt":"2017-04-24T18:24:36","slug":"papel-las-consejeras-la-responsabilidad-social-corporativa","status":"publish","type":"page","link":"https:\/\/3ciencias.com\/en\/i-congreso-internacional-online-economia-empresa-sociedad\/comunicaciones\/papel-las-consejeras-la-responsabilidad-social-corporativa\/","title":{"rendered":"El papel de las consejeras en la responsabilidad social corporativa"},"content":{"rendered":"<ul>\n<li><a href=\"https:\/\/3ciencias.com\/wp-content\/uploads\/2017\/04\/6.pdf\" target=\"_blank\" rel=\"noopener noreferrer\"><strong>Resumen<\/strong><\/a><\/li>\n<\/ul>\n<p>Este trabajo examina como las consejeras independientes y dominicales influyen en la divulgaci\u00f3n de informaci\u00f3n sobre Responsabilidad Social Corporativa (de ahora en adelante RSC). Nosotros hipotetizamos que hay una relaci\u00f3n no lineal, concretamente cuadr\u00e1tica, entre las consejeras independientes y dominicales y la revelaci\u00f3n de informaci\u00f3n sobre RSC. Nuestra evidencia demuestra que as\u00ed como el porcentaje de consejeras independientes y dominicales en los Consejos de Administraci\u00f3n se incrementa, las empresas son m\u00e1s proclives a revelar informaci\u00f3n sobre RSC, en l\u00ednea con la hip\u00f3tesis de supervisi\u00f3n, pero si la presencia de estas consejeras excede por encima de un valor determinado, la divulgaci\u00f3n de informaci\u00f3n sobre RSC es menor, consistente con la hip\u00f3tesis de colusi\u00f3n. Nuestros resultados sugieren las estructuras de Consejos de Administraci\u00f3n formadas por consejeras independientes y dominicales tienen repercusi\u00f3n en la divulgaci\u00f3n voluntaria de informaci\u00f3n sobre RSC, pero dependiendo del porcentaje de este tipo de consejeras en el Consejo de Administraci\u00f3n, la repercusi\u00f3n puede ser positiva o negativa. As\u00ed que, las consejeras juegan un papel relevante en los Consejos dado que pueden influir en las decisiones sobre RSC.<\/p>\n<p>&nbsp;<\/p>\n<p style=\"text-align: right;\"><em>Mar\u00eda Consuelo Pucheta-Mart\u00ednez<sup>1<\/sup><\/em><\/p>\n<p style=\"text-align: right;\"><em>Inmaculada Bel-Oms<sup>2<\/sup><\/em><\/p>\n<p>&nbsp;<\/p>\n<ol>\n<li>Profesora Titular de Universidad<strong>. <\/strong>Universidad Jaume I, Departamento de Finanzas y Contabilidad<strong>. <\/strong>Campus del Riu Sec, s\/n. 12071 Castell\u00f3n (Espa\u00f1a). E-mail: <a href=\"mailto:pucheta@uji.es\">pucheta@uji.es<\/a><\/li>\n<li>Profesora Asociada. Universidad Jaume I, Departamento de Administraci\u00f3n de Empresas y Marketing<strong>. <\/strong>Campus del Riu Sec, s\/n. 12071 Castell\u00f3n (Espa\u00f1a). E-mail: <a href=\"mailto:ibel@uji.es\">ibel@uji.es<\/a><\/li>\n<\/ol>\n","protected":false},"excerpt":{"rendered":"<p>Resumen Este trabajo examina como las consejeras independientes y dominicales influyen en la divulgaci\u00f3n de informaci\u00f3n sobre Responsabilidad Social Corporativa (de ahora en adelante RSC). Nosotros hipotetizamos que hay una relaci\u00f3n no lineal, concretamente cuadr\u00e1tica, entre las consejeras independientes y &hellip; <a href=\"https:\/\/3ciencias.com\/en\/i-congreso-internacional-online-economia-empresa-sociedad\/comunicaciones\/papel-las-consejeras-la-responsabilidad-social-corporativa\/\">leer m\u00e1s <span class=\"meta-nav\">&rarr;<\/span><\/a><\/p>\n","protected":false},"author":2,"featured_media":0,"parent":9374,"menu_order":0,"comment_status":"open","ping_status":"closed","template":"tp-congreso.php","meta":{"_bbp_topic_count":0,"_bbp_reply_count":0,"_bbp_total_topic_count":0,"_bbp_total_reply_count":0,"_bbp_voice_count":0,"_bbp_anonymous_reply_count":0,"_bbp_topic_count_hidden":0,"_bbp_reply_count_hidden":0,"_bbp_forum_subforum_count":0,"_mi_skip_tracking":false,"_monsterinsights_sitenote_active":false,"_monsterinsights_sitenote_note":"","_monsterinsights_sitenote_category":0,"footnotes":""},"acf":[],"_links":{"self":[{"href":"https:\/\/3ciencias.com\/en\/wp-json\/wp\/v2\/pages\/9305"}],"collection":[{"href":"https:\/\/3ciencias.com\/en\/wp-json\/wp\/v2\/pages"}],"about":[{"href":"https:\/\/3ciencias.com\/en\/wp-json\/wp\/v2\/types\/page"}],"author":[{"embeddable":true,"href":"https:\/\/3ciencias.com\/en\/wp-json\/wp\/v2\/users\/2"}],"replies":[{"embeddable":true,"href":"https:\/\/3ciencias.com\/en\/wp-json\/wp\/v2\/comments?post=9305"}],"version-history":[{"count":0,"href":"https:\/\/3ciencias.com\/en\/wp-json\/wp\/v2\/pages\/9305\/revisions"}],"up":[{"embeddable":true,"href":"https:\/\/3ciencias.com\/en\/wp-json\/wp\/v2\/pages\/9374"}],"wp:attachment":[{"href":"https:\/\/3ciencias.com\/en\/wp-json\/wp\/v2\/media?parent=9305"}],"curies":[{"name":"wp","href":"https:\/\/api.w.org\/{rel}","templated":true}]}}