{"id":9304,"date":"2017-04-24T20:39:00","date_gmt":"2017-04-24T18:39:00","guid":{"rendered":"https:\/\/3ciencias.com\/la-insercion-laboral-las-personas-discapacidad\/"},"modified":"2017-04-24T20:39:00","modified_gmt":"2017-04-24T18:39:00","slug":"la-insercion-laboral-las-personas-discapacidad","status":"publish","type":"page","link":"https:\/\/3ciencias.com\/en\/i-congreso-internacional-online-economia-empresa-sociedad\/comunicaciones\/la-insercion-laboral-las-personas-discapacidad\/","title":{"rendered":"La inserci\u00f3n laboral de las personas con discapacidad"},"content":{"rendered":"<ul>\n<li><a href=\"https:\/\/3ciencias.com\/wp-content\/uploads\/2017\/04\/7.pdf\" target=\"_blank\" rel=\"noopener noreferrer\"><strong>Resumen<\/strong><\/a><\/li>\n<li><a href=\"https:\/\/3ciencias.com\/wp-content\/uploads\/2017\/04\/poster-7.pdf\" target=\"_blank\" rel=\"noopener noreferrer\"><strong>P\u00f3ster<\/strong><\/a><\/li>\n<\/ul>\n<p>El presente trabajo pretende analizar la inserci\u00f3n laboral real de las personas\u00a0 con discapacidad en Espa\u00f1a mediante una metodolog\u00eda, fundamentalmente, descriptiva.<\/p>\n<p>Para ello,\u00a0 analizaremos las principales variables y tasas relacionadas con dicha inserci\u00f3n, compar\u00e1ndolas con los valores de las mismas para la poblaci\u00f3n no discapacitada.<\/p>\n<p>Los resultados sugieren que las personas con discapacidad no est\u00e1n completamente integradas en el mercado laboral. Presentan tasas de actividad m\u00e1s bajas, tasas de desempleo m\u00e1s elevadas y salarios m\u00e1s bajos que el resto de trabajadores.<\/p>\n<p>Por este motivo, consideramos necesario que las empresas, que se consideran socialmente responsables, desarrollen diferentes medidas de discriminaci\u00f3n positiva, entre otras las que contribuyan a incrementar el empleo y los salarios de este colectivo.<\/p>\n<p>Encuadramos el trabajo dentro de econom\u00eda social y discapacidad, exponiendo las medidas de pol\u00edtica laboral que se est\u00e1n aplicando\u00a0 para lograr la plena integraci\u00f3n\u00a0 laboral de este colectivo.<\/p>\n<p>&nbsp;<\/p>\n<p style=\"text-align: right;\"><em>Pablo Aguilar Conde<sup>1<\/sup><\/em><\/p>\n<p style=\"text-align: right;\"><em>Nieves Yusta Sainz<sup>2<\/sup><\/em><\/p>\n<p>&nbsp;<\/p>\n<ol>\n<li>Doctor en Econom\u00eda. Ldo. en Derecho. Dpto. de Econom\u00eda y Administraci\u00f3n de Empresas, Universidad de Burgos, Espa\u00f1a. E-mail: <a href=\"mailto:paguilar@ubu.es\">paguilar@ubu.es<\/a><\/li>\n<li>Licenciada en Econom\u00eda. Lda. en Derecho. Dpto. de Econom\u00eda Aplicada, Universidad de Burgos, Espa\u00f1a. E-mail: <a href=\"mailto:niyusa@ubu.es\">niyusa@ubu.es<\/a><\/li>\n<\/ol>\n","protected":false},"excerpt":{"rendered":"<p>Resumen P\u00f3ster El presente trabajo pretende analizar la inserci\u00f3n laboral real de las personas\u00a0 con discapacidad en Espa\u00f1a mediante una metodolog\u00eda, fundamentalmente, descriptiva. Para ello,\u00a0 analizaremos las principales variables y tasas relacionadas con dicha inserci\u00f3n, compar\u00e1ndolas con los valores de &hellip; <a href=\"https:\/\/3ciencias.com\/en\/i-congreso-internacional-online-economia-empresa-sociedad\/comunicaciones\/la-insercion-laboral-las-personas-discapacidad\/\">leer m\u00e1s <span class=\"meta-nav\">&rarr;<\/span><\/a><\/p>\n","protected":false},"author":2,"featured_media":0,"parent":9374,"menu_order":0,"comment_status":"open","ping_status":"closed","template":"tp-congreso.php","meta":{"_bbp_topic_count":0,"_bbp_reply_count":0,"_bbp_total_topic_count":0,"_bbp_total_reply_count":0,"_bbp_voice_count":0,"_bbp_anonymous_reply_count":0,"_bbp_topic_count_hidden":0,"_bbp_reply_count_hidden":0,"_bbp_forum_subforum_count":0,"_mi_skip_tracking":false,"_monsterinsights_sitenote_active":false,"_monsterinsights_sitenote_note":"","_monsterinsights_sitenote_category":0,"footnotes":""},"acf":[],"_links":{"self":[{"href":"https:\/\/3ciencias.com\/en\/wp-json\/wp\/v2\/pages\/9304"}],"collection":[{"href":"https:\/\/3ciencias.com\/en\/wp-json\/wp\/v2\/pages"}],"about":[{"href":"https:\/\/3ciencias.com\/en\/wp-json\/wp\/v2\/types\/page"}],"author":[{"embeddable":true,"href":"https:\/\/3ciencias.com\/en\/wp-json\/wp\/v2\/users\/2"}],"replies":[{"embeddable":true,"href":"https:\/\/3ciencias.com\/en\/wp-json\/wp\/v2\/comments?post=9304"}],"version-history":[{"count":0,"href":"https:\/\/3ciencias.com\/en\/wp-json\/wp\/v2\/pages\/9304\/revisions"}],"up":[{"embeddable":true,"href":"https:\/\/3ciencias.com\/en\/wp-json\/wp\/v2\/pages\/9374"}],"wp:attachment":[{"href":"https:\/\/3ciencias.com\/en\/wp-json\/wp\/v2\/media?parent=9304"}],"curies":[{"name":"wp","href":"https:\/\/api.w.org\/{rel}","templated":true}]}}