{"id":9303,"date":"2017-04-24T20:50:45","date_gmt":"2017-04-24T18:50:45","guid":{"rendered":"https:\/\/3ciencias.com\/la-salvaguarda-del-cante-alentejano-factores-socioculturales-economicos\/"},"modified":"2017-04-24T20:50:45","modified_gmt":"2017-04-24T18:50:45","slug":"la-salvaguarda-del-cante-alentejano-factores-socioculturales-economicos","status":"publish","type":"page","link":"https:\/\/3ciencias.com\/en\/i-congreso-internacional-online-economia-empresa-sociedad\/comunicaciones\/la-salvaguarda-del-cante-alentejano-factores-socioculturales-economicos\/","title":{"rendered":"La salvaguarda del cante alentejano: factores socioculturales y econ\u00f3micos"},"content":{"rendered":"<ul>\n<li><strong><a href=\"https:\/\/3ciencias.com\/wp-content\/uploads\/2017\/04\/8.pdf\" target=\"_blank\" rel=\"noopener noreferrer\">Resumen<\/a><\/strong><\/li>\n<\/ul>\n<p>La presente investigaci\u00f3n tiene la intenci\u00f3n de conocer la funcionalidad del Canto Alentejano desde el punto de vista sociocultural, emocional, vital y socioecon\u00f3mico en la sociedad alentejana. Por tanto, estudiaremos los or\u00edgenes, la evoluci\u00f3n, la vitalidad y los aspectos relacionados con la financiaci\u00f3n del Canto Alentejano, ya que los \u00faltimos acontecimientos han sido sustancialmente importantes para la difusi\u00f3n, reconocimiento y valoraci\u00f3n del Cante Alentejano. Los m\u00e1s significativos son el proceso de transici\u00f3n hacia la democracia iniciada el 25 de abril de 1974, as\u00ed como el reconocimiento por parte de la Organizaci\u00f3n de la Naciones Unidas para la Educaci\u00f3n Ciencia y Cultura (UNESCO) como Patrimonio Inmaterial de la Humanidad el 27 de Noviembre de 2014.<\/p>\n<p>Por otro lado, tambi\u00e9n se quiere conocer que aspectos intr\u00ednsecos tiene el Canto Alentejano para fomentar la inclusi\u00f3n social, y en consecuencia la vinculaci\u00f3n al territorio en la regi\u00f3n portuguesa de Alentejo.<\/p>\n<p>Adem\u00e1s, este estudio pretende transmitir y divulgar los valores que transmite el Canto Alentejano, as\u00ed como visibilizar la importancia de la m\u00fasica en el desarrollo de las actividades humanas en las cuales el canto alentejano ha sido una fuente de riqueza y prosperidad, siendo considerada la m\u00fasica en la historia de la humanidad una excelente herramienta para la realizaci\u00f3n de los trabajos agr\u00edcolas y artesanos, as\u00ed como tambi\u00e9n un poderoso instrumento de integraci\u00f3n sociocultural.<\/p>\n<p>El \u00faltimo fin que pretende este estudio consiste en dar a conocer las acciones que se est\u00e1n realizando para la salvaguarda del Cante Alentejano desde un punto de vista econ\u00f3mico y sociocultural, mediante el desarrollo de proyectos como el de la C\u00e1mara Municipal de Serpa (Portugal) denominado &#8220;Cante nas Escolas&#8221;, as\u00ed como la gran emersi\u00f3n de grupos corales principalmente de gente joven, no solo en la regi\u00f3n de Alentejo sino en todo Portugal.<\/p>\n<p>&nbsp;<\/p>\n<p style=\"text-align: right;\"><em>Gustau Olcina-Sempere<\/em><\/p>\n<p>&nbsp;<\/p>\n<p>Profesor de Universidad<strong>. <\/strong>Universidad Jaume I, Departamento de Educaci\u00f3n<strong>. <\/strong>Av. de Vicent Sos Baynat, s\/n. 12071 Castell\u00f3n (Espa\u00f1a). E-mail: <a href=\"mailto:golcina@uji.es\" target=\"_blank\" rel=\"noopener noreferrer\">golcina@uji.es <\/a><\/p>\n","protected":false},"excerpt":{"rendered":"<p>Resumen La presente investigaci\u00f3n tiene la intenci\u00f3n de conocer la funcionalidad del Canto Alentejano desde el punto de vista sociocultural, emocional, vital y socioecon\u00f3mico en la sociedad alentejana. Por tanto, estudiaremos los or\u00edgenes, la evoluci\u00f3n, la vitalidad y los aspectos &hellip; <a href=\"https:\/\/3ciencias.com\/en\/i-congreso-internacional-online-economia-empresa-sociedad\/comunicaciones\/la-salvaguarda-del-cante-alentejano-factores-socioculturales-economicos\/\">leer m\u00e1s <span class=\"meta-nav\">&rarr;<\/span><\/a><\/p>\n","protected":false},"author":2,"featured_media":0,"parent":9374,"menu_order":0,"comment_status":"open","ping_status":"closed","template":"tp-congreso.php","meta":{"_bbp_topic_count":0,"_bbp_reply_count":0,"_bbp_total_topic_count":0,"_bbp_total_reply_count":0,"_bbp_voice_count":0,"_bbp_anonymous_reply_count":0,"_bbp_topic_count_hidden":0,"_bbp_reply_count_hidden":0,"_bbp_forum_subforum_count":0,"_mi_skip_tracking":false,"_monsterinsights_sitenote_active":false,"_monsterinsights_sitenote_note":"","_monsterinsights_sitenote_category":0,"footnotes":""},"acf":[],"_links":{"self":[{"href":"https:\/\/3ciencias.com\/en\/wp-json\/wp\/v2\/pages\/9303"}],"collection":[{"href":"https:\/\/3ciencias.com\/en\/wp-json\/wp\/v2\/pages"}],"about":[{"href":"https:\/\/3ciencias.com\/en\/wp-json\/wp\/v2\/types\/page"}],"author":[{"embeddable":true,"href":"https:\/\/3ciencias.com\/en\/wp-json\/wp\/v2\/users\/2"}],"replies":[{"embeddable":true,"href":"https:\/\/3ciencias.com\/en\/wp-json\/wp\/v2\/comments?post=9303"}],"version-history":[{"count":0,"href":"https:\/\/3ciencias.com\/en\/wp-json\/wp\/v2\/pages\/9303\/revisions"}],"up":[{"embeddable":true,"href":"https:\/\/3ciencias.com\/en\/wp-json\/wp\/v2\/pages\/9374"}],"wp:attachment":[{"href":"https:\/\/3ciencias.com\/en\/wp-json\/wp\/v2\/media?parent=9303"}],"curies":[{"name":"wp","href":"https:\/\/api.w.org\/{rel}","templated":true}]}}