{"id":9302,"date":"2017-04-24T21:02:37","date_gmt":"2017-04-24T19:02:37","guid":{"rendered":"https:\/\/3ciencias.com\/consejos-administracion-consejeros-dominicales-la-revelacion-informacion-responsabilidad-social-corporativa\/"},"modified":"2017-04-24T21:02:37","modified_gmt":"2017-04-24T19:02:37","slug":"consejos-administracion-consejeros-dominicales-la-revelacion-informacion-responsabilidad-social-corporativa","status":"publish","type":"page","link":"https:\/\/3ciencias.com\/en\/i-congreso-internacional-online-economia-empresa-sociedad\/comunicaciones\/consejos-administracion-consejeros-dominicales-la-revelacion-informacion-responsabilidad-social-corporativa\/","title":{"rendered":"Consejos de administraci\u00f3n, consejeros dominicales y la revelaci\u00f3n de informaci\u00f3n sobre responsabilidad social corporativa"},"content":{"rendered":"<ul>\n<li><a href=\"https:\/\/3ciencias.com\/wp-content\/uploads\/2017\/04\/9.pdf\" target=\"_blank\" rel=\"noopener noreferrer\"><strong>Resumen<\/strong><\/a><\/li>\n<\/ul>\n<p>Este trabajo tiene por objetivo analizar c\u00f3mo los consejeros dominicales influyen en la revelaci\u00f3n de informaci\u00f3n sobre Responsabilidad Social Corporativa (RSC) en las empresas cotizadas espa\u00f1olas. Adem\u00e1s, los consejeros dominicales a su vez se pueden diferenciar entre entidades financieras y compa\u00f1\u00edas de seguros (consejeros dominicales sensibles a la presi\u00f3n) y fondos de inversi\u00f3n y pensiones (consejeros dominicales resistentes a la presi\u00f3n). Por tanto, tambi\u00e9n es nuestro prop\u00f3sito estudiar el efecto de estas dos categor\u00edas de consejeros en la RSC de las empresas cotizadas espa\u00f1olas. Nuestros resultados muestran que los consejeros dominicales incentivan la revelaci\u00f3n voluntaria de informaci\u00f3n sobre RSC, revelando el mismo comportamiento los consejeros dominicales resistentes a la presi\u00f3n, mientras los consejeros dominicales sensibles a la presi\u00f3n no influyen en la revelaci\u00f3n de informaci\u00f3n de RSC de la empresa. Este an\u00e1lisis aporta evidencia nueva acerca del papel que ciertos consejeros (dominicales, sensibles a la presi\u00f3n y resistentes a la presi\u00f3n) desempe\u00f1as con respecto a la publicaci\u00f3n de informaci\u00f3n de RSC por parte de las empresas y, por tanto, podr\u00eda ser relevante para los reguladores con la finalidad de fomentar la revelaci\u00f3n voluntaria de informaci\u00f3n sobre RSC entre las empresas cotizadas.<\/p>\n<p>&nbsp;<\/p>\n<p style=\"text-align: right;\"><em>Mar\u00eda Consuelo Pucheta-Mart\u00ednez<sup>1<\/sup><\/em><\/p>\n<p style=\"text-align: right;\"><em>Blanca L\u00f3pez-Zamora<sup>2<\/sup><\/em><\/p>\n<p>&nbsp;<\/p>\n<ol>\n<li>Profesora Titular de Universidad<strong>. <\/strong>Universidad Jaume I, Departamento de Finanzas y Contabilidad<strong>. <\/strong>Campus del Riu Sec, s\/n. 12071 Castell\u00f3n (Espa\u00f1a). E-mail: <a href=\"mailto:pucheta@uji.es\">pucheta@uji.es<\/a><\/li>\n<li>Profesora Contratada<strong>. <\/strong>Universidad T\u00e9cnica Particular de Loja, Departamento de Econom\u00eda<strong>. <\/strong>Loja<strong> (<\/strong>Ecuador)<strong>. <\/strong>E-mail: <a href=\"mailto:blopzam@gmail.com\">blopzam@gmail.com<\/a><\/li>\n<\/ol>\n","protected":false},"excerpt":{"rendered":"<p>Resumen Este trabajo tiene por objetivo analizar c\u00f3mo los consejeros dominicales influyen en la revelaci\u00f3n de informaci\u00f3n sobre Responsabilidad Social Corporativa (RSC) en las empresas cotizadas espa\u00f1olas. Adem\u00e1s, los consejeros dominicales a su vez se pueden diferenciar entre entidades financieras &hellip; <a href=\"https:\/\/3ciencias.com\/en\/i-congreso-internacional-online-economia-empresa-sociedad\/comunicaciones\/consejos-administracion-consejeros-dominicales-la-revelacion-informacion-responsabilidad-social-corporativa\/\">leer m\u00e1s <span class=\"meta-nav\">&rarr;<\/span><\/a><\/p>\n","protected":false},"author":2,"featured_media":0,"parent":9374,"menu_order":0,"comment_status":"open","ping_status":"closed","template":"tp-congreso.php","meta":{"_bbp_topic_count":0,"_bbp_reply_count":0,"_bbp_total_topic_count":0,"_bbp_total_reply_count":0,"_bbp_voice_count":0,"_bbp_anonymous_reply_count":0,"_bbp_topic_count_hidden":0,"_bbp_reply_count_hidden":0,"_bbp_forum_subforum_count":0,"_mi_skip_tracking":false,"_monsterinsights_sitenote_active":false,"_monsterinsights_sitenote_note":"","_monsterinsights_sitenote_category":0,"footnotes":""},"acf":[],"_links":{"self":[{"href":"https:\/\/3ciencias.com\/en\/wp-json\/wp\/v2\/pages\/9302"}],"collection":[{"href":"https:\/\/3ciencias.com\/en\/wp-json\/wp\/v2\/pages"}],"about":[{"href":"https:\/\/3ciencias.com\/en\/wp-json\/wp\/v2\/types\/page"}],"author":[{"embeddable":true,"href":"https:\/\/3ciencias.com\/en\/wp-json\/wp\/v2\/users\/2"}],"replies":[{"embeddable":true,"href":"https:\/\/3ciencias.com\/en\/wp-json\/wp\/v2\/comments?post=9302"}],"version-history":[{"count":0,"href":"https:\/\/3ciencias.com\/en\/wp-json\/wp\/v2\/pages\/9302\/revisions"}],"up":[{"embeddable":true,"href":"https:\/\/3ciencias.com\/en\/wp-json\/wp\/v2\/pages\/9374"}],"wp:attachment":[{"href":"https:\/\/3ciencias.com\/en\/wp-json\/wp\/v2\/media?parent=9302"}],"curies":[{"name":"wp","href":"https:\/\/api.w.org\/{rel}","templated":true}]}}