{"id":9301,"date":"2017-04-24T21:19:44","date_gmt":"2017-04-24T19:19:44","guid":{"rendered":"https:\/\/3ciencias.com\/capital-cultural-capital-monetario-la-economia-la-musica-clasica-contemporanea-2\/"},"modified":"2017-04-24T21:19:44","modified_gmt":"2017-04-24T19:19:44","slug":"capital-cultural-capital-monetario-la-economia-la-musica-clasica-contemporanea","status":"publish","type":"page","link":"https:\/\/3ciencias.com\/en\/i-congreso-internacional-online-economia-empresa-sociedad\/comunicaciones\/capital-cultural-capital-monetario-la-economia-la-musica-clasica-contemporanea\/","title":{"rendered":"Entre el capital cultural y el capital monetario: la econom\u00eda en la m\u00fasica cl\u00e1sica contempor\u00e1nea"},"content":{"rendered":"<ul>\n<li><a href=\"https:\/\/3ciencias.com\/wp-content\/uploads\/2017\/04\/10.pdf\" target=\"_blank\" rel=\"noopener noreferrer\"><strong>Resumen<\/strong><\/a><\/li>\n<li><a href=\"https:\/\/3ciencias.com\/wp-content\/uploads\/2017\/04\/poster-10.pdf\" target=\"_blank\" rel=\"noopener noreferrer\"><strong>P\u00f3ster<\/strong><\/a><\/li>\n<\/ul>\n<p>A pesar de su car\u00e1cter abstracto y et\u00e9reo, la m\u00fasica es uno de los elementos m\u00e1s importantes de nuestra sociedad. Constituida como hecho social \u2013y con una notable repercusi\u00f3n\u2013 articula su desarrollo en relaci\u00f3n al resto de elementos y actores de la sociedad. En nuestro trabajo mostramos, a partir de entrevistas y un grupo de discusi\u00f3n, cu\u00e1les son los discursos que, sobre m\u00fasica y econom\u00eda, realizan los participantes en el campo de la m\u00fasica cl\u00e1sica contempor\u00e1nea: compositores, directores, int\u00e9rpretes, gestores culturales y p\u00fablicos. De esta forma, podemos apreciar, en cada caso, qu\u00e9 valor se otorga y de qu\u00e9 forma se posiciona cada colectivo frente a los diferentes tipos de capital.<\/p>\n","protected":false},"excerpt":{"rendered":"<p>Resumen P\u00f3ster A pesar de su car\u00e1cter abstracto y et\u00e9reo, la m\u00fasica es uno de los elementos m\u00e1s importantes de nuestra sociedad. Constituida como hecho social \u2013y con una notable repercusi\u00f3n\u2013 articula su desarrollo en relaci\u00f3n al resto de elementos &hellip; <a href=\"https:\/\/3ciencias.com\/en\/i-congreso-internacional-online-economia-empresa-sociedad\/comunicaciones\/capital-cultural-capital-monetario-la-economia-la-musica-clasica-contemporanea\/\">leer m\u00e1s <span class=\"meta-nav\">&rarr;<\/span><\/a><\/p>\n","protected":false},"author":2,"featured_media":0,"parent":9374,"menu_order":0,"comment_status":"open","ping_status":"closed","template":"tp-congreso.php","meta":{"_bbp_topic_count":0,"_bbp_reply_count":0,"_bbp_total_topic_count":0,"_bbp_total_reply_count":0,"_bbp_voice_count":0,"_bbp_anonymous_reply_count":0,"_bbp_topic_count_hidden":0,"_bbp_reply_count_hidden":0,"_bbp_forum_subforum_count":0,"_mi_skip_tracking":false,"_monsterinsights_sitenote_active":false,"_monsterinsights_sitenote_note":"","_monsterinsights_sitenote_category":0,"footnotes":""},"acf":[],"_links":{"self":[{"href":"https:\/\/3ciencias.com\/en\/wp-json\/wp\/v2\/pages\/9301"}],"collection":[{"href":"https:\/\/3ciencias.com\/en\/wp-json\/wp\/v2\/pages"}],"about":[{"href":"https:\/\/3ciencias.com\/en\/wp-json\/wp\/v2\/types\/page"}],"author":[{"embeddable":true,"href":"https:\/\/3ciencias.com\/en\/wp-json\/wp\/v2\/users\/2"}],"replies":[{"embeddable":true,"href":"https:\/\/3ciencias.com\/en\/wp-json\/wp\/v2\/comments?post=9301"}],"version-history":[{"count":0,"href":"https:\/\/3ciencias.com\/en\/wp-json\/wp\/v2\/pages\/9301\/revisions"}],"up":[{"embeddable":true,"href":"https:\/\/3ciencias.com\/en\/wp-json\/wp\/v2\/pages\/9374"}],"wp:attachment":[{"href":"https:\/\/3ciencias.com\/en\/wp-json\/wp\/v2\/media?parent=9301"}],"curies":[{"name":"wp","href":"https:\/\/api.w.org\/{rel}","templated":true}]}}