{"id":9300,"date":"2017-04-24T21:43:50","date_gmt":"2017-04-24T19:43:50","guid":{"rendered":"https:\/\/3ciencias.com\/estudio-organizacional-del-cloud-computing-empresas-emprendedoras\/"},"modified":"2017-04-24T21:43:50","modified_gmt":"2017-04-24T19:43:50","slug":"estudio-organizacional-del-cloud-computing-empresas-emprendedoras","status":"publish","type":"page","link":"https:\/\/3ciencias.com\/en\/i-congreso-internacional-online-economia-empresa-sociedad\/comunicaciones\/estudio-organizacional-del-cloud-computing-empresas-emprendedoras\/","title":{"rendered":"Estudio organizacional del Cloud Computing en empresas emprendedoras"},"content":{"rendered":"<ul>\n<li><strong><a href=\"https:\/\/3ciencias.com\/wp-content\/uploads\/2017\/04\/12.pdf\" target=\"_blank\" rel=\"noopener noreferrer\">Resumen<\/a><\/strong><\/li>\n<\/ul>\n<p>El cloud computing es considerado como un nuevo modelo de negocio en s\u00ed, est\u00e1 permitiendo que muchas empresas trasladen su actividad offline a online y que muchos emprendedores encuentren en esta tecnolog\u00eda el mejor soporte de su negocio, sin tener que llevar a cabo inversiones costosas, debido a las caracter\u00edsticas de la tecnolog\u00eda y a su modelo de despliegue.<\/p>\n<p>Sin embargo, las incertidumbres y barreras con las que se enfrentan hacen que las empresas desconf\u00eden por razones de privacidad, seguridad y, en algunos casos, razones de \u00edndole legal. Este trabajo est\u00e1 escrito con el objetivo de conocer el uso que hacen las organizaciones de esta tecnolog\u00eda, analizando, especialmente, el grado de confianza que depositan en la tecnolog\u00eda y las ventajas organizacionales que aporta.<\/p>\n<p>A trav\u00e9s de una encuesta a empresas emprendedoras, se encontr\u00f3 que la mayor\u00eda de las pymes usan la nube para tareas de ofim\u00e1tica y almacenamiento de ficheros y bases de datos, lo que significa que los servicios Cloud que usan requieren de confianza y seguridad. Entre las ventajas encontradas, para la organizaci\u00f3n, est\u00e1n la mejora de la productividad en los procesos, una mayor flexibilidad derivada de la utilizaci\u00f3n de los recursos tecnol\u00f3gicos y el ahorro de costes que supone aumentar la capacidad inform\u00e1tica sin que lo haga el resto de la organizaci\u00f3n.<\/p>\n<p>&nbsp;<\/p>\n<p style=\"text-align: right;\"><em>Pedro R. Palos-S\u00e1nchez<\/em><\/p>\n<p>&nbsp;<\/p>\n<ol>\n<li>Doctor en Econom\u00eda y Profesor del Departamento de Direcci\u00f3n de Empresas y Sociolog\u00eda. Universidad de Extremadura, C\u00e1ceres. (Espa\u00f1a). E-Mail: <a href=\"mailto:ppalos@unex.es\">ppalos@unex.es<\/a><\/li>\n<\/ol>\n<p>&nbsp;<\/p>\n<p><strong>\u00a0<\/strong><\/p>\n","protected":false},"excerpt":{"rendered":"<p>Resumen El cloud computing es considerado como un nuevo modelo de negocio en s\u00ed, est\u00e1 permitiendo que muchas empresas trasladen su actividad offline a online y que muchos emprendedores encuentren en esta tecnolog\u00eda el mejor soporte de su negocio, sin &hellip; <a href=\"https:\/\/3ciencias.com\/en\/i-congreso-internacional-online-economia-empresa-sociedad\/comunicaciones\/estudio-organizacional-del-cloud-computing-empresas-emprendedoras\/\">leer m\u00e1s <span class=\"meta-nav\">&rarr;<\/span><\/a><\/p>\n","protected":false},"author":2,"featured_media":0,"parent":9374,"menu_order":0,"comment_status":"open","ping_status":"closed","template":"tp-congreso.php","meta":{"_bbp_topic_count":0,"_bbp_reply_count":0,"_bbp_total_topic_count":0,"_bbp_total_reply_count":0,"_bbp_voice_count":0,"_bbp_anonymous_reply_count":0,"_bbp_topic_count_hidden":0,"_bbp_reply_count_hidden":0,"_bbp_forum_subforum_count":0,"_mi_skip_tracking":false,"_monsterinsights_sitenote_active":false,"_monsterinsights_sitenote_note":"","_monsterinsights_sitenote_category":0,"footnotes":""},"acf":[],"_links":{"self":[{"href":"https:\/\/3ciencias.com\/en\/wp-json\/wp\/v2\/pages\/9300"}],"collection":[{"href":"https:\/\/3ciencias.com\/en\/wp-json\/wp\/v2\/pages"}],"about":[{"href":"https:\/\/3ciencias.com\/en\/wp-json\/wp\/v2\/types\/page"}],"author":[{"embeddable":true,"href":"https:\/\/3ciencias.com\/en\/wp-json\/wp\/v2\/users\/2"}],"replies":[{"embeddable":true,"href":"https:\/\/3ciencias.com\/en\/wp-json\/wp\/v2\/comments?post=9300"}],"version-history":[{"count":0,"href":"https:\/\/3ciencias.com\/en\/wp-json\/wp\/v2\/pages\/9300\/revisions"}],"up":[{"embeddable":true,"href":"https:\/\/3ciencias.com\/en\/wp-json\/wp\/v2\/pages\/9374"}],"wp:attachment":[{"href":"https:\/\/3ciencias.com\/en\/wp-json\/wp\/v2\/media?parent=9300"}],"curies":[{"name":"wp","href":"https:\/\/api.w.org\/{rel}","templated":true}]}}