{"id":9299,"date":"2017-04-25T09:13:10","date_gmt":"2017-04-25T07:13:10","guid":{"rendered":"https:\/\/3ciencias.com\/impacto-la-modernizacion-regadios-uso-del-agua-otras-variables-socioeconomicas-comunidades-regantes-andalucia-occidental\/"},"modified":"2017-04-25T09:13:10","modified_gmt":"2017-04-25T07:13:10","slug":"impacto-la-modernizacion-regadios-uso-del-agua-otras-variables-socioeconomicas-comunidades-regantes-andalucia-occidental","status":"publish","type":"page","link":"https:\/\/3ciencias.com\/en\/i-congreso-internacional-online-economia-empresa-sociedad\/comunicaciones\/impacto-la-modernizacion-regadios-uso-del-agua-otras-variables-socioeconomicas-comunidades-regantes-andalucia-occidental\/","title":{"rendered":"Impacto de la modernizaci\u00f3n de regad\u00edos sobre el uso del agua y otras variables socioecon\u00f3micas en comunidades de regantes de Andaluc\u00eda Occidental"},"content":{"rendered":"<ul>\n<li><a href=\"https:\/\/3ciencias.com\/wp-content\/uploads\/2017\/04\/13.pdf\" target=\"_blank\" rel=\"noopener noreferrer\"><strong>Resumen<\/strong><\/a><\/li>\n<li><a href=\"https:\/\/3ciencias.com\/wp-content\/uploads\/2017\/04\/poster-13.pdf\" target=\"_blank\" rel=\"noopener noreferrer\"><strong>P\u00f3ster<\/strong><\/a><\/li>\n<\/ul>\n<p>El objetivo de este art\u00edculo es analizar si la pol\u00edtica de modernizaci\u00f3n de regad\u00edos llevada a cabo en Andaluc\u00eda en la \u00faltima d\u00e9cada ha logrado realmente los objetivos para los cu\u00e1les se hab\u00eda planteado. Adem\u00e1s, tambi\u00e9n pretende analizar y comparar la estructura de costes de las Comunidades de Regantes (CCRR) antes y despu\u00e9s del proceso de modernizaci\u00f3n, con idea de comprobar el impacto en el consumo y en el coste energ\u00e9tico en las mismas, se\u00f1alado por algunos autores. El an\u00e1lisis ha sido realizado en 9 de las CCRR m\u00e1s importantes de Andaluc\u00eda, en t\u00e9rminos de superficie y los datos han sido recopilados a trav\u00e9s de cuestionarios y entrevistas con los t\u00e9cnicos y gerentes de dichas CCRR. Los resultados muestran que tras el proceso de modernizaci\u00f3n ha habido un incremento del peso de los cultivos intensivos en el patr\u00f3n de cultivo, una mejora de la eficiencia en el uso del agua y de la calidad del trabajo agrario, un incremento en los costes de las derramas, y la implantaci\u00f3n generalizada de la tarifa volum\u00e9trica.<\/p>\n<p>&nbsp;<\/p>\n<p style=\"text-align: right;\"><em>Borrego Mar\u00edn, Mar\u00eda M.<sup>1<\/sup><\/em><\/p>\n<p style=\"text-align: right;\"><em>Berbel, J.<sup>2<\/sup><\/em><\/p>\n<ol>\n<li style=\"text-align: right;\">Profesora Departamento de Econom\u00eda, M\u00e9todos Cuantitativos e Historia Econ\u00f3mica de la Universidad Pablo de Olavide (Sevilla). E-Mail: <a href=\"mailto:mmbormar@upo.es\">mmbormar@upo.es<\/a><\/li>\n<li style=\"text-align: right;\">Catedr\u00e1tico de Econom\u00eda Agraria de la Universidad de C\u00f3rdoba. E-Mail: <a href=\"mailto:berbel@uco.es\">berbel@uco.es<\/a><\/li>\n<\/ol>\n","protected":false},"excerpt":{"rendered":"<p>Resumen P\u00f3ster El objetivo de este art\u00edculo es analizar si la pol\u00edtica de modernizaci\u00f3n de regad\u00edos llevada a cabo en Andaluc\u00eda en la \u00faltima d\u00e9cada ha logrado realmente los objetivos para los cu\u00e1les se hab\u00eda planteado. Adem\u00e1s, tambi\u00e9n pretende analizar &hellip; <a href=\"https:\/\/3ciencias.com\/en\/i-congreso-internacional-online-economia-empresa-sociedad\/comunicaciones\/impacto-la-modernizacion-regadios-uso-del-agua-otras-variables-socioeconomicas-comunidades-regantes-andalucia-occidental\/\">leer m\u00e1s <span class=\"meta-nav\">&rarr;<\/span><\/a><\/p>\n","protected":false},"author":2,"featured_media":0,"parent":9374,"menu_order":0,"comment_status":"open","ping_status":"closed","template":"tp-congreso.php","meta":{"_bbp_topic_count":0,"_bbp_reply_count":0,"_bbp_total_topic_count":0,"_bbp_total_reply_count":0,"_bbp_voice_count":0,"_bbp_anonymous_reply_count":0,"_bbp_topic_count_hidden":0,"_bbp_reply_count_hidden":0,"_bbp_forum_subforum_count":0,"_mi_skip_tracking":false,"_monsterinsights_sitenote_active":false,"_monsterinsights_sitenote_note":"","_monsterinsights_sitenote_category":0,"footnotes":""},"acf":[],"_links":{"self":[{"href":"https:\/\/3ciencias.com\/en\/wp-json\/wp\/v2\/pages\/9299"}],"collection":[{"href":"https:\/\/3ciencias.com\/en\/wp-json\/wp\/v2\/pages"}],"about":[{"href":"https:\/\/3ciencias.com\/en\/wp-json\/wp\/v2\/types\/page"}],"author":[{"embeddable":true,"href":"https:\/\/3ciencias.com\/en\/wp-json\/wp\/v2\/users\/2"}],"replies":[{"embeddable":true,"href":"https:\/\/3ciencias.com\/en\/wp-json\/wp\/v2\/comments?post=9299"}],"version-history":[{"count":0,"href":"https:\/\/3ciencias.com\/en\/wp-json\/wp\/v2\/pages\/9299\/revisions"}],"up":[{"embeddable":true,"href":"https:\/\/3ciencias.com\/en\/wp-json\/wp\/v2\/pages\/9374"}],"wp:attachment":[{"href":"https:\/\/3ciencias.com\/en\/wp-json\/wp\/v2\/media?parent=9299"}],"curies":[{"name":"wp","href":"https:\/\/api.w.org\/{rel}","templated":true}]}}