{"id":9298,"date":"2017-04-25T09:25:23","date_gmt":"2017-04-25T07:25:23","guid":{"rendered":"https:\/\/3ciencias.com\/tamanos-mercado-asimetricos-politica-industrial\/"},"modified":"2017-04-25T09:25:23","modified_gmt":"2017-04-25T07:25:23","slug":"tamanos-mercado-asimetricos-politica-industrial","status":"publish","type":"page","link":"https:\/\/3ciencias.com\/en\/i-congreso-internacional-online-economia-empresa-sociedad\/comunicaciones\/tamanos-mercado-asimetricos-politica-industrial\/","title":{"rendered":"Tama\u00f1os de mercado asim\u00e9tricos y pol\u00edtica industrial"},"content":{"rendered":"<ul>\n<li><a href=\"https:\/\/3ciencias.com\/wp-content\/uploads\/2017\/04\/14.pdf\" target=\"_blank\" rel=\"noopener noreferrer\"><strong>Resumen<\/strong><\/a><\/li>\n<li><a href=\"https:\/\/3ciencias.com\/wp-content\/uploads\/2017\/04\/Poster-14.pdf\" target=\"_blank\" rel=\"noopener noreferrer\"><strong>P\u00f3ster<\/strong><\/a><\/li>\n<\/ul>\n<p>En nuestro art\u00edculo presentamos un modelo simple que permite a ambos, reguladores y empresas actuar estrat\u00e9gicamente. Consideramos dos industrias en las que s\u00f3lo hay dos productores de un bien determinado. Cada productor est\u00e1 situado en un pa\u00eds diferente.<\/p>\n<p>Cada productor produce dos variedades del bien: una para el propio pa\u00eds y otra para el pa\u00eds extranjero. Asumimos competencia a la Cournot en el mercado dom\u00e9stico y en el extranjero para cada variedad del producto. Los resultados de nuestro trabajo muestran la importancia de las asimetr\u00edas de mercado en la determinaci\u00f3n de la pol\u00edtica industrial\/ambiental \u00f3ptima en un entorno en el que tanto las empresas como los reguladores act\u00faan estrat\u00e9gicamente. Encontramos que el aumento de la diferencia en el tama\u00f1o del mercado entre los dos pa\u00edses da incentivos para que los gobiernos pasen de aplicar impuestos a las emisiones a aplicar subsidios a la producci\u00f3n.<\/p>\n<p>&nbsp;<\/p>\n<p style=\"text-align: right;\"><em>Eva Camacho Cuena<sup>1<\/sup><\/em><\/p>\n<p style=\"text-align: right;\"><em>Miguel Gin\u00e9s Vilar<sup>2<\/sup><\/em><\/p>\n<p style=\"text-align: right;\"><em>Lidia Vidal Meli\u00e1<sup>3<\/sup><\/em><\/p>\n<p>&nbsp;<\/p>\n<ol>\n<li style=\"text-align: right;\">Profesor Titular. Departamento de Econom\u00eda. Universitat Jaume I. Castell\u00f3n. Espa\u00f1a. E-Mail: <a href=\"mailto:camacho@uji.es\">camacho@es<\/a><\/li>\n<li style=\"text-align: right;\">Profesor Titular. Departamento de Econom\u00eda. Universitat Jaume I. Castell\u00f3n. Espa\u00f1a. E-Mail: <a href=\"mailto:mgines@uji.es\">mgines@es<\/a><\/li>\n<li style=\"text-align: right;\">Estudiante de doctorado. Departamento de Econom\u00eda. Universitat Jaume I. Castell\u00f3n. Espa\u00f1a. E-Mail: <a href=\"mailto:lvidal@uji.es\">lvidal@uji.es<\/a><\/li>\n<\/ol>\n","protected":false},"excerpt":{"rendered":"<p>Resumen P\u00f3ster En nuestro art\u00edculo presentamos un modelo simple que permite a ambos, reguladores y empresas actuar estrat\u00e9gicamente. Consideramos dos industrias en las que s\u00f3lo hay dos productores de un bien determinado. Cada productor est\u00e1 situado en un pa\u00eds diferente. &hellip; <a href=\"https:\/\/3ciencias.com\/en\/i-congreso-internacional-online-economia-empresa-sociedad\/comunicaciones\/tamanos-mercado-asimetricos-politica-industrial\/\">leer m\u00e1s <span class=\"meta-nav\">&rarr;<\/span><\/a><\/p>\n","protected":false},"author":2,"featured_media":0,"parent":9374,"menu_order":0,"comment_status":"open","ping_status":"closed","template":"tp-congreso.php","meta":{"_bbp_topic_count":0,"_bbp_reply_count":0,"_bbp_total_topic_count":0,"_bbp_total_reply_count":0,"_bbp_voice_count":0,"_bbp_anonymous_reply_count":0,"_bbp_topic_count_hidden":0,"_bbp_reply_count_hidden":0,"_bbp_forum_subforum_count":0,"_mi_skip_tracking":false,"_monsterinsights_sitenote_active":false,"_monsterinsights_sitenote_note":"","_monsterinsights_sitenote_category":0,"footnotes":""},"acf":[],"_links":{"self":[{"href":"https:\/\/3ciencias.com\/en\/wp-json\/wp\/v2\/pages\/9298"}],"collection":[{"href":"https:\/\/3ciencias.com\/en\/wp-json\/wp\/v2\/pages"}],"about":[{"href":"https:\/\/3ciencias.com\/en\/wp-json\/wp\/v2\/types\/page"}],"author":[{"embeddable":true,"href":"https:\/\/3ciencias.com\/en\/wp-json\/wp\/v2\/users\/2"}],"replies":[{"embeddable":true,"href":"https:\/\/3ciencias.com\/en\/wp-json\/wp\/v2\/comments?post=9298"}],"version-history":[{"count":0,"href":"https:\/\/3ciencias.com\/en\/wp-json\/wp\/v2\/pages\/9298\/revisions"}],"up":[{"embeddable":true,"href":"https:\/\/3ciencias.com\/en\/wp-json\/wp\/v2\/pages\/9374"}],"wp:attachment":[{"href":"https:\/\/3ciencias.com\/en\/wp-json\/wp\/v2\/media?parent=9298"}],"curies":[{"name":"wp","href":"https:\/\/api.w.org\/{rel}","templated":true}]}}