{"id":9297,"date":"2017-04-25T09:38:58","date_gmt":"2017-04-25T07:38:58","guid":{"rendered":"https:\/\/3ciencias.com\/condiciones-laborales-mercado-trabajo-espana-discursos-actuales\/"},"modified":"2017-04-25T09:38:58","modified_gmt":"2017-04-25T07:38:58","slug":"condiciones-laborales-mercado-trabajo-espana-discursos-actuales","status":"publish","type":"page","link":"https:\/\/3ciencias.com\/en\/i-congreso-internacional-online-economia-empresa-sociedad\/comunicaciones\/condiciones-laborales-mercado-trabajo-espana-discursos-actuales\/","title":{"rendered":"Condiciones laborales y mercado de trabajo en Espa\u00f1a: discursos actuales"},"content":{"rendered":"<ul>\n<li><a href=\"https:\/\/3ciencias.com\/wp-content\/uploads\/2017\/04\/15.pdf\" target=\"_blank\" rel=\"noopener noreferrer\"><strong>Resumen<\/strong><\/a><\/li>\n<\/ul>\n<p>Este trabajo surge debido a la observaci\u00f3n de la degradaci\u00f3n de las condiciones laborales a la vez que el sistema econ\u00f3mico capitalista se ha expandido desde la d\u00e9cada de los a\u00f1os 80 hasta la actualidad. Nuestro objetivo es analizar los actuales discursos y como se justifica y legitima la precariedad laboral en Espa\u00f1a.<\/p>\n<p>Para lograr este objetivo, se utilizar\u00e1n dos enfoques: En primer lugar, propondremos un marco te\u00f3rico y una revisi\u00f3n hist\u00f3rica para entender como los cambios en las demandas laborales, los requerimientos y condiciones del trabajo, han sido explicados y justificados en las \u00faltimas d\u00e9cadas. En segundo lugar, a trav\u00e9s de una metodolog\u00eda cualitativa y cuantitativa (entrevistas semi-estructuradas y cuestionarios) analizaremos como los agentes sociales entienden esas demandas laborales y como se justifica tal degradaci\u00f3n observada.<\/p>\n<p>&nbsp;<\/p>\n<p style=\"text-align: right;\"><em>Roc\u00edo Gonz\u00e1lez-Mart\u00ednez<sup>1<\/sup><\/em><\/p>\n<p style=\"text-align: right;\"><em>Jos\u00e9 Mar\u00eda Gonz\u00e1lez Gonz\u00e1lez<sup>2<\/sup><\/em><\/p>\n<p style=\"text-align: right;\"><em>Pedro Franc\u00e9s G\u00f3mez<sup>3<\/sup><\/em><\/p>\n<p>&nbsp;<\/p>\n<ol>\n<li style=\"text-align: right;\">PHD Candidate en el Departamento de Filosof\u00eda I. Universidad de Granada (Espa\u00f1a). E-mail: <a href=\"mailto:rgmartinez@ugr.es\">rgmartinez@ugr.es<\/a><\/li>\n<li style=\"text-align: right;\">Profesor contratado doctor. Departamento de Psicolog\u00eda Social. Universidad de Granada (Espa\u00f1a). E-mail: <a href=\"mailto:jmgonza@ugr.es\">jmgonza@ugr.es<\/a><\/li>\n<li style=\"text-align: right;\">Profesor titular. Departamento de Filosof\u00eda I. Universidad de Granada (Espa\u00f1a). E-mail: <a href=\"mailto:pfg@ugr.es\">pfg@ugr.es<\/a><\/li>\n<\/ol>\n","protected":false},"excerpt":{"rendered":"<p>Resumen Este trabajo surge debido a la observaci\u00f3n de la degradaci\u00f3n de las condiciones laborales a la vez que el sistema econ\u00f3mico capitalista se ha expandido desde la d\u00e9cada de los a\u00f1os 80 hasta la actualidad. Nuestro objetivo es analizar &hellip; <a href=\"https:\/\/3ciencias.com\/en\/i-congreso-internacional-online-economia-empresa-sociedad\/comunicaciones\/condiciones-laborales-mercado-trabajo-espana-discursos-actuales\/\">leer m\u00e1s <span class=\"meta-nav\">&rarr;<\/span><\/a><\/p>\n","protected":false},"author":2,"featured_media":0,"parent":9374,"menu_order":0,"comment_status":"open","ping_status":"closed","template":"tp-congreso.php","meta":{"_bbp_topic_count":0,"_bbp_reply_count":0,"_bbp_total_topic_count":0,"_bbp_total_reply_count":0,"_bbp_voice_count":0,"_bbp_anonymous_reply_count":0,"_bbp_topic_count_hidden":0,"_bbp_reply_count_hidden":0,"_bbp_forum_subforum_count":0,"_mi_skip_tracking":false,"_monsterinsights_sitenote_active":false,"_monsterinsights_sitenote_note":"","_monsterinsights_sitenote_category":0,"footnotes":""},"acf":[],"_links":{"self":[{"href":"https:\/\/3ciencias.com\/en\/wp-json\/wp\/v2\/pages\/9297"}],"collection":[{"href":"https:\/\/3ciencias.com\/en\/wp-json\/wp\/v2\/pages"}],"about":[{"href":"https:\/\/3ciencias.com\/en\/wp-json\/wp\/v2\/types\/page"}],"author":[{"embeddable":true,"href":"https:\/\/3ciencias.com\/en\/wp-json\/wp\/v2\/users\/2"}],"replies":[{"embeddable":true,"href":"https:\/\/3ciencias.com\/en\/wp-json\/wp\/v2\/comments?post=9297"}],"version-history":[{"count":0,"href":"https:\/\/3ciencias.com\/en\/wp-json\/wp\/v2\/pages\/9297\/revisions"}],"up":[{"embeddable":true,"href":"https:\/\/3ciencias.com\/en\/wp-json\/wp\/v2\/pages\/9374"}],"wp:attachment":[{"href":"https:\/\/3ciencias.com\/en\/wp-json\/wp\/v2\/media?parent=9297"}],"curies":[{"name":"wp","href":"https:\/\/api.w.org\/{rel}","templated":true}]}}