{"id":9296,"date":"2017-04-25T09:55:45","date_gmt":"2017-04-25T07:55:45","guid":{"rendered":"https:\/\/3ciencias.com\/plazo-prescripcion-la-accion-solicitar-la-devolucion-lo-debidamente-pagado-ecuador\/"},"modified":"2017-04-25T09:55:45","modified_gmt":"2017-04-25T07:55:45","slug":"plazo-prescripcion-la-accion-solicitar-la-devolucion-lo-debidamente-pagado-ecuador","status":"publish","type":"page","link":"https:\/\/3ciencias.com\/en\/i-congreso-internacional-online-economia-empresa-sociedad\/comunicaciones\/plazo-prescripcion-la-accion-solicitar-la-devolucion-lo-debidamente-pagado-ecuador\/","title":{"rendered":"Plazo de prescripci\u00f3n de la acci\u00f3n para solicitar la devoluci\u00f3n de lo debidamente pagado en Ecuador"},"content":{"rendered":"<ul>\n<li><a href=\"https:\/\/3ciencias.com\/wp-content\/uploads\/2017\/04\/17-1.pdf\" target=\"_blank\" rel=\"noopener noreferrer\"><strong>Resumen<\/strong><\/a><\/li>\n<li><a href=\"https:\/\/3ciencias.com\/wp-content\/uploads\/2017\/04\/p\u00f3ster-17.pdf\" target=\"_blank\" rel=\"noopener noreferrer\"><strong>P\u00f3ster<\/strong><\/a><\/li>\n<\/ul>\n<p>La norma tributaria \u00fanicamente establece el plazo de prescripci\u00f3n para solicitar la devoluci\u00f3n de lo indebidamente pagado, faltando determinar los plazos para que opere la prescripci\u00f3n de solicitar lo debidamente pagado como ocurre con la devoluci\u00f3n del IVA. El objetivo del estudio es determinar el plazo en el que prescribe la devoluci\u00f3n de lo debidamente pagado, realizando un an\u00e1lisis cr\u00edtico de la normativa tributaria ecuatoriana y los pronunciamientos de la autoridad competente, siendo la analog\u00eda un procedimiento admisible para colmar los vac\u00edos de la ley. En virtud del an\u00e1lisis, se concluye que el plazo en el que prescribe la devoluci\u00f3n de lo debidamente pagado es de 5 a\u00f1os.<\/p>\n<p>&nbsp;<\/p>\n<p style=\"text-align: right;\"><em>Henry Patricio Tello Yand\u00fan<sup>1<\/sup><\/em><\/p>\n<p style=\"text-align: right;\"><em>Angel Aurelio Morocho Macas<sup>2<\/sup><\/em><\/p>\n<p style=\"text-align: right;\"><em>Sonia Marlene Bonilla Carchi<sup>3<\/sup><\/em><\/p>\n<p>&nbsp;<\/p>\n<ol>\n<li style=\"text-align: right;\">Especialista en Tributaci\u00f3n y Profesor investigador de la Unidad Acad\u00e9mica de Administraci\u00f3n. Universidad Cat\u00f3lica de Cuenca. (Ecuador). E-mail: <a href=\"mailto:htello@ucacue.edu.ec\">htello@ucacue.edu.ec<\/a><\/li>\n<li style=\"text-align: right;\">Magister en Administraci\u00f3n de Tecnolog\u00edas de Informaci\u00f3n y Profesor investigador de la Unidad Acad\u00e9mica de Administraci\u00f3n. (Ecuador). Universidad Cat\u00f3lica de Cuenca. E-mail: <a href=\"mailto:amorocho@ucacue.edu.ec\">amorocho@ucacue.edu.ec<\/a><\/li>\n<li style=\"text-align: right;\">Magister en Docencia de las Matem\u00e1ticas y Profesor investigador de la Unidad Acad\u00e9mica de Administraci\u00f3n. Universidad Cat\u00f3lica de Cuenca. (Ecuador). E-mail: <a href=\"mailto:smbonilla@ucacue.edu.ec\">smbonilla@ucacue.edu.ec<\/a><\/li>\n<\/ol>\n","protected":false},"excerpt":{"rendered":"<p>Resumen P\u00f3ster La norma tributaria \u00fanicamente establece el plazo de prescripci\u00f3n para solicitar la devoluci\u00f3n de lo indebidamente pagado, faltando determinar los plazos para que opere la prescripci\u00f3n de solicitar lo debidamente pagado como ocurre con la devoluci\u00f3n del IVA. &hellip; <a href=\"https:\/\/3ciencias.com\/en\/i-congreso-internacional-online-economia-empresa-sociedad\/comunicaciones\/plazo-prescripcion-la-accion-solicitar-la-devolucion-lo-debidamente-pagado-ecuador\/\">leer m\u00e1s <span class=\"meta-nav\">&rarr;<\/span><\/a><\/p>\n","protected":false},"author":2,"featured_media":0,"parent":9374,"menu_order":0,"comment_status":"open","ping_status":"closed","template":"tp-congreso.php","meta":{"_bbp_topic_count":0,"_bbp_reply_count":0,"_bbp_total_topic_count":0,"_bbp_total_reply_count":0,"_bbp_voice_count":0,"_bbp_anonymous_reply_count":0,"_bbp_topic_count_hidden":0,"_bbp_reply_count_hidden":0,"_bbp_forum_subforum_count":0,"_mi_skip_tracking":false,"_monsterinsights_sitenote_active":false,"_monsterinsights_sitenote_note":"","_monsterinsights_sitenote_category":0,"footnotes":""},"acf":[],"_links":{"self":[{"href":"https:\/\/3ciencias.com\/en\/wp-json\/wp\/v2\/pages\/9296"}],"collection":[{"href":"https:\/\/3ciencias.com\/en\/wp-json\/wp\/v2\/pages"}],"about":[{"href":"https:\/\/3ciencias.com\/en\/wp-json\/wp\/v2\/types\/page"}],"author":[{"embeddable":true,"href":"https:\/\/3ciencias.com\/en\/wp-json\/wp\/v2\/users\/2"}],"replies":[{"embeddable":true,"href":"https:\/\/3ciencias.com\/en\/wp-json\/wp\/v2\/comments?post=9296"}],"version-history":[{"count":0,"href":"https:\/\/3ciencias.com\/en\/wp-json\/wp\/v2\/pages\/9296\/revisions"}],"up":[{"embeddable":true,"href":"https:\/\/3ciencias.com\/en\/wp-json\/wp\/v2\/pages\/9374"}],"wp:attachment":[{"href":"https:\/\/3ciencias.com\/en\/wp-json\/wp\/v2\/media?parent=9296"}],"curies":[{"name":"wp","href":"https:\/\/api.w.org\/{rel}","templated":true}]}}