{"id":9295,"date":"2017-04-25T10:09:32","date_gmt":"2017-04-25T08:09:32","guid":{"rendered":"https:\/\/3ciencias.com\/metodo-empirico-la-seleccion-modelos-gestion-tesoreria\/"},"modified":"2017-04-25T10:09:32","modified_gmt":"2017-04-25T08:09:32","slug":"metodo-empirico-la-seleccion-modelos-gestion-tesoreria","status":"publish","type":"page","link":"https:\/\/3ciencias.com\/en\/i-congreso-internacional-online-economia-empresa-sociedad\/comunicaciones\/metodo-empirico-la-seleccion-modelos-gestion-tesoreria\/","title":{"rendered":"Un m\u00e9todo emp\u00edrico para la selecci\u00f3n de modelos de gesti\u00f3n de tesorer\u00eda"},"content":{"rendered":"<ul>\n<li><a href=\"https:\/\/3ciencias.com\/wp-content\/uploads\/2017\/04\/18.pdf\" target=\"_blank\" rel=\"noopener noreferrer\"><strong>Resumen <\/strong><\/a><\/li>\n<li><a href=\"https:\/\/3ciencias.com\/wp-content\/uploads\/2017\/04\/poster-18.pdf\" target=\"_blank\" rel=\"noopener noreferrer\"><strong>P\u00f3ster<\/strong><\/a><\/li>\n<\/ul>\n<p>Debido a su importancia econ\u00f3mica, las finanzas corporativas han recibido una notable atenci\u00f3n de la comunidad investigadora. La creciente posibilidad de acceder a grandes bases de datos transaccionales ha potenciado enormemente la dimensi\u00f3n emp\u00edrica de las finanzas corporativas. Sin embargo, el inter\u00e9s se ha centrado principalmente en la valoraci\u00f3n de activos o en la selecci\u00f3n de la mejor estructura de. En este trabajo, proponemos trasladar el foco a la gesti\u00f3n de tesorer\u00eda con el objetivo de explotar su dimensi\u00f3n emp\u00edrica. Para ello, aplicaremos t\u00e9cnicas de (big) data sobre los flujos de caja emp\u00edricos que son cruciales para la selecci\u00f3n y ajuste de modelos de gesti\u00f3n de tesorer\u00eda.<\/p>\n<p>&nbsp;<\/p>\n<p style=\"text-align: right;\"><em>Francisco Salas-Molina<\/em><\/p>\n<p>&nbsp;<\/p>\n<p style=\"text-align: right;\">Ingeniero de Organizaci\u00f3n Industrial y Master en Creaci\u00f3n de Empresas de Base Tecnol\u00f3gica. Director de I+D y Sistemas de Informaci\u00f3n en Hilaturas Ferre, S.A., Banyeres de Mariola, Alicante (Espa\u00f1a). E-Mail: <a href=\"mailto:francisco.salas.molina@gmail.com\">salas.molina@gmail.com<\/a><\/p>\n","protected":false},"excerpt":{"rendered":"<p>Resumen P\u00f3ster Debido a su importancia econ\u00f3mica, las finanzas corporativas han recibido una notable atenci\u00f3n de la comunidad investigadora. La creciente posibilidad de acceder a grandes bases de datos transaccionales ha potenciado enormemente la dimensi\u00f3n emp\u00edrica de las finanzas corporativas. &hellip; <a href=\"https:\/\/3ciencias.com\/en\/i-congreso-internacional-online-economia-empresa-sociedad\/comunicaciones\/metodo-empirico-la-seleccion-modelos-gestion-tesoreria\/\">leer m\u00e1s <span class=\"meta-nav\">&rarr;<\/span><\/a><\/p>\n","protected":false},"author":2,"featured_media":0,"parent":9374,"menu_order":0,"comment_status":"open","ping_status":"closed","template":"tp-congreso.php","meta":{"_bbp_topic_count":0,"_bbp_reply_count":0,"_bbp_total_topic_count":0,"_bbp_total_reply_count":0,"_bbp_voice_count":0,"_bbp_anonymous_reply_count":0,"_bbp_topic_count_hidden":0,"_bbp_reply_count_hidden":0,"_bbp_forum_subforum_count":0,"_mi_skip_tracking":false,"_monsterinsights_sitenote_active":false,"_monsterinsights_sitenote_note":"","_monsterinsights_sitenote_category":0,"footnotes":""},"acf":[],"_links":{"self":[{"href":"https:\/\/3ciencias.com\/en\/wp-json\/wp\/v2\/pages\/9295"}],"collection":[{"href":"https:\/\/3ciencias.com\/en\/wp-json\/wp\/v2\/pages"}],"about":[{"href":"https:\/\/3ciencias.com\/en\/wp-json\/wp\/v2\/types\/page"}],"author":[{"embeddable":true,"href":"https:\/\/3ciencias.com\/en\/wp-json\/wp\/v2\/users\/2"}],"replies":[{"embeddable":true,"href":"https:\/\/3ciencias.com\/en\/wp-json\/wp\/v2\/comments?post=9295"}],"version-history":[{"count":0,"href":"https:\/\/3ciencias.com\/en\/wp-json\/wp\/v2\/pages\/9295\/revisions"}],"up":[{"embeddable":true,"href":"https:\/\/3ciencias.com\/en\/wp-json\/wp\/v2\/pages\/9374"}],"wp:attachment":[{"href":"https:\/\/3ciencias.com\/en\/wp-json\/wp\/v2\/media?parent=9295"}],"curies":[{"name":"wp","href":"https:\/\/api.w.org\/{rel}","templated":true}]}}