{"id":9293,"date":"2017-04-25T10:38:18","date_gmt":"2017-04-25T08:38:18","guid":{"rendered":"https:\/\/3ciencias.com\/estudio-factibilidad-economica-del-producto-sistema-automatizado-cubano-control-equipos-medicos\/"},"modified":"2017-04-25T10:38:18","modified_gmt":"2017-04-25T08:38:18","slug":"estudio-factibilidad-economica-del-producto-sistema-automatizado-cubano-control-equipos-medicos","status":"publish","type":"page","link":"https:\/\/3ciencias.com\/en\/i-congreso-internacional-online-economia-empresa-sociedad\/comunicaciones\/estudio-factibilidad-economica-del-producto-sistema-automatizado-cubano-control-equipos-medicos\/","title":{"rendered":"Estudio de factibilidad econ\u00f3mica del producto sistema automatizado cubano para el control de equipos m\u00e9dicos"},"content":{"rendered":"<ul>\n<li><a href=\"https:\/\/3ciencias.com\/wp-content\/uploads\/2017\/04\/20.pdf\" target=\"_blank\" rel=\"noopener noreferrer\"><strong>Resumen<\/strong><\/a><\/li>\n<li><a href=\"https:\/\/3ciencias.com\/wp-content\/uploads\/2017\/04\/poster-20.pdf\" target=\"_blank\" rel=\"noopener noreferrer\"><strong>P\u00f3ster<\/strong><\/a><\/li>\n<\/ul>\n<p>La presente investigaci\u00f3n propone realizar una evaluaci\u00f3n econ\u00f3mica del producto Sistema Automatizado Cubano para el Control de Equipos M\u00e9dicos de la Universidad de las Ciencias Inform\u00e1ticas, con el objetivo de determinar la factibilidad econ\u00f3mica del mismo utilizando los m\u00e9todos convencionales de evaluaci\u00f3n de proyectos como son el Valor Actual Neto, la Tasa Interna de Retorno y el Periodo de Recuperaci\u00f3n sirviendo de base estable, firme y confiable para la toma de decisiones. Permitiendo as\u00ed conocer los beneficios econ\u00f3micos y sociales que el proyecto le reportar\u00e1 al Centro, definiendo el total de horas trabajadas por cada uno de los m\u00f3dulos desarrollados en el producto, el total de gastos asociados al total de horas, los montos de inversi\u00f3n necesarios para llevar a cabo el proyecto y la estimaci\u00f3n de los ingresos probables distribuidos en el tiempo.\u00a0 Al realizar un proyecto lo que se pretende es estudiar las posibilidades de \u00e9xito que podr\u00eda tener. Todo proyecto a desarrollarse con el objetivo de distribuirse, conlleva a una planificaci\u00f3n previa y a un an\u00e1lisis exhaustivo acerca de la factibilidad del mismo, para lo cual se tienen en cuenta varios aspectos de diversas \u00edndoles que lleven a un producto rentable y con alta calidad.<\/p>\n<p style=\"text-align: right;\"><em>Lic. Yuraysi Duvergel Cobas<sup>1<\/sup><\/em><\/p>\n<p style=\"text-align: right;\"><em>Ing. Luis Enrique Argota Vega<sup>2<\/sup><\/em><\/p>\n<p>&nbsp;<\/p>\n<ol>\n<li style=\"text-align: right;\">Profesor de la Disciplina de Ciencias Empresariales. Departamento de Ingenier\u00eda y Gesti\u00f3n de Software. Facultad de Ciencias y Tecnolog\u00edas Computacionales. Universidad de las Ciencias Inform\u00e1ticas.\u00a0 Ministerio de Educaci\u00f3n Superior, La Habana (Cuba). E-mail: <a href=\"mailto:yuraysi@uci.cu\">yuraysi@uci.cu<\/a><\/li>\n<li style=\"text-align: right;\">Profesor de la Disciplina Matem\u00e1tica. Departamento de Ciencias B\u00e1sicas. Facultad de Ciencias y Tecnolog\u00edas Computacionales. Universidad de las Ciencias Inform\u00e1ticas.\u00a0 Ministerio de Educaci\u00f3n Superior, La Habana (Cuba). E-mail: <a href=\"mailto:leargota@uci.cu\">leargota@uci.cu<\/a><\/li>\n<\/ol>\n","protected":false},"excerpt":{"rendered":"<p>Resumen P\u00f3ster La presente investigaci\u00f3n propone realizar una evaluaci\u00f3n econ\u00f3mica del producto Sistema Automatizado Cubano para el Control de Equipos M\u00e9dicos de la Universidad de las Ciencias Inform\u00e1ticas, con el objetivo de determinar la factibilidad econ\u00f3mica del mismo utilizando los &hellip; <a href=\"https:\/\/3ciencias.com\/en\/i-congreso-internacional-online-economia-empresa-sociedad\/comunicaciones\/estudio-factibilidad-economica-del-producto-sistema-automatizado-cubano-control-equipos-medicos\/\">leer m\u00e1s <span class=\"meta-nav\">&rarr;<\/span><\/a><\/p>\n","protected":false},"author":2,"featured_media":0,"parent":9374,"menu_order":0,"comment_status":"open","ping_status":"closed","template":"tp-congreso.php","meta":{"_bbp_topic_count":0,"_bbp_reply_count":0,"_bbp_total_topic_count":0,"_bbp_total_reply_count":0,"_bbp_voice_count":0,"_bbp_anonymous_reply_count":0,"_bbp_topic_count_hidden":0,"_bbp_reply_count_hidden":0,"_bbp_forum_subforum_count":0,"_mi_skip_tracking":false,"_monsterinsights_sitenote_active":false,"_monsterinsights_sitenote_note":"","_monsterinsights_sitenote_category":0,"footnotes":""},"acf":[],"_links":{"self":[{"href":"https:\/\/3ciencias.com\/en\/wp-json\/wp\/v2\/pages\/9293"}],"collection":[{"href":"https:\/\/3ciencias.com\/en\/wp-json\/wp\/v2\/pages"}],"about":[{"href":"https:\/\/3ciencias.com\/en\/wp-json\/wp\/v2\/types\/page"}],"author":[{"embeddable":true,"href":"https:\/\/3ciencias.com\/en\/wp-json\/wp\/v2\/users\/2"}],"replies":[{"embeddable":true,"href":"https:\/\/3ciencias.com\/en\/wp-json\/wp\/v2\/comments?post=9293"}],"version-history":[{"count":0,"href":"https:\/\/3ciencias.com\/en\/wp-json\/wp\/v2\/pages\/9293\/revisions"}],"up":[{"embeddable":true,"href":"https:\/\/3ciencias.com\/en\/wp-json\/wp\/v2\/pages\/9374"}],"wp:attachment":[{"href":"https:\/\/3ciencias.com\/en\/wp-json\/wp\/v2\/media?parent=9293"}],"curies":[{"name":"wp","href":"https:\/\/api.w.org\/{rel}","templated":true}]}}