{"id":9292,"date":"2017-04-25T10:47:53","date_gmt":"2017-04-25T08:47:53","guid":{"rendered":"https:\/\/3ciencias.com\/aspectos-sociologicos-la-violencia-filio-parental\/"},"modified":"2017-04-25T10:47:53","modified_gmt":"2017-04-25T08:47:53","slug":"aspectos-sociologicos-la-violencia-filio-parental","status":"publish","type":"page","link":"https:\/\/3ciencias.com\/en\/i-congreso-internacional-online-economia-empresa-sociedad\/comunicaciones\/aspectos-sociologicos-la-violencia-filio-parental\/","title":{"rendered":"Aspectos sociol\u00f3gicos de la violencia filio-parental"},"content":{"rendered":"<ul>\n<li><a href=\"https:\/\/3ciencias.com\/wp-content\/uploads\/2017\/04\/21.pdf\" target=\"_blank\" rel=\"noopener noreferrer\"><strong>Resumen<\/strong><\/a><\/li>\n<\/ul>\n<p>Recientemente se ha producido un incremento de las investigaciones sobre violencia filio-parental. Algunas de ellas han concluido que \u00e9stos menores agresores no representan un colectivo homog\u00e9neo, pudiendo identificar diversos subtipos. Este estudio ha realizado un an\u00e1lisis documental de los informes de los juzgados de menores de Alicante (Espa\u00f1a) para descubrir si algunos de los rasgos de los agresores presentan una distribuci\u00f3n homog\u00e9nea. Los resultados muestran que un porcentaje considerable de los menores ten\u00edan expedientes judiciales por otros delitos (41%), interactuaban habitualmente con individuos que manifestaban conductas disruptivas (40%), consum\u00edan cannabis u otras drogas (49%) y presentaban\u00a0 problemas de absentismo escolar (61%). A partir de estos datos se concluye que algunos de los menores que llegan a los juzgados por casos de violencia filio-parental presentan rasgos en com\u00fan con la delincuencia juvenil. Por ello, la violencia filio-parental puede ser considerada, en cierta medida, como una derivaci\u00f3n m\u00e1s de la delincuencia juvenil.<\/p>\n<p>&nbsp;<\/p>\n<p style=\"text-align: right;\"><em>Jos\u00e9 Abd\u00f3n Palma Dur\u00e1n<sup>1<\/sup><\/em><\/p>\n<p style=\"text-align: right;\"><em>Ra\u00fal Ruiz Callado<sup>2<\/sup><\/em><\/p>\n<p>&nbsp;<\/p>\n<ol>\n<li style=\"text-align: right;\">Profesor asociado. Departamento de Sociolog\u00eda I. Universidad de Alicante (Espa\u00f1a). E-mail: <a href=\"mailto:abdon.palma@ua.es\">abdon.palma@ua.es<\/a><\/li>\n<li style=\"text-align: right;\">Profesor titular de Universidad. Departamento de Sociolog\u00eda I. Universidad de Alicante (Espa\u00f1a). E-Mail: <a href=\"mailto:raul.ruiz@ua.es\" target=\"_blank\" rel=\"noopener noreferrer\">raul.ruiz@ua.es<\/a><\/li>\n<\/ol>\n","protected":false},"excerpt":{"rendered":"<p>Resumen Recientemente se ha producido un incremento de las investigaciones sobre violencia filio-parental. Algunas de ellas han concluido que \u00e9stos menores agresores no representan un colectivo homog\u00e9neo, pudiendo identificar diversos subtipos. Este estudio ha realizado un an\u00e1lisis documental de los &hellip; <a href=\"https:\/\/3ciencias.com\/en\/i-congreso-internacional-online-economia-empresa-sociedad\/comunicaciones\/aspectos-sociologicos-la-violencia-filio-parental\/\">leer m\u00e1s <span class=\"meta-nav\">&rarr;<\/span><\/a><\/p>\n","protected":false},"author":2,"featured_media":0,"parent":9374,"menu_order":0,"comment_status":"open","ping_status":"closed","template":"tp-congreso.php","meta":{"_bbp_topic_count":0,"_bbp_reply_count":0,"_bbp_total_topic_count":0,"_bbp_total_reply_count":0,"_bbp_voice_count":0,"_bbp_anonymous_reply_count":0,"_bbp_topic_count_hidden":0,"_bbp_reply_count_hidden":0,"_bbp_forum_subforum_count":0,"_mi_skip_tracking":false,"_monsterinsights_sitenote_active":false,"_monsterinsights_sitenote_note":"","_monsterinsights_sitenote_category":0,"footnotes":""},"acf":[],"_links":{"self":[{"href":"https:\/\/3ciencias.com\/en\/wp-json\/wp\/v2\/pages\/9292"}],"collection":[{"href":"https:\/\/3ciencias.com\/en\/wp-json\/wp\/v2\/pages"}],"about":[{"href":"https:\/\/3ciencias.com\/en\/wp-json\/wp\/v2\/types\/page"}],"author":[{"embeddable":true,"href":"https:\/\/3ciencias.com\/en\/wp-json\/wp\/v2\/users\/2"}],"replies":[{"embeddable":true,"href":"https:\/\/3ciencias.com\/en\/wp-json\/wp\/v2\/comments?post=9292"}],"version-history":[{"count":0,"href":"https:\/\/3ciencias.com\/en\/wp-json\/wp\/v2\/pages\/9292\/revisions"}],"up":[{"embeddable":true,"href":"https:\/\/3ciencias.com\/en\/wp-json\/wp\/v2\/pages\/9374"}],"wp:attachment":[{"href":"https:\/\/3ciencias.com\/en\/wp-json\/wp\/v2\/media?parent=9292"}],"curies":[{"name":"wp","href":"https:\/\/api.w.org\/{rel}","templated":true}]}}