{"id":9291,"date":"2017-04-25T10:59:20","date_gmt":"2017-04-25T08:59:20","guid":{"rendered":"https:\/\/3ciencias.com\/la-exportacion-elemento-relevante-explicar-rendimiento-una-empresa-caso-las-pymes-gallegas-2002-2013\/"},"modified":"2017-04-25T10:59:20","modified_gmt":"2017-04-25T08:59:20","slug":"la-exportacion-elemento-relevante-explicar-rendimiento-una-empresa-caso-las-pymes-gallegas-2002-2013","status":"publish","type":"page","link":"https:\/\/3ciencias.com\/en\/i-congreso-internacional-online-economia-empresa-sociedad\/comunicaciones\/la-exportacion-elemento-relevante-explicar-rendimiento-una-empresa-caso-las-pymes-gallegas-2002-2013\/","title":{"rendered":"\u00bfEs la exportaci\u00f3n un elemento relevante para explicar el rendimiento de una empresa? El caso de las pymes Gallegas (2002-2013)"},"content":{"rendered":"<ul>\n<li><a href=\"https:\/\/3ciencias.com\/wp-content\/uploads\/2017\/04\/22.pdf\" target=\"_blank\" rel=\"noopener noreferrer\"><strong>Resumen<\/strong><\/a><\/li>\n<li><a href=\"https:\/\/3ciencias.com\/wp-content\/uploads\/2017\/04\/poster-22.pdf\" target=\"_blank\" rel=\"noopener noreferrer\"><strong>P\u00f3ster<\/strong><\/a><\/li>\n<\/ul>\n<p>En este trabajo hemos planteado como objetivo b\u00e1sico el contrastar en qu\u00e9 medida la exportaci\u00f3n es un elemento relevante para explicar el rendimiento de una empresa. El caso de estudio se encuadra dentro de la regi\u00f3n espa\u00f1ola de Galicia para el per\u00edodo temporal comprendido entre el a\u00f1o 2002 y 2013. Se ha utilizado la base de datos ARDAN y nos hemos centrado en aquellas empresas que se integrar\u00edan dentro del concepto de PYME. Para el an\u00e1lisis emp\u00edrico se parte de una serie de variables empresariales, tanto ligadas a la gesti\u00f3n de la firma como a factores fijos, tales como el sector de pertenencia o localizaci\u00f3n, y de coyuntura econ\u00f3mica.<\/p>\n<p>&nbsp;<\/p>\n<p style=\"text-align: right;\"><em>Jos\u00e9 Pablo Abeal V\u00e1zquez<sup>1<\/sup><\/em><\/p>\n<p style=\"text-align: right;\"><em>Bego\u00f1a \u00c1lvarez Garc\u00eda<sup>2<\/sup><\/em><\/p>\n<p style=\"text-align: right;\"><em>Javier Tarr\u00edo Saavedra<sup>3<\/sup><\/em><\/p>\n<p>&nbsp;<\/p>\n<ol>\n<li style=\"text-align: right;\">Profesor Contratado Interino. Doctor en Econom\u00eda por la UDC. Departamento de Empresa. Universidade da Coru\u00f1a. A Coru\u00f1a. Espa\u00f1a. E-Mail: <a href=\"mailto:jpabeal@udc.es\">jpabeal@udc.es<\/a><\/li>\n<li style=\"text-align: right;\">Profesora Contratada Doctor. Doctora en Econom\u00eda por la UDC. Departamento de Empresa. Universidade da Coru\u00f1a. A Coru\u00f1a. Espa\u00f1a. E-Mail: <a href=\"mailto:balvarez@udc.es\">balvarez@udc.es<\/a><\/li>\n<li style=\"text-align: right;\">Profesor Contratado Interino. Doctor en Estad\u00edstica por la UDC. Departamento de Matem\u00e1ticas. Universidade da Coru\u00f1a. A Coru\u00f1a. Espa\u00f1a. E-Mail: <a href=\"mailto:javier.tarrio@udc.es\">tarrio@udc.es<\/a><\/li>\n<\/ol>\n<p>&nbsp;<\/p>\n<p><strong>\u00a0<\/strong><\/p>\n","protected":false},"excerpt":{"rendered":"<p>Resumen P\u00f3ster En este trabajo hemos planteado como objetivo b\u00e1sico el contrastar en qu\u00e9 medida la exportaci\u00f3n es un elemento relevante para explicar el rendimiento de una empresa. El caso de estudio se encuadra dentro de la regi\u00f3n espa\u00f1ola de &hellip; <a href=\"https:\/\/3ciencias.com\/en\/i-congreso-internacional-online-economia-empresa-sociedad\/comunicaciones\/la-exportacion-elemento-relevante-explicar-rendimiento-una-empresa-caso-las-pymes-gallegas-2002-2013\/\">leer m\u00e1s <span class=\"meta-nav\">&rarr;<\/span><\/a><\/p>\n","protected":false},"author":2,"featured_media":0,"parent":9374,"menu_order":0,"comment_status":"open","ping_status":"closed","template":"tp-congreso.php","meta":{"_bbp_topic_count":0,"_bbp_reply_count":0,"_bbp_total_topic_count":0,"_bbp_total_reply_count":0,"_bbp_voice_count":0,"_bbp_anonymous_reply_count":0,"_bbp_topic_count_hidden":0,"_bbp_reply_count_hidden":0,"_bbp_forum_subforum_count":0,"_mi_skip_tracking":false,"_monsterinsights_sitenote_active":false,"_monsterinsights_sitenote_note":"","_monsterinsights_sitenote_category":0,"footnotes":""},"acf":[],"_links":{"self":[{"href":"https:\/\/3ciencias.com\/en\/wp-json\/wp\/v2\/pages\/9291"}],"collection":[{"href":"https:\/\/3ciencias.com\/en\/wp-json\/wp\/v2\/pages"}],"about":[{"href":"https:\/\/3ciencias.com\/en\/wp-json\/wp\/v2\/types\/page"}],"author":[{"embeddable":true,"href":"https:\/\/3ciencias.com\/en\/wp-json\/wp\/v2\/users\/2"}],"replies":[{"embeddable":true,"href":"https:\/\/3ciencias.com\/en\/wp-json\/wp\/v2\/comments?post=9291"}],"version-history":[{"count":0,"href":"https:\/\/3ciencias.com\/en\/wp-json\/wp\/v2\/pages\/9291\/revisions"}],"up":[{"embeddable":true,"href":"https:\/\/3ciencias.com\/en\/wp-json\/wp\/v2\/pages\/9374"}],"wp:attachment":[{"href":"https:\/\/3ciencias.com\/en\/wp-json\/wp\/v2\/media?parent=9291"}],"curies":[{"name":"wp","href":"https:\/\/api.w.org\/{rel}","templated":true}]}}