{"id":9287,"date":"2017-04-25T13:06:04","date_gmt":"2017-04-25T11:06:04","guid":{"rendered":"https:\/\/3ciencias.com\/toma-decisiones-inversion-medidas-eficiencia-energetica-transporte-maritimo-2\/"},"modified":"2017-04-25T13:06:04","modified_gmt":"2017-04-25T11:06:04","slug":"toma-decisiones-inversion-medidas-eficiencia-energetica-transporte-maritimo","status":"publish","type":"page","link":"https:\/\/3ciencias.com\/en\/i-congreso-internacional-online-economia-empresa-sociedad\/comunicaciones\/toma-decisiones-inversion-medidas-eficiencia-energetica-transporte-maritimo\/","title":{"rendered":"Toma de decisiones de inversi\u00f3n en medidas de eficiencia energ\u00e9tica en el transporte mar\u00edtimo"},"content":{"rendered":"<ul>\n<li><a href=\"https:\/\/3ciencias.com\/wp-content\/uploads\/2017\/04\/27.pdf\" target=\"_blank\" rel=\"noopener noreferrer\"><strong>Resumen<\/strong><\/a><\/li>\n<li><a href=\"https:\/\/3ciencias.com\/wp-content\/uploads\/2017\/04\/poster-27.pdf\" target=\"_blank\" rel=\"noopener noreferrer\"><strong>P\u00f3ster<\/strong><\/a><\/li>\n<\/ul>\n<p>La reducci\u00f3n de las emisiones nocivas y los costes energ\u00e9ticos derivados del funcionamiento de los barcos de mercanc\u00edas son objetivos clave para el transporte mar\u00edtimo, debido a su elevado n\u00famero de operaciones y su impacto sobre el entorno. Una mayor inversi\u00f3n en medidas costo-eficientes e innovadoras podr\u00eda ayudar a alcanzar estas metas y a consolidar al transporte mar\u00edtimo como sector estrat\u00e9gico para la econom\u00eda europea. Es por ello que el estudio de los factores que influyen en la toma de decisiones de inversi\u00f3n en medidas de eficiencia energ\u00e9tica, en general y en este \u00e1mbito en particular, constituye un tema de gran inter\u00e9s. Mejorar el conocimiento sobre esta cuesti\u00f3n se vuelve importante para comprender y potenciar aquellos factores que pueden suponer un impulso para la adopci\u00f3n de innovaciones y medidas costo-eficientes. En este trabajo se lleva a cabo una revisi\u00f3n de la literatura sobre inversi\u00f3n en eficiencia energ\u00e9tica en el transporte mar\u00edtimo, centr\u00e1ndose en las decisiones de inversi\u00f3n y en los factores que incentivan la implementaci\u00f3n de medidas de eficiencia energ\u00e9tica en buques de mercanc\u00edas.<\/p>\n<p>&nbsp;<\/p>\n<p style=\"text-align: right;\"><em>\u00c1ngeles Longarela-Ares<\/em><\/p>\n<p>&nbsp;<\/p>\n<p style=\"text-align: right;\">M\u00e1ster Universitario en Administraci\u00f3n y Direcci\u00f3n de Empresas (MBA), M\u00e1ster Universitario en Banca y Finanzas, Licenciada en Administraci\u00f3n y Direcci\u00f3n de Empresas por la Universidad de A Coru\u00f1a. Investigadora Predoctoral Xunta de Galicia (Plan I2C). Grupo de investigaci\u00f3n en Regulaci\u00f3n, Econom\u00eda y Finanzas (GREFIN). Departamento de Empresa. Facultad de Econom\u00eda y Empresa. Universidad de A Coru\u00f1a. A Coru\u00f1a. Espa\u00f1a. E-Mail: <a href=\"mailto:angeles.maria.longarela.ares@udc.es\">maria.longarela.ares@udc.es<\/a><\/p>\n","protected":false},"excerpt":{"rendered":"<p>Resumen P\u00f3ster La reducci\u00f3n de las emisiones nocivas y los costes energ\u00e9ticos derivados del funcionamiento de los barcos de mercanc\u00edas son objetivos clave para el transporte mar\u00edtimo, debido a su elevado n\u00famero de operaciones y su impacto sobre el entorno. &hellip; <a href=\"https:\/\/3ciencias.com\/en\/i-congreso-internacional-online-economia-empresa-sociedad\/comunicaciones\/toma-decisiones-inversion-medidas-eficiencia-energetica-transporte-maritimo\/\">leer m\u00e1s <span class=\"meta-nav\">&rarr;<\/span><\/a><\/p>\n","protected":false},"author":2,"featured_media":0,"parent":9374,"menu_order":0,"comment_status":"open","ping_status":"closed","template":"tp-congreso.php","meta":{"_bbp_topic_count":0,"_bbp_reply_count":0,"_bbp_total_topic_count":0,"_bbp_total_reply_count":0,"_bbp_voice_count":0,"_bbp_anonymous_reply_count":0,"_bbp_topic_count_hidden":0,"_bbp_reply_count_hidden":0,"_bbp_forum_subforum_count":0,"_mi_skip_tracking":false,"_monsterinsights_sitenote_active":false,"_monsterinsights_sitenote_note":"","_monsterinsights_sitenote_category":0,"footnotes":""},"acf":[],"_links":{"self":[{"href":"https:\/\/3ciencias.com\/en\/wp-json\/wp\/v2\/pages\/9287"}],"collection":[{"href":"https:\/\/3ciencias.com\/en\/wp-json\/wp\/v2\/pages"}],"about":[{"href":"https:\/\/3ciencias.com\/en\/wp-json\/wp\/v2\/types\/page"}],"author":[{"embeddable":true,"href":"https:\/\/3ciencias.com\/en\/wp-json\/wp\/v2\/users\/2"}],"replies":[{"embeddable":true,"href":"https:\/\/3ciencias.com\/en\/wp-json\/wp\/v2\/comments?post=9287"}],"version-history":[{"count":0,"href":"https:\/\/3ciencias.com\/en\/wp-json\/wp\/v2\/pages\/9287\/revisions"}],"up":[{"embeddable":true,"href":"https:\/\/3ciencias.com\/en\/wp-json\/wp\/v2\/pages\/9374"}],"wp:attachment":[{"href":"https:\/\/3ciencias.com\/en\/wp-json\/wp\/v2\/media?parent=9287"}],"curies":[{"name":"wp","href":"https:\/\/api.w.org\/{rel}","templated":true}]}}