{"id":9286,"date":"2017-04-25T13:19:25","date_gmt":"2017-04-25T11:19:25","guid":{"rendered":"https:\/\/3ciencias.com\/propuesta-sistema-evaluacion-virtual-la-asignatura-comercio-electronico\/"},"modified":"2017-04-25T13:19:25","modified_gmt":"2017-04-25T11:19:25","slug":"propuesta-sistema-evaluacion-virtual-la-asignatura-comercio-electronico","status":"publish","type":"page","link":"https:\/\/3ciencias.com\/en\/i-congreso-internacional-online-economia-empresa-sociedad\/comunicaciones\/propuesta-sistema-evaluacion-virtual-la-asignatura-comercio-electronico\/","title":{"rendered":"Propuesta de un sistema de evaluaci\u00f3n virtual para la asignatura de comercio electr\u00f3nico"},"content":{"rendered":"<ul>\n<li><a href=\"https:\/\/3ciencias.com\/wp-content\/uploads\/2017\/04\/28.pdf\" target=\"_blank\" rel=\"noopener noreferrer\"><strong>Resumen<\/strong><\/a><\/li>\n<li><a href=\"https:\/\/3ciencias.com\/wp-content\/uploads\/2017\/04\/Poster_28.pdf\" target=\"_blank\" rel=\"noopener noreferrer\"><strong>P\u00f3ster<\/strong><\/a><\/li>\n<\/ul>\n<p>La evaluaci\u00f3n es una actividad sistem\u00e1tica integrada dentro del proceso educativo. Como parte de la optimizaci\u00f3n del proceso educativo, la evaluaci\u00f3n permite elevar la calidad del aprendizaje y aumentar el rendimiento de los alumnos. En la actualidad los procesos de evaluaci\u00f3n y tutor\u00eda se desarrollan con el apoyo de las Tecnolog\u00edas de la Informaci\u00f3n y las Comunicaciones (TIC), la cual ha revolucionado significativamente y de forma positiva, todos los procesos educativos y en particular los sistemas de evaluaci\u00f3n. A pesar de los avances en este sentido, a\u00fan persisten deficiencias en las formas, m\u00e9todos y estilos de evaluaci\u00f3n, lo cual atenta contra el desarrollo efectivo del Proceso de Ense\u00f1anza &#8211; Aprendizaje. La asignatura de Comercio Electr\u00f3nico, del curr\u00edculo optativo en la carrera de Ingenier\u00eda en Ciencias Inform\u00e1ticas, en la Universidad de las Ciencias Inform\u00e1ticas, tiene definido un Entorno Virtual de Ense\u00f1anza- Aprendizaje, el cual brinda la posibilidad del uso de diversas herramientas para la evaluaci\u00f3n de los estudiantes, pero en la pr\u00e1ctica no se realiza un adecuado uso. Atendiendo a lo antes expuesto, el presente trabajo tiene como objetivo realizar una propuesta de un sistema de evaluaci\u00f3n en correspondencia con el proceso de ense\u00f1anza-aprendizaje de la asignatura Comercio Electr\u00f3nico.<\/p>\n<p>&nbsp;<\/p>\n<p style=\"text-align: right;\"><em>Enier Alarc\u00f3n Barb\u00e1n<sup>1<\/sup><\/em><\/p>\n<p style=\"text-align: right;\"><em>Yuraysi Duvergel Cobas<sup>2<\/sup><\/em><\/p>\n<p>&nbsp;<\/p>\n<ol>\n<li style=\"text-align: right;\">Ingeniero en Ciencias Inform\u00e1ticas, Profesor Universitario. Facultad de Ciencias y Tecnolog\u00edas Computacionales. Universidad de las Ciencias Inform\u00e1ticas. La Habana (Cuba). E-Mail: <a href=\"mailto:barban@uci.cu\">barban@uci.cu<\/a><\/li>\n<li style=\"text-align: right;\">Licenciada en Econom\u00eda, Profesora Universitaria. Facultad de Ciencias y Tecnolog\u00edas Computacionales. Universidad de las Ciencias Inform\u00e1ticas. La Habana (Cuba). E-Mail: <a href=\"mailto:yuraysi@uci.cu\">yuraysi@uci.cu<\/a><\/li>\n<\/ol>\n","protected":false},"excerpt":{"rendered":"<p>Resumen P\u00f3ster La evaluaci\u00f3n es una actividad sistem\u00e1tica integrada dentro del proceso educativo. Como parte de la optimizaci\u00f3n del proceso educativo, la evaluaci\u00f3n permite elevar la calidad del aprendizaje y aumentar el rendimiento de los alumnos. En la actualidad los &hellip; <a href=\"https:\/\/3ciencias.com\/en\/i-congreso-internacional-online-economia-empresa-sociedad\/comunicaciones\/propuesta-sistema-evaluacion-virtual-la-asignatura-comercio-electronico\/\">leer m\u00e1s <span class=\"meta-nav\">&rarr;<\/span><\/a><\/p>\n","protected":false},"author":2,"featured_media":0,"parent":9374,"menu_order":0,"comment_status":"open","ping_status":"closed","template":"tp-congreso.php","meta":{"_bbp_topic_count":0,"_bbp_reply_count":0,"_bbp_total_topic_count":0,"_bbp_total_reply_count":0,"_bbp_voice_count":0,"_bbp_anonymous_reply_count":0,"_bbp_topic_count_hidden":0,"_bbp_reply_count_hidden":0,"_bbp_forum_subforum_count":0,"_mi_skip_tracking":false,"_monsterinsights_sitenote_active":false,"_monsterinsights_sitenote_note":"","_monsterinsights_sitenote_category":0,"footnotes":""},"acf":[],"_links":{"self":[{"href":"https:\/\/3ciencias.com\/en\/wp-json\/wp\/v2\/pages\/9286"}],"collection":[{"href":"https:\/\/3ciencias.com\/en\/wp-json\/wp\/v2\/pages"}],"about":[{"href":"https:\/\/3ciencias.com\/en\/wp-json\/wp\/v2\/types\/page"}],"author":[{"embeddable":true,"href":"https:\/\/3ciencias.com\/en\/wp-json\/wp\/v2\/users\/2"}],"replies":[{"embeddable":true,"href":"https:\/\/3ciencias.com\/en\/wp-json\/wp\/v2\/comments?post=9286"}],"version-history":[{"count":0,"href":"https:\/\/3ciencias.com\/en\/wp-json\/wp\/v2\/pages\/9286\/revisions"}],"up":[{"embeddable":true,"href":"https:\/\/3ciencias.com\/en\/wp-json\/wp\/v2\/pages\/9374"}],"wp:attachment":[{"href":"https:\/\/3ciencias.com\/en\/wp-json\/wp\/v2\/media?parent=9286"}],"curies":[{"name":"wp","href":"https:\/\/api.w.org\/{rel}","templated":true}]}}