{"id":9284,"date":"2017-04-25T13:41:15","date_gmt":"2017-04-25T11:41:15","guid":{"rendered":"https:\/\/3ciencias.com\/factores-criticos-desarrollo-exitoso-los-centros-odontologicos-caso-tacna-peru\/"},"modified":"2017-04-25T13:41:15","modified_gmt":"2017-04-25T11:41:15","slug":"factores-criticos-desarrollo-exitoso-los-centros-odontologicos-caso-tacna-peru","status":"publish","type":"page","link":"https:\/\/3ciencias.com\/en\/i-congreso-internacional-online-economia-empresa-sociedad\/comunicaciones\/factores-criticos-desarrollo-exitoso-los-centros-odontologicos-caso-tacna-peru\/","title":{"rendered":"Factores cr\u00edticos para el desarrollo exitoso de los centros odontol\u00f3gicos. Caso: Tacna (Per\u00fa)"},"content":{"rendered":"<ul>\n<li><a href=\"https:\/\/3ciencias.com\/wp-content\/uploads\/2017\/04\/30.pdf\" target=\"_blank\" rel=\"noopener noreferrer\"><strong>Resumen<\/strong><\/a><\/li>\n<li><a href=\"https:\/\/3ciencias.com\/wp-content\/uploads\/2017\/04\/poster-30.pdf\" target=\"_blank\" rel=\"noopener noreferrer\"><strong>P\u00f3ster<\/strong><\/a><\/li>\n<\/ul>\n<p>La salud bucal forma parte de la salud general, siendo reconocida como un componente esencial para la calidad de vida de los ciudadanos. A consecuencia de ello, existe una proliferaci\u00f3n de centros odontol\u00f3gicos, tal es el caso de la ciudad de Tacna (Per\u00fa). En esta ciudad, existe un mercado din\u00e1mico y competitivo, principalmente por la llegada de gran n\u00famero de turistas chilenos que demandan atenci\u00f3n bucal, representando cerca del 70% de sus clientes. Sin embargo, se desconoce qu\u00e9 factores inciden para que algunas organizaciones tengan \u00e9xito y otras no.<\/p>\n<p>La presente investigaci\u00f3n tiene como objetivo determinar los factores cr\u00edticos de \u00e9xito de los centros odontol\u00f3gicos y cuales pueden considerarse como una ventaja competitiva sostenible para ellos. Para alcanzar este objetivo, se realiz\u00f3 una rigurosa revisi\u00f3n bibliogr\u00e1fica, se encuest\u00f3 a los due\u00f1os y\/o administradores de los 74 centros odontol\u00f3gicos existentes en la ciudad de Tacna y se entrevist\u00f3 a los actores m\u00e1s relevantes.<\/p>\n<p>El estudio concluy\u00f3 que los centros odontol\u00f3gicos de la ciudad de Tacna (Per\u00fa) consideran como los factores de \u00e9xito m\u00e1s relevantes: la direcci\u00f3n de empresa, los recursos financieros, el control interno y los factores sociales.<\/p>\n<p>&nbsp;<\/p>\n<p style=\"text-align: right;\"><em>Bernal, Jorge<sup>1<\/sup><\/em><\/p>\n<p style=\"text-align: right;\"><em>Leo, Ernesto<sup>2<\/sup><\/em><\/p>\n<p>&nbsp;<\/p>\n<ol>\n<li style=\"text-align: right;\">Doctor en Financiaci\u00f3n e Investigaci\u00f3n Comercial (UAM-Espa\u00f1a), acad\u00e9mico de la Escuela Universitaria de Administraci\u00f3n y Negocios de la Universidad de Tarapac\u00e1 (Arica-Chile). E-mail: <a href=\"mailto:jbernal@uta.cl\">jbernal@uta.cl<\/a><\/li>\n<li style=\"text-align: right;\">Magister en Direcci\u00f3n y Gesti\u00f3n de Empresas (UTA-Chile), acad\u00e9mico de la Escuela de Postgrado Neumann Business School (Tacna-Per\u00fa). E-mail: <a href=\"mailto:eleo@neumann.edu.pe\">eleo@neumann.edu.pe<\/a><\/li>\n<\/ol>\n<p>&nbsp;<\/p>\n<p><strong>\u00a0<\/strong><\/p>\n","protected":false},"excerpt":{"rendered":"<p>Resumen P\u00f3ster La salud bucal forma parte de la salud general, siendo reconocida como un componente esencial para la calidad de vida de los ciudadanos. A consecuencia de ello, existe una proliferaci\u00f3n de centros odontol\u00f3gicos, tal es el caso de &hellip; <a href=\"https:\/\/3ciencias.com\/en\/i-congreso-internacional-online-economia-empresa-sociedad\/comunicaciones\/factores-criticos-desarrollo-exitoso-los-centros-odontologicos-caso-tacna-peru\/\">leer m\u00e1s <span class=\"meta-nav\">&rarr;<\/span><\/a><\/p>\n","protected":false},"author":2,"featured_media":0,"parent":9374,"menu_order":0,"comment_status":"open","ping_status":"closed","template":"tp-congreso.php","meta":{"_bbp_topic_count":0,"_bbp_reply_count":0,"_bbp_total_topic_count":0,"_bbp_total_reply_count":0,"_bbp_voice_count":0,"_bbp_anonymous_reply_count":0,"_bbp_topic_count_hidden":0,"_bbp_reply_count_hidden":0,"_bbp_forum_subforum_count":0,"_mi_skip_tracking":false,"_monsterinsights_sitenote_active":false,"_monsterinsights_sitenote_note":"","_monsterinsights_sitenote_category":0,"footnotes":""},"acf":[],"_links":{"self":[{"href":"https:\/\/3ciencias.com\/en\/wp-json\/wp\/v2\/pages\/9284"}],"collection":[{"href":"https:\/\/3ciencias.com\/en\/wp-json\/wp\/v2\/pages"}],"about":[{"href":"https:\/\/3ciencias.com\/en\/wp-json\/wp\/v2\/types\/page"}],"author":[{"embeddable":true,"href":"https:\/\/3ciencias.com\/en\/wp-json\/wp\/v2\/users\/2"}],"replies":[{"embeddable":true,"href":"https:\/\/3ciencias.com\/en\/wp-json\/wp\/v2\/comments?post=9284"}],"version-history":[{"count":0,"href":"https:\/\/3ciencias.com\/en\/wp-json\/wp\/v2\/pages\/9284\/revisions"}],"up":[{"embeddable":true,"href":"https:\/\/3ciencias.com\/en\/wp-json\/wp\/v2\/pages\/9374"}],"wp:attachment":[{"href":"https:\/\/3ciencias.com\/en\/wp-json\/wp\/v2\/media?parent=9284"}],"curies":[{"name":"wp","href":"https:\/\/api.w.org\/{rel}","templated":true}]}}