{"id":9283,"date":"2017-04-25T13:58:08","date_gmt":"2017-04-25T11:58:08","guid":{"rendered":"https:\/\/3ciencias.com\/contabilidad-publica-la-educacion-superior-del-ecuador\/"},"modified":"2017-04-25T13:58:08","modified_gmt":"2017-04-25T11:58:08","slug":"contabilidad-publica-la-educacion-superior-del-ecuador","status":"publish","type":"page","link":"https:\/\/3ciencias.com\/en\/i-congreso-internacional-online-economia-empresa-sociedad\/comunicaciones\/contabilidad-publica-la-educacion-superior-del-ecuador\/","title":{"rendered":"Contabilidad p\u00fablica en la educaci\u00f3n superior del Ecuador"},"content":{"rendered":"<ul>\n<li><a href=\"https:\/\/3ciencias.com\/wp-content\/uploads\/2017\/04\/32-1.pdf\" target=\"_blank\" rel=\"noopener noreferrer\"><strong>Resumen<\/strong><\/a><\/li>\n<li><a href=\"https:\/\/3ciencias.com\/wp-content\/uploads\/2017\/04\/poster-32.pdf\" target=\"_blank\" rel=\"noopener noreferrer\"><strong>P\u00f3ster<\/strong><\/a><\/li>\n<\/ul>\n<p>Las Normas Internacionales de Contabilidad para el Sector P\u00fablico NIC-SP, son un hecho en Am\u00e9rica Latina, Ecuador en su fase de adopci\u00f3n al \u00a02019 emitir\u00e1 sus primeros informes financieros acorde a estas normas internacionales; el rol de las Instituciones de Educaci\u00f3n Superior-IES son primordial en la actualizaci\u00f3n, ense\u00f1anza y adopci\u00f3n, de las 30 IES p\u00fablicas 21 tienen la carrera de CPA o af\u00edn; la investigaci\u00f3n busca demostrar si estas carreras est\u00e1n preparadas en NIC-SP; con financiamiento de la Universidad Estatal de Milagro, se realizaron entrevistas a Directores de carrera, docentes, y profesionales internacionales, se aplic\u00f3 una metodolog\u00eda emp\u00edrico positivista cuantitativa-cualitativa, la muestra elegida son las 21 IES abordando el uso de las NIC-SP en la educaci\u00f3n superior, el resultado principal resalta la necesidad de interactuar con el ente rector de las Finanzas P\u00fablicas en una profunda capacitaci\u00f3n, tanto al personal docente como estudiantes universitarios.<\/p>\n<p>&nbsp;<\/p>\n<p style=\"text-align: right;\"><em>David Richard Pincay-Sanc\u00e1n<sup>1<\/sup><\/em><\/p>\n<p style=\"text-align: right;\"><em>Jazm\u00edn Elsa S\u00e1nchez-Astudillo<sup>2<\/sup><\/em><\/p>\n<p style=\"text-align: right;\"><em>Jos\u00e9 Antonio Flores-Poveda<sup>3<\/sup><\/em><\/p>\n<p style=\"text-align: right;\"><em>Jos\u00e9\u00a0 Calle-Mejia<sup>4<\/sup><\/em><\/p>\n<p>&nbsp;<\/p>\n<ol>\n<li style=\"text-align: right;\">Docente y Director en proyecto de Investigaci\u00f3n de la Universidad Estatal de Milagro, Facultad de Ciencias Administrativas y Comerciales. Master en Tributaci\u00f3n y Finanzas (Ecuador). E-mail:\u00a0 <a href=\"mailto:dav_coco@hotmail.com\">dav_coco@hotmail.com<\/a><\/li>\n<li style=\"text-align: right;\">Docente de la Universidad de Guayaquil-Facultad de Ciencias Administrativas y Comerciales; Directora en Proyectos de Investigaci\u00f3n UNEMI. Master Administraci\u00f3n y Direcci\u00f3n de Empresa (Ecuador). E-mail: <a href=\"mailto:Jazmin_sanchez4@hotmail.com\">Jazmin_sanchez4@hotmail.com<\/a><\/li>\n<li style=\"text-align: right;\">Profesor Titular de la Universidad de Guayaquil \u2013 Facultad de Econom\u00eda. Master en Tributaci\u00f3n y Finanzas (Ecuador). E-mail: <a href=\"mailto:florespj@ug.edu.ec\">florespj@ug.edu.ec<\/a><\/li>\n<li style=\"text-align: right;\">Decano de la Facultad de Ciencias Administrativas y Comerciales de la Universidad de Guayaquil. Magister en Docencia Superior (Ecuador). E-mail: <a href=\"mailto:Jose.calleme@ug.edu.ec\">calleme@ug.edu.ec<\/a><\/li>\n<\/ol>\n","protected":false},"excerpt":{"rendered":"<p>Resumen P\u00f3ster Las Normas Internacionales de Contabilidad para el Sector P\u00fablico NIC-SP, son un hecho en Am\u00e9rica Latina, Ecuador en su fase de adopci\u00f3n al \u00a02019 emitir\u00e1 sus primeros informes financieros acorde a estas normas internacionales; el rol de las &hellip; <a href=\"https:\/\/3ciencias.com\/en\/i-congreso-internacional-online-economia-empresa-sociedad\/comunicaciones\/contabilidad-publica-la-educacion-superior-del-ecuador\/\">leer m\u00e1s <span class=\"meta-nav\">&rarr;<\/span><\/a><\/p>\n","protected":false},"author":2,"featured_media":0,"parent":9374,"menu_order":0,"comment_status":"open","ping_status":"closed","template":"tp-congreso.php","meta":{"_bbp_topic_count":0,"_bbp_reply_count":0,"_bbp_total_topic_count":0,"_bbp_total_reply_count":0,"_bbp_voice_count":0,"_bbp_anonymous_reply_count":0,"_bbp_topic_count_hidden":0,"_bbp_reply_count_hidden":0,"_bbp_forum_subforum_count":0,"_mi_skip_tracking":false,"_monsterinsights_sitenote_active":false,"_monsterinsights_sitenote_note":"","_monsterinsights_sitenote_category":0,"footnotes":""},"acf":[],"_links":{"self":[{"href":"https:\/\/3ciencias.com\/en\/wp-json\/wp\/v2\/pages\/9283"}],"collection":[{"href":"https:\/\/3ciencias.com\/en\/wp-json\/wp\/v2\/pages"}],"about":[{"href":"https:\/\/3ciencias.com\/en\/wp-json\/wp\/v2\/types\/page"}],"author":[{"embeddable":true,"href":"https:\/\/3ciencias.com\/en\/wp-json\/wp\/v2\/users\/2"}],"replies":[{"embeddable":true,"href":"https:\/\/3ciencias.com\/en\/wp-json\/wp\/v2\/comments?post=9283"}],"version-history":[{"count":0,"href":"https:\/\/3ciencias.com\/en\/wp-json\/wp\/v2\/pages\/9283\/revisions"}],"up":[{"embeddable":true,"href":"https:\/\/3ciencias.com\/en\/wp-json\/wp\/v2\/pages\/9374"}],"wp:attachment":[{"href":"https:\/\/3ciencias.com\/en\/wp-json\/wp\/v2\/media?parent=9283"}],"curies":[{"name":"wp","href":"https:\/\/api.w.org\/{rel}","templated":true}]}}