{"id":9282,"date":"2017-04-26T12:14:32","date_gmt":"2017-04-26T10:14:32","guid":{"rendered":"https:\/\/3ciencias.com\/8724-2\/"},"modified":"2017-04-26T12:14:32","modified_gmt":"2017-04-26T10:14:32","slug":"8724-2","status":"publish","type":"page","link":"https:\/\/3ciencias.com\/en\/i-congreso-internacional-online-economia-empresa-sociedad\/intervenciones-profesionales\/8724-2\/","title":{"rendered":"Auditor\u00eda y la RSC"},"content":{"rendered":"<p>&nbsp;<\/p>\n<p><iframe loading=\"lazy\" width=\"584\" height=\"329\" src=\"https:\/\/www.youtube.com\/embed\/u2VfFM7p66s?feature=oembed\" frameborder=\"0\" allowfullscreen><\/iframe><\/p>\n<p>Ponencia realizada por <strong>M\u00aa Consuelo Pucheta-Mart\u00ednez e Inmaculada Bel-Oms<\/strong> con el t\u00edtulo de la comunicaci\u00f3n &#8220;<strong>Auditor\u00eda y la responsabilidad social corporativa de las empresas: el efecto de las grandes firmas de auditor\u00eda y los honorarios de los servicios de auditor\u00eda y servicios adicionales a la auditor\u00eda<\/strong>&#8220;.<\/p>\n<h1><\/h1>\n","protected":false},"excerpt":{"rendered":"<p>&nbsp; Ponencia realizada por M\u00aa Consuelo Pucheta-Mart\u00ednez e Inmaculada Bel-Oms con el t\u00edtulo de la comunicaci\u00f3n &#8220;Auditor\u00eda y la responsabilidad social corporativa de las empresas: el efecto de las grandes firmas de auditor\u00eda y los honorarios de los servicios de &hellip; <a href=\"https:\/\/3ciencias.com\/en\/i-congreso-internacional-online-economia-empresa-sociedad\/intervenciones-profesionales\/8724-2\/\">leer m\u00e1s <span class=\"meta-nav\">&rarr;<\/span><\/a><\/p>\n","protected":false},"author":2,"featured_media":0,"parent":9375,"menu_order":0,"comment_status":"open","ping_status":"closed","template":"tp-congreso.php","meta":{"_bbp_topic_count":0,"_bbp_reply_count":0,"_bbp_total_topic_count":0,"_bbp_total_reply_count":0,"_bbp_voice_count":0,"_bbp_anonymous_reply_count":0,"_bbp_topic_count_hidden":0,"_bbp_reply_count_hidden":0,"_bbp_forum_subforum_count":0,"_mi_skip_tracking":false,"_monsterinsights_sitenote_active":false,"_monsterinsights_sitenote_note":"","_monsterinsights_sitenote_category":0,"footnotes":""},"acf":[],"_links":{"self":[{"href":"https:\/\/3ciencias.com\/en\/wp-json\/wp\/v2\/pages\/9282"}],"collection":[{"href":"https:\/\/3ciencias.com\/en\/wp-json\/wp\/v2\/pages"}],"about":[{"href":"https:\/\/3ciencias.com\/en\/wp-json\/wp\/v2\/types\/page"}],"author":[{"embeddable":true,"href":"https:\/\/3ciencias.com\/en\/wp-json\/wp\/v2\/users\/2"}],"replies":[{"embeddable":true,"href":"https:\/\/3ciencias.com\/en\/wp-json\/wp\/v2\/comments?post=9282"}],"version-history":[{"count":0,"href":"https:\/\/3ciencias.com\/en\/wp-json\/wp\/v2\/pages\/9282\/revisions"}],"up":[{"embeddable":true,"href":"https:\/\/3ciencias.com\/en\/wp-json\/wp\/v2\/pages\/9375"}],"wp:attachment":[{"href":"https:\/\/3ciencias.com\/en\/wp-json\/wp\/v2\/media?parent=9282"}],"curies":[{"name":"wp","href":"https:\/\/api.w.org\/{rel}","templated":true}]}}